{"id":2254,"date":"2025-05-21T11:14:50","date_gmt":"2025-05-21T09:14:50","guid":{"rendered":"https:\/\/www.sagasta.cz\/services\/environment\/"},"modified":"2025-12-16T17:54:13","modified_gmt":"2025-12-16T16:54:13","slug":"environment","status":"publish","type":"page","link":"https:\/\/www.sagasta.cz\/en\/services\/environment\/","title":{"rendered":"Environment"},"content":{"rendered":"\t\t<div data-elementor-type=\"wp-page\" data-elementor-id=\"2254\" class=\"elementor elementor-2254 elementor-537\" data-elementor-post-type=\"page\">\n\t\t\t\t<div class=\"elementor-element elementor-element-43a39df e-flex e-con-boxed e-con e-parent\" data-id=\"43a39df\" data-element_type=\"container\" data-e-type=\"container\" data-settings=\"{&quot;background_background&quot;:&quot;classic&quot;}\">\n\t\t\t\t\t<div class=\"e-con-inner\">\n\t\t\t\t\t<\/div>\n\t\t\t\t<\/div>\n\t\t<div class=\"elementor-element elementor-element-1cf8f2c e-flex e-con-boxed e-con e-parent\" data-id=\"1cf8f2c\" data-element_type=\"container\" data-e-type=\"container\">\n\t\t\t\t\t<div class=\"e-con-inner\">\n\t\t\t\t<div class=\"elementor-element elementor-element-cb99ee7 elementor-cta--valign-middle elementor-cta--skin-classic elementor-animated-content elementor-bg-transform elementor-bg-transform-zoom-in elementor-widget elementor-widget-call-to-action\" data-id=\"cb99ee7\" data-element_type=\"widget\" data-e-type=\"widget\" data-widget_type=\"call-to-action.default\">\n\t\t\t\t<div class=\"elementor-widget-container\">\n\t\t\t\t\t\t\t<div class=\"elementor-cta\">\n\t\t\t\t\t\t\t<div class=\"elementor-cta__content\">\n\t\t\t\t\t\t\t\t\t<div class=\"elementor-content-item elementor-cta__content-item elementor-icon-wrapper elementor-cta__icon elementor-view-default\">\n\t\t\t\t\t\t<div class=\"elementor-icon\">\n\t\t\t\t\t\t\t<svg xmlns=\"http:\/\/www.w3.org\/2000\/svg\" width=\"75.875\" height=\"73.125\" viewBox=\"0 0 75.875 73.125\"><g id=\"Group_48\" data-name=\"Group 48\" transform=\"translate(0.001 -9.278)\"><g id=\"Group_47\" data-name=\"Group 47\" transform=\"translate(-0.001 9.278)\"><path id=\"Path_187\" data-name=\"Path 187\" d=\"M96.527,28.107a16.76,16.76,0,0,1,8.764,3.96,24.264,24.264,0,0,0,14.922,5.961q.507.021,1.012.021A24.2,24.2,0,0,0,140.3,28.737a30.324,30.324,0,0,1,4.01,4.39,1.482,1.482,0,1,0,2.375-1.773,33.354,33.354,0,0,0-5.357-5.645,24.292,24.292,0,0,0-3.544-6.739,23.862,23.862,0,0,0-12.623-8.743,24.472,24.472,0,0,0-15.085.514,1.482,1.482,0,0,0,1.018,2.783,21.485,21.485,0,0,1,13.245-.45,20.922,20.922,0,0,1,11.068,7.666c.39.523.75,1.063,1.088,1.613-.421-.24-.846-.474-1.277-.7a32.7,32.7,0,0,0-13.784-3.6l-3.371-2.972A1.482,1.482,0,0,0,116.1,17.3l.975.86a32.993,32.993,0,0,0-6.624,1.3,1.482,1.482,0,0,0,.864,2.835,30.413,30.413,0,0,1,16.414-.341l-3.563,2.922a1.482,1.482,0,1,0,1.879,2.292l5.031-4.126A29.78,29.78,0,0,1,138,26.866a21.241,21.241,0,0,1-30.759,2.973A19.574,19.574,0,0,0,98.711,25.5a21.079,21.079,0,0,1,2.527-4.565,1.482,1.482,0,1,0-2.4-1.745A24.117,24.117,0,0,0,95.319,26.2a1.482,1.482,0,0,0,1.209,1.91Z\" transform=\"translate(-81.137 -9.278)\" fill=\"#fff\"><\/path><path id=\"Path_188\" data-name=\"Path 188\" d=\"M29.564,207.757A24.214,24.214,0,0,0,9.177,179.1a30.318,30.318,0,0,1,1.8-5.664,1.482,1.482,0,1,0-2.723-1.17,33.358,33.358,0,0,0-2.21,7.462,24.3,24.3,0,0,0-4.064,6.438,24.218,24.218,0,0,0,22.19,33.751,24.275,24.275,0,0,0,5.3-.589,1.482,1.482,0,0,0,1.05-2A16.764,16.764,0,0,1,29.564,207.757Zm-13.641,7.5A21.26,21.26,0,0,1,4.7,187.34c.259-.6.545-1.181.852-1.749,0,.485.012.97.036,1.454a32.7,32.7,0,0,0,3.772,13.739l-.888,4.406a1.482,1.482,0,1,0,2.9.586l.257-1.274a33,33,0,0,0,4.434,5.089,1.482,1.482,0,0,0,2.023-2.166,30.412,30.412,0,0,1-8.5-14.044L13.9,195a1.482,1.482,0,0,0,1.045-2.773l-6.089-2.294a29.777,29.777,0,0,1-.15-7.91,21.241,21.241,0,0,1,17.954,25.152,19.573,19.573,0,0,0,.509,9.559A20.953,20.953,0,0,1,15.923,215.259Z\" transform=\"translate(0.001 -147.352)\" fill=\"#fff\"><\/path><path id=\"Path_189\" data-name=\"Path 189\" d=\"M292.433,230.564a23.936,23.936,0,0,0-6.19-13.408,1.482,1.482,0,0,0-2.259.091,16.761,16.761,0,0,1-7.811,5.61,24.214,24.214,0,0,0-14.623,31.984,30.311,30.311,0,0,1-5.8,1.277,1.482,1.482,0,0,0,.172,2.953,1.512,1.512,0,0,0,.176-.01,33.351,33.351,0,0,0,7.57-1.818,24.078,24.078,0,0,0,4.732.47,24.789,24.789,0,0,0,2.873-.168,24.224,24.224,0,0,0,21.164-26.98Zm-7.361,16.1a21,21,0,0,1-14.147,7.932c-.648.076-1.3.119-1.941.136.419-.245.834-.5,1.241-.758a32.7,32.7,0,0,0,10.013-10.136l4.259-1.433a1.482,1.482,0,1,0-.945-2.809l-1.232.415a32.992,32.992,0,0,0,2.19-6.384,1.482,1.482,0,1,0-2.887-.669,30.411,30.411,0,0,1-7.912,14.385l-.749-4.546a1.482,1.482,0,1,0-2.924.482l1.058,6.42a29.779,29.779,0,0,1-6.775,4.085,21.241,21.241,0,0,1,12.8-28.125,19.572,19.572,0,0,0,8.024-5.221,20.949,20.949,0,0,1,4.341,10.477A21.181,21.181,0,0,1,285.073,246.669Z\" transform=\"translate(-216.738 -185.946)\" fill=\"#fff\"><\/path><circle id=\"Ellipse_7\" data-name=\"Ellipse 7\" cx=\"1.482\" cy=\"1.482\" r=\"1.482\" transform=\"translate(22.105 4.558)\" fill=\"#fff\"><\/circle><\/g><\/g><\/svg>\t\t\t\t\t\t<\/div>\n\t\t\t\t\t<\/div>\n\t\t\t\t\n\t\t\t\t\n\t\t\t\t\t\t\t\t\t<div class=\"elementor-cta__description elementor-cta__content-item elementor-content-item\">\n\t\t\t\t\t\tAt SAGASTA, we consider sustainability a&nbsp;key part of construction. Thanks to this, we are able to create resilient and functional structures that we can proudly pass on to future generations.  \n\nWe offer you many years of experience and a&nbsp;range of environmental certifications on which we build our projects and consultations. \n\nYou can rely on our expertise from the preparation phase all the way through to project delivery. We place great emphasis on responsible planning and consideration for the environment \u2192 this helps us minimise negative impacts on nature, reduce costs and strengthen the trust of customers and the wider public.  \n\nWe applied this in practice, for example, when designing the new vehicle depot hall JHV St\u0159e\u0161ovice, which was created with respect for the surrounding landscape.\t\t\t\t\t<\/div>\n\t\t\t\t\n\t\t\t\t\t\t\t<\/div>\n\t\t\t\t\t\t<\/div>\n\t\t\t\t\t\t<\/div>\n\t\t\t\t<\/div>\n\t\t<div class=\"elementor-element elementor-element-1bc6df9 e-con-full e-flex e-con e-child\" data-id=\"1bc6df9\" data-element_type=\"container\" data-e-type=\"container\">\n\t\t<div class=\"elementor-element elementor-element-1f34af9 e-con-full e-flex e-con e-child\" data-id=\"1f34af9\" data-element_type=\"container\" data-e-type=\"container\" data-settings=\"{&quot;background_background&quot;:&quot;classic&quot;}\">\n\t\t\t\t<div class=\"elementor-element elementor-element-972de72 elementor-widget elementor-widget-text-editor\" data-id=\"972de72\" data-element_type=\"widget\" data-e-type=\"widget\" data-widget_type=\"text-editor.default\">\n\t\t\t\t<div class=\"elementor-widget-container\">\n\t\t\t\t\t\t\t\t\t<h3> We also provide<\/h3><ul><li><span style=\"background-color: transparent;\">Project preparation<\/span><\/li><li><span style=\"background-color: transparent;\">Implementation and operation<\/span><\/li><li>Authorisations<\/li><li>Certifications and attestations<\/li><\/ul>\t\t\t\t\t\t\t\t<\/div>\n\t\t\t\t<\/div>\n\t\t\t\t<\/div>\n\t\t<div class=\"elementor-element elementor-element-34bff77 e-con-full e-flex e-con e-child\" data-id=\"34bff77\" data-element_type=\"container\" data-e-type=\"container\" data-settings=\"{&quot;background_background&quot;:&quot;classic&quot;}\">\n\t\t\t\t<div class=\"elementor-element elementor-element-1d18377 elementor-widget elementor-widget-text-editor\" data-id=\"1d18377\" data-element_type=\"widget\" data-e-type=\"widget\" data-widget_type=\"text-editor.default\">\n\t\t\t\t<div class=\"elementor-widget-container\">\n\t\t\t\t\t\t\t\t\t<h3>Our achievements<\/h3><p><a href=\"https:\/\/www.facebook.com\/story.php?story_fbid=590176273532171&amp;id=100076194090618\" target=\"_blank\" rel=\"noopener\">We won the award of the main partner of EGOE in the Building of the Year 2024 competition for the reconstruction of the station building at Praha\u2013Radot\u00edn.<\/a><\/p><p><a href=\"https:\/\/www.sagasta.cz\/en\/sagasta-s-r-o-has-become-a-new-partner-of-the-vrt-cz-project\/\">We were selected as one of the key partners in the ambitious project of constructing the Czech Republic\u2019s high-speed railway network.<\/a><\/p>\t\t\t\t\t\t\t\t<\/div>\n\t\t\t\t<\/div>\n\t\t\t\t<\/div>\n\t\t\t\t<\/div>\n\t\t<div class=\"elementor-element elementor-element-afe36b0 e-con-full e-flex e-con e-child\" data-id=\"afe36b0\" data-element_type=\"container\" data-e-type=\"container\" data-settings=\"{&quot;background_background&quot;:&quot;classic&quot;}\">\n\t\t\t\t<div class=\"elementor-element elementor-element-f0f1a88 elementor-widget elementor-widget-heading\" data-id=\"f0f1a88\" data-element_type=\"widget\" data-e-type=\"widget\" data-widget_type=\"heading.default\">\n\t\t\t\t<div class=\"elementor-widget-container\">\n\t\t\t\t\t<h3 class=\"elementor-heading-title elementor-size-default\">Selection of our projects<\/h3>\t\t\t\t<\/div>\n\t\t\t\t<\/div>\n\t\t<div class=\"elementor-element elementor-element-4cb5c42 e-grid e-con-full e-con e-child\" data-id=\"4cb5c42\" data-element_type=\"container\" data-e-type=\"container\">\n\t\t\t\t<div class=\"elementor-element elementor-element-26546b3 elementor-position-top elementor-widget elementor-widget-image-box\" data-id=\"26546b3\" data-element_type=\"widget\" data-e-type=\"widget\" data-widget_type=\"image-box.default\">\n\t\t\t\t<div class=\"elementor-widget-container\">\n\t\t\t\t\t<div class=\"elementor-image-box-wrapper\"><figure class=\"elementor-image-box-img\"><a href=\"#\" tabindex=\"-1\"><img fetchpriority=\"high\" decoding=\"async\" width=\"730\" height=\"455\" src=\"https:\/\/www.sagasta.cz\/wp-content\/uploads\/2025\/07\/projekty-batelov.webp\" class=\"attachment-full size-full wp-image-2182\" alt=\"Batelov\" srcset=\"https:\/\/www.sagasta.cz\/wp-content\/uploads\/2025\/07\/projekty-batelov.webp 730w, https:\/\/www.sagasta.cz\/wp-content\/uploads\/2025\/07\/projekty-batelov-300x187.webp 300w\" sizes=\"(max-width: 730px) 100vw, 730px\" \/><\/a><\/figure><div class=\"elementor-image-box-content\"><h4 class=\"elementor-image-box-title\"><a href=\"#\">Batelov<\/a><\/h4><\/div><\/div>\t\t\t\t<\/div>\n\t\t\t\t<\/div>\n\t\t\t\t<div class=\"elementor-element elementor-element-740abc3 elementor-position-top elementor-widget elementor-widget-image-box\" data-id=\"740abc3\" data-element_type=\"widget\" data-e-type=\"widget\" data-widget_type=\"image-box.default\">\n\t\t\t\t<div class=\"elementor-widget-container\">\n\t\t\t\t\t<div class=\"elementor-image-box-wrapper\"><figure class=\"elementor-image-box-img\"><a href=\"#\" tabindex=\"-1\"><img decoding=\"async\" width=\"496\" height=\"294\" src=\"https:\/\/www.sagasta.cz\/wp-content\/uploads\/2025\/07\/projekty-cb.webp\" class=\"attachment-full size-full wp-image-2183\" alt=\"\" srcset=\"https:\/\/www.sagasta.cz\/wp-content\/uploads\/2025\/07\/projekty-cb.webp 496w, https:\/\/www.sagasta.cz\/wp-content\/uploads\/2025\/07\/projekty-cb-300x178.webp 300w\" sizes=\"(max-width: 496px) 100vw, 496px\" \/><\/a><\/figure><div class=\"elementor-image-box-content\"><h4 class=\"elementor-image-box-title\"><a href=\"#\">\u010cesk\u00e9 Bud\u011bjovice<\/a><\/h4><\/div><\/div>\t\t\t\t<\/div>\n\t\t\t\t<\/div>\n\t\t\t\t<div class=\"elementor-element elementor-element-05f818a elementor-position-top elementor-widget elementor-widget-image-box\" data-id=\"05f818a\" data-element_type=\"widget\" data-e-type=\"widget\" data-widget_type=\"image-box.default\">\n\t\t\t\t<div class=\"elementor-widget-container\">\n\t\t\t\t\t<div class=\"elementor-image-box-wrapper\"><figure class=\"elementor-image-box-img\"><a href=\"#\" tabindex=\"-1\"><img decoding=\"async\" src=\"https:\/\/www.sagasta.cz\/wp-content\/uploads\/2025\/05\/plzen-jizni-predmesti-1-img.webp\" title=\"\" alt=\"Realizace Plze\u0148 Ji\u017en\u00ed P\u0159edm\u011bst\u00ed\" loading=\"lazy\" \/><\/a><\/figure><div class=\"elementor-image-box-content\"><h4 class=\"elementor-image-box-title\"><a href=\"#\">D\u011btmarovice - Petrovice u&nbsp;K.<\/a><\/h4><\/div><\/div>\t\t\t\t<\/div>\n\t\t\t\t<\/div>\n\t\t\t\t<div class=\"elementor-element elementor-element-fab6c51 elementor-position-top elementor-widget elementor-widget-image-box\" data-id=\"fab6c51\" data-element_type=\"widget\" data-e-type=\"widget\" data-widget_type=\"image-box.default\">\n\t\t\t\t<div class=\"elementor-widget-container\">\n\t\t\t\t\t<div class=\"elementor-image-box-wrapper\"><figure class=\"elementor-image-box-img\"><a href=\"#\" tabindex=\"-1\"><img decoding=\"async\" src=\"https:\/\/www.sagasta.cz\/wp-content\/uploads\/2025\/05\/plzen-jizni-predmesti-1-img.webp\" title=\"\" alt=\"Realizace Plze\u0148 Ji\u017en\u00ed P\u0159edm\u011bst\u00ed\" loading=\"lazy\" \/><\/a><\/figure><div class=\"elementor-image-box-content\"><h4 class=\"elementor-image-box-title\"><a href=\"#\">Mlad\u00e1 Boleslav<\/a><\/h4><\/div><\/div>\t\t\t\t<\/div>\n\t\t\t\t<\/div>\n\t\t\t\t<div class=\"elementor-element elementor-element-4d73cd6 elementor-position-top elementor-widget elementor-widget-image-box\" data-id=\"4d73cd6\" data-element_type=\"widget\" data-e-type=\"widget\" data-widget_type=\"image-box.default\">\n\t\t\t\t<div class=\"elementor-widget-container\">\n\t\t\t\t\t<div class=\"elementor-image-box-wrapper\"><figure class=\"elementor-image-box-img\"><a href=\"https:\/\/www.sagasta.cz\/en\/projects\/revitalisation-and-electrification-of-oldrichov-u-duchova-litvinov-line-oldrichov-litvinov-line\/\" tabindex=\"-1\"><img decoding=\"async\" src=\"https:\/\/www.sagasta.cz\/wp-content\/uploads\/2025\/05\/oldrichov-litvinov-1-img.webp\" title=\"\" alt=\"Realizace Old\u0159ichov-Litv\u00ednov\" loading=\"lazy\" \/><\/a><\/figure><div class=\"elementor-image-box-content\"><h4 class=\"elementor-image-box-title\"><a href=\"https:\/\/www.sagasta.cz\/en\/projects\/revitalisation-and-electrification-of-oldrichov-u-duchova-litvinov-line-oldrichov-litvinov-line\/\">Old\u0159ichov u&nbsp;Duchova - Litv\u00ednov<\/a><\/h4><\/div><\/div>\t\t\t\t<\/div>\n\t\t\t\t<\/div>\n\t\t\t\t<div class=\"elementor-element elementor-element-dcdabcd elementor-position-top elementor-widget elementor-widget-image-box\" data-id=\"dcdabcd\" data-element_type=\"widget\" data-e-type=\"widget\" data-widget_type=\"image-box.default\">\n\t\t\t\t<div class=\"elementor-widget-container\">\n\t\t\t\t\t<div class=\"elementor-image-box-wrapper\"><figure class=\"elementor-image-box-img\"><a href=\"#\" tabindex=\"-1\"><img decoding=\"async\" src=\"https:\/\/www.sagasta.cz\/wp-content\/uploads\/2025\/05\/plzen-jizni-predmesti-1-img.webp\" title=\"\" alt=\"Realizace Plze\u0148 Ji\u017en\u00ed P\u0159edm\u011bst\u00ed\" loading=\"lazy\" \/><\/a><\/figure><div class=\"elementor-image-box-content\"><h4 class=\"elementor-image-box-title\"><a href=\"#\">Osek - Moldava<\/a><\/h4><\/div><\/div>\t\t\t\t<\/div>\n\t\t\t\t<\/div>\n\t\t\t\t<div class=\"elementor-element elementor-element-c1607aa elementor-position-top elementor-widget elementor-widget-image-box\" data-id=\"c1607aa\" data-element_type=\"widget\" data-e-type=\"widget\" data-widget_type=\"image-box.default\">\n\t\t\t\t<div class=\"elementor-widget-container\">\n\t\t\t\t\t<div class=\"elementor-image-box-wrapper\"><figure class=\"elementor-image-box-img\"><a href=\"#\" tabindex=\"-1\"><img decoding=\"async\" src=\"https:\/\/www.sagasta.cz\/wp-content\/uploads\/2025\/05\/plzen-jizni-predmesti-1-img.webp\" title=\"\" alt=\"Realizace Plze\u0148 Ji\u017en\u00ed P\u0159edm\u011bst\u00ed\" loading=\"lazy\" \/><\/a><\/figure><div class=\"elementor-image-box-content\"><h4 class=\"elementor-image-box-title\"><a href=\"#\">P\u0159ibyslav - Pohled<\/a><\/h4><\/div><\/div>\t\t\t\t<\/div>\n\t\t\t\t<\/div>\n\t\t\t\t<div class=\"elementor-element elementor-element-fa688dc elementor-position-top elementor-widget elementor-widget-image-box\" data-id=\"fa688dc\" data-element_type=\"widget\" data-e-type=\"widget\" data-widget_type=\"image-box.default\">\n\t\t\t\t<div class=\"elementor-widget-container\">\n\t\t\t\t\t<div class=\"elementor-image-box-wrapper\"><figure class=\"elementor-image-box-img\"><a href=\"https:\/\/www.sagasta.cz\/en\/projects\/construction-of-the-rajhrad-branch-rajhrad\/\" tabindex=\"-1\"><img decoding=\"async\" src=\"https:\/\/www.sagasta.cz\/wp-content\/uploads\/2025\/05\/rajhrad-1-img.webp\" title=\"\" alt=\"Realizace Rajhrad\" loading=\"lazy\" \/><\/a><\/figure><div class=\"elementor-image-box-content\"><h4 class=\"elementor-image-box-title\"><a href=\"https:\/\/www.sagasta.cz\/en\/projects\/construction-of-the-rajhrad-branch-rajhrad\/\">Rajhrad<\/a><\/h4><\/div><\/div>\t\t\t\t<\/div>\n\t\t\t\t<\/div>\n\t\t\t\t<div class=\"elementor-element elementor-element-441288f elementor-position-top elementor-widget elementor-widget-image-box\" data-id=\"441288f\" data-element_type=\"widget\" data-e-type=\"widget\" data-widget_type=\"image-box.default\">\n\t\t\t\t<div class=\"elementor-widget-container\">\n\t\t\t\t\t<div class=\"elementor-image-box-wrapper\"><figure class=\"elementor-image-box-img\"><a href=\"#\" tabindex=\"-1\"><img decoding=\"async\" src=\"https:\/\/www.sagasta.cz\/wp-content\/uploads\/2025\/05\/plzen-jizni-predmesti-1-img.webp\" title=\"\" alt=\"Realizace Plze\u0148 Ji\u017en\u00ed P\u0159edm\u011bst\u00ed\" loading=\"lazy\" \/><\/a><\/figure><div class=\"elementor-image-box-content\"><h4 class=\"elementor-image-box-title\"><a href=\"#\">Semily<\/a><\/h4><\/div><\/div>\t\t\t\t<\/div>\n\t\t\t\t<\/div>\n\t\t\t\t<\/div>\n\t\t\t\t<\/div>\n\t\t<div class=\"elementor-element elementor-element-1923bab e-con-full e-flex e-con e-child\" data-id=\"1923bab\" data-element_type=\"container\" data-e-type=\"container\">\n\t\t\t\t<div class=\"elementor-element elementor-element-eb5b07e elementor-widget elementor-widget-heading\" data-id=\"eb5b07e\" data-element_type=\"widget\" data-e-type=\"widget\" data-widget_type=\"heading.default\">\n\t\t\t\t<div class=\"elementor-widget-container\">\n\t\t\t\t\t<h3 class=\"elementor-heading-title elementor-size-default\">Related articles<\/h3>\t\t\t\t<\/div>\n\t\t\t\t<\/div>\n\t\t\t\t<\/div>\n\t\t\t\t\t<\/div>\n\t\t\t\t<\/div>\n\t\t<div class=\"elementor-element elementor-element-3155348 e-con-full e-flex e-con e-parent\" data-id=\"3155348\" data-element_type=\"container\" data-e-type=\"container\">\n\t\t\t\t<div class=\"elementor-element elementor-element-ab9bdb5 elementor-widget elementor-widget-template\" data-id=\"ab9bdb5\" data-element_type=\"widget\" data-e-type=\"widget\" data-widget_type=\"template.default\">\n\t\t\t\t<div class=\"elementor-widget-container\">\n\t\t\t\t\t\t\t<div class=\"elementor-template\">\n\t\t\t\t\t<div data-elementor-type=\"container\" data-elementor-id=\"2395\" class=\"elementor elementor-2395 elementor-813 elementor-813\" data-elementor-post-type=\"elementor_library\">\n\t\t\t\t<div class=\"elementor-element elementor-element-23acc4e7 e-grid e-con-boxed e-con e-parent\" data-id=\"23acc4e7\" data-element_type=\"container\" data-e-type=\"container\" data-settings=\"{&quot;background_background&quot;:&quot;classic&quot;}\">\n\t\t\t\t\t<div class=\"e-con-inner\">\n\t\t\t\t<div class=\"elementor-element elementor-element-294fe4ad elementor-widget elementor-widget-counter\" data-id=\"294fe4ad\" data-element_type=\"widget\" data-e-type=\"widget\" data-widget_type=\"counter.default\">\n\t\t\t\t<div class=\"elementor-widget-container\">\n\t\t\t\t\t\t\t<div class=\"elementor-counter\">\n\t\t\t<div class=\"elementor-counter-title\">Years on the Market<\/div>\t\t\t<div class=\"elementor-counter-number-wrapper\">\n\t\t\t\t<span class=\"elementor-counter-number-prefix\"><\/span>\n\t\t\t\t<span class=\"elementor-counter-number\" data-duration=\"2000\" data-to-value=\"10\" data-from-value=\"0\" data-delimiter=\",\">0<\/span>\n\t\t\t\t<span class=\"elementor-counter-number-suffix\"><\/span>\n\t\t\t<\/div>\n\t\t<\/div>\n\t\t\t\t\t\t<\/div>\n\t\t\t\t<\/div>\n\t\t\t\t<div class=\"elementor-element elementor-element-3e1cd1e0 elementor-widget elementor-widget-counter\" data-id=\"3e1cd1e0\" data-element_type=\"widget\" data-e-type=\"widget\" data-widget_type=\"counter.default\">\n\t\t\t\t<div class=\"elementor-widget-container\">\n\t\t\t\t\t\t\t<div class=\"elementor-counter\">\n\t\t\t<div class=\"elementor-counter-title\">Employees<\/div>\t\t\t<div class=\"elementor-counter-number-wrapper\">\n\t\t\t\t<span class=\"elementor-counter-number-prefix\"><\/span>\n\t\t\t\t<span class=\"elementor-counter-number\" data-duration=\"2000\" data-to-value=\"220\" data-from-value=\"0\" data-delimiter=\",\">0<\/span>\n\t\t\t\t<span class=\"elementor-counter-number-suffix\"><\/span>\n\t\t\t<\/div>\n\t\t<\/div>\n\t\t\t\t\t\t<\/div>\n\t\t\t\t<\/div>\n\t\t\t\t<div class=\"elementor-element elementor-element-2720ff4f elementor-widget elementor-widget-counter\" data-id=\"2720ff4f\" data-element_type=\"widget\" data-e-type=\"widget\" data-widget_type=\"counter.default\">\n\t\t\t\t<div class=\"elementor-widget-container\">\n\t\t\t\t\t\t\t<div class=\"elementor-counter\">\n\t\t\t<div class=\"elementor-counter-title\">Projects<\/div>\t\t\t<div class=\"elementor-counter-number-wrapper\">\n\t\t\t\t<span class=\"elementor-counter-number-prefix\"><\/span>\n\t\t\t\t<span class=\"elementor-counter-number\" data-duration=\"2000\" data-to-value=\"1000\" data-from-value=\"0\" data-delimiter=\" \">0<\/span>\n\t\t\t\t<span class=\"elementor-counter-number-suffix\">+<\/span>\n\t\t\t<\/div>\n\t\t<\/div>\n\t\t\t\t\t\t<\/div>\n\t\t\t\t<\/div>\n\t\t\t\t<div class=\"elementor-element elementor-element-ad069aa elementor-widget elementor-widget-counter\" data-id=\"ad069aa\" data-element_type=\"widget\" data-e-type=\"widget\" data-widget_type=\"counter.default\">\n\t\t\t\t<div class=\"elementor-widget-container\">\n\t\t\t\t\t\t\t<div class=\"elementor-counter\">\n\t\t\t<div class=\"elementor-counter-title\">Turnover for 2024<\/div>\t\t\t<div class=\"elementor-counter-number-wrapper\">\n\t\t\t\t<span class=\"elementor-counter-number-prefix\"><\/span>\n\t\t\t\t<span class=\"elementor-counter-number\" data-duration=\"2000\" data-to-value=\"520000000\" data-from-value=\"0\" data-delimiter=\" \">0<\/span>\n\t\t\t\t<span class=\"elementor-counter-number-suffix\"><\/span>\n\t\t\t<\/div>\n\t\t<\/div>\n\t\t\t\t\t\t<\/div>\n\t\t\t\t<\/div>\n\t\t\t\t\t<\/div>\n\t\t\t\t<\/div>\n\t\t\t\t<\/div>\n\t\t\t\t<\/div>\n\t\t\t\t\t\t<\/div>\n\t\t\t\t<\/div>\n\t\t\t\t<\/div>\n\t\t\t\t<\/div>\n\t\t","protected":false},"excerpt":{"rendered":"<p>At SAGASTA, we consider sustainability a&nbsp;key part of construction. Thanks to this, we are able to create resilient and functional structures that we can proudly pass on to future generations. We offer you many years of experience and a&nbsp;range of environmental certifications on which we build our projects and consultations. You can rely on our [&hellip;]<\/p>\n","protected":false},"author":2,"featured_media":0,"parent":2141,"menu_order":0,"comment_status":"closed","ping_status":"closed","template":"elementor_header_footer","meta":{"footnotes":"","_links_to":"","_links_to_target":""},"class_list":["post-2254","page","type-page","status-publish","hentry"],"_links":{"self":[{"href":"https:\/\/www.sagasta.cz\/en\/wp-json\/wp\/v2\/pages\/2254","targetHints":{"allow":["GET"]}}],"collection":[{"href":"https:\/\/www.sagasta.cz\/en\/wp-json\/wp\/v2\/pages"}],"about":[{"href":"https:\/\/www.sagasta.cz\/en\/wp-json\/wp\/v2\/types\/page"}],"author":[{"embeddable":true,"href":"https:\/\/www.sagasta.cz\/en\/wp-json\/wp\/v2\/users\/2"}],"replies":[{"embeddable":true,"href":"https:\/\/www.sagasta.cz\/en\/wp-json\/wp\/v2\/comments?post=2254"}],"version-history":[{"count":0,"href":"https:\/\/www.sagasta.cz\/en\/wp-json\/wp\/v2\/pages\/2254\/revisions"}],"up":[{"embeddable":true,"href":"https:\/\/www.sagasta.cz\/en\/wp-json\/wp\/v2\/pages\/2141"}],"wp:attachment":[{"href":"https:\/\/www.sagasta.cz\/en\/wp-json\/wp\/v2\/media?parent=2254"}],"curies":[{"name":"wp","href":"https:\/\/api.w.org\/{rel}","templated":true}]}}