{"id":2252,"date":"2025-05-21T11:06:34","date_gmt":"2025-05-21T09:06:34","guid":{"rendered":"https:\/\/www.sagasta.cz\/services\/railway-constructions\/"},"modified":"2025-12-16T17:45:02","modified_gmt":"2025-12-16T16:45:02","slug":"railway-constructions","status":"publish","type":"page","link":"https:\/\/www.sagasta.cz\/en\/services\/railway-constructions\/","title":{"rendered":"Railway Constructions"},"content":{"rendered":"\t\t<div data-elementor-type=\"wp-page\" data-elementor-id=\"2252\" class=\"elementor elementor-2252 elementor-521\" data-elementor-post-type=\"page\">\n\t\t\t\t<div class=\"elementor-element elementor-element-db89099 e-flex e-con-boxed e-con e-parent\" data-id=\"db89099\" data-element_type=\"container\" data-e-type=\"container\" data-settings=\"{&quot;background_background&quot;:&quot;classic&quot;}\">\n\t\t\t\t\t<div class=\"e-con-inner\">\n\t\t\t\t\t<\/div>\n\t\t\t\t<\/div>\n\t\t<div class=\"elementor-element elementor-element-63d8278 e-flex e-con-boxed e-con e-parent\" data-id=\"63d8278\" data-element_type=\"container\" data-e-type=\"container\">\n\t\t\t\t\t<div class=\"e-con-inner\">\n\t\t\t\t<div class=\"elementor-element elementor-element-1bee51c elementor-cta--valign-middle elementor-cta--skin-classic elementor-animated-content elementor-bg-transform elementor-bg-transform-zoom-in elementor-widget elementor-widget-call-to-action\" data-id=\"1bee51c\" data-element_type=\"widget\" data-e-type=\"widget\" data-widget_type=\"call-to-action.default\">\n\t\t\t\t<div class=\"elementor-widget-container\">\n\t\t\t\t\t\t\t<div class=\"elementor-cta\">\n\t\t\t\t\t\t\t<div class=\"elementor-cta__content\">\n\t\t\t\t\t\t\t\t\t<div class=\"elementor-content-item elementor-cta__content-item elementor-icon-wrapper elementor-cta__icon elementor-view-default\">\n\t\t\t\t\t\t<div class=\"elementor-icon\">\n\t\t\t\t\t\t\t<svg xmlns=\"http:\/\/www.w3.org\/2000\/svg\" width=\"73.124\" height=\"68.081\" viewBox=\"0 0 73.124 68.081\"><path id=\"Path_190\" data-name=\"Path 190\" d=\"M28.177,20.868h7.565A1.264,1.264,0,0,0,37,19.608V13.3a1.264,1.264,0,0,0-1.261-1.261H28.177A1.264,1.264,0,0,0,26.917,13.3v6.3A1.264,1.264,0,0,0,28.177,20.868Zm1.261-6.3h5.043v3.782H29.438Zm-13.868,6.3h7.565A1.264,1.264,0,0,0,24.4,19.608V13.3a1.264,1.264,0,0,0-1.261-1.261H15.57A1.264,1.264,0,0,0,14.309,13.3v6.3A1.264,1.264,0,0,0,15.57,20.868Zm1.261-6.3h5.043v3.782H16.831ZM74.863,23.39h-6.19a4.528,4.528,0,0,0,.076-3.971A21.437,21.437,0,0,0,49.345,7H4.261A1.264,1.264,0,0,0,3,8.261V73.82a1.264,1.264,0,0,0,1.261,1.261h70.6a1.264,1.264,0,0,0,1.261-1.261V24.651A1.264,1.264,0,0,0,74.863,23.39ZM73.6,29.807a8.369,8.369,0,0,0-1.261-.113,8.835,8.835,0,0,0-8.825,8.825v34.04H59.734V38.519a8.825,8.825,0,1,0-17.651,0v34.04H38.3V38.519a8.825,8.825,0,1,0-17.651,0v34.04H16.868V38.519a8.68,8.68,0,0,0-2.585-6.228,8.691,8.691,0,0,0-6.241-2.6,8.913,8.913,0,0,0-2.522.378v-4.16H73.6ZM47.089,23.39H42.046V14.565h5.043Zm18.218-5.043H54.653V14.565h7.5A19.039,19.039,0,0,1,65.307,18.347ZM49.345,9.522a18.825,18.825,0,0,1,9.38,2.522H54.653a2.529,2.529,0,0,0-2.522,2.522v3.782a2.529,2.529,0,0,0,2.522,2.522H66.593a2,2,0,0,1-.265,1.576,2.023,2.023,0,0,1-1.727.946H49.61V13.3a1.264,1.264,0,0,0-1.261-1.261H40.785A1.264,1.264,0,0,0,39.524,13.3V23.39h-34V20.868h5.005a1.264,1.264,0,0,0,1.261-1.261V13.3a1.264,1.264,0,0,0-1.261-1.261H5.522V9.522ZM5.522,14.565H9.266v3.782H5.522Zm0,57.995V32.745a6.069,6.069,0,0,1,2.522-.53,6.306,6.306,0,0,1,6.3,6.3v34.04Zm17.651,0V38.519a6.3,6.3,0,1,1,12.608,0v34.04Zm21.433,0V38.519a6.3,6.3,0,1,1,12.608,0v34.04Zm21.433,0V38.519a6.306,6.306,0,0,1,6.3-6.3,7.018,7.018,0,0,1,1.261.139V72.559Z\" transform=\"translate(-3 -7)\" fill=\"#fff\"><\/path><\/svg>\t\t\t\t\t\t<\/div>\n\t\t\t\t\t<\/div>\n\t\t\t\t\n\t\t\t\t\n\t\t\t\t\t\t\t\t\t<div class=\"elementor-cta__description elementor-cta__content-item elementor-content-item\">\n\t\t\t\t\t\tDesigning railway infrastructure is one of the key areas of expertise at SAGASTA. In our projects, we place emphasis on a&nbsp;comprehensive approach, the use of modern technologies, and sustainability. Thanks to this, we help to improve railway infrastructure while providing greater comfort and safety for passengers. One example: when designing the new railway station in the town of Semily, we created a&nbsp;logical connection to the adjacent bus terminal.   \t\t\t\t\t<\/div>\n\t\t\t\t\n\t\t\t\t\t\t\t<\/div>\n\t\t\t\t\t\t<\/div>\n\t\t\t\t\t\t<\/div>\n\t\t\t\t<\/div>\n\t\t<div class=\"elementor-element elementor-element-7469b28 e-con-full e-flex e-con e-child\" data-id=\"7469b28\" data-element_type=\"container\" data-e-type=\"container\">\n\t\t<div class=\"elementor-element elementor-element-2a98101 e-con-full e-flex e-con e-child\" data-id=\"2a98101\" data-element_type=\"container\" data-e-type=\"container\" data-settings=\"{&quot;background_background&quot;:&quot;classic&quot;}\">\n\t\t\t\t<div class=\"elementor-element elementor-element-2e6f275 elementor-widget elementor-widget-text-editor\" data-id=\"2e6f275\" data-element_type=\"widget\" data-e-type=\"widget\" data-widget_type=\"text-editor.default\">\n\t\t\t\t<div class=\"elementor-widget-container\">\n\t\t\t\t\t\t\t\t\t<h3>We also design<\/h3><ul><li>Track Superstructure<\/li><li>Track Substructure<\/li><li>Platforms<\/li><li>Level Crossings<\/li><\/ul>\t\t\t\t\t\t\t\t<\/div>\n\t\t\t\t<\/div>\n\t\t\t\t<\/div>\n\t\t<div class=\"elementor-element elementor-element-b2e48fd e-con-full e-flex e-con e-child\" data-id=\"b2e48fd\" data-element_type=\"container\" data-e-type=\"container\" data-settings=\"{&quot;background_background&quot;:&quot;classic&quot;}\">\n\t\t\t\t<div class=\"elementor-element elementor-element-13363e4 elementor-widget elementor-widget-text-editor\" data-id=\"13363e4\" data-element_type=\"widget\" data-e-type=\"widget\" data-widget_type=\"text-editor.default\">\n\t\t\t\t<div class=\"elementor-widget-container\">\n\t\t\t\t\t\t\t\t\t<h3>Our achievements<\/h3><p><a href=\"https:\/\/www.facebook.com\/story.php?story_fbid=590176273532171&amp;id=100076194090618\" target=\"_blank\" rel=\"noopener\">We won the award of the main partner of EGOE in the Building of the Year 2024 competition for the reconstruction of the station building at Praha\u2013Radot\u00edn.<\/a><\/p><p><a href=\"https:\/\/www.sagasta.cz\/en\/sagasta-s-r-o-has-become-a-new-partner-of-the-vrt-cz-project\/\">We were selected as one of the key partners in the ambitious project of constructing the Czech Republic\u2019s high-speed railway network.<\/a><\/p>\t\t\t\t\t\t\t\t<\/div>\n\t\t\t\t<\/div>\n\t\t\t\t<\/div>\n\t\t\t\t<\/div>\n\t\t<div class=\"elementor-element elementor-element-704c7f1 e-con-full e-flex e-con e-child\" data-id=\"704c7f1\" data-element_type=\"container\" data-e-type=\"container\" data-settings=\"{&quot;background_background&quot;:&quot;classic&quot;}\">\n\t\t\t\t<div class=\"elementor-element elementor-element-384506d elementor-widget elementor-widget-heading\" data-id=\"384506d\" data-element_type=\"widget\" data-e-type=\"widget\" data-widget_type=\"heading.default\">\n\t\t\t\t<div class=\"elementor-widget-container\">\n\t\t\t\t\t<h3 class=\"elementor-heading-title elementor-size-default\">Selection of our projects<\/h3>\t\t\t\t<\/div>\n\t\t\t\t<\/div>\n\t\t<div class=\"elementor-element elementor-element-5e393ab e-grid e-con-full e-con e-child\" data-id=\"5e393ab\" data-element_type=\"container\" data-e-type=\"container\">\n\t\t\t\t<div class=\"elementor-element elementor-element-792e07f elementor-position-top elementor-widget elementor-widget-image-box\" data-id=\"792e07f\" data-element_type=\"widget\" data-e-type=\"widget\" data-widget_type=\"image-box.default\">\n\t\t\t\t<div class=\"elementor-widget-container\">\n\t\t\t\t\t<div class=\"elementor-image-box-wrapper\"><figure class=\"elementor-image-box-img\"><a href=\"#\" tabindex=\"-1\"><img fetchpriority=\"high\" decoding=\"async\" width=\"1200\" height=\"900\" src=\"https:\/\/www.sagasta.cz\/wp-content\/uploads\/2025\/07\/zeleznicni-batelov.webp\" class=\"attachment-full size-full wp-image-2246\" alt=\"\" srcset=\"https:\/\/www.sagasta.cz\/wp-content\/uploads\/2025\/07\/zeleznicni-batelov.webp 1200w, https:\/\/www.sagasta.cz\/wp-content\/uploads\/2025\/07\/zeleznicni-batelov-300x225.webp 300w, https:\/\/www.sagasta.cz\/wp-content\/uploads\/2025\/07\/zeleznicni-batelov-1024x768.webp 1024w, https:\/\/www.sagasta.cz\/wp-content\/uploads\/2025\/07\/zeleznicni-batelov-768x576.webp 768w\" sizes=\"(max-width: 1200px) 100vw, 1200px\" \/><\/a><\/figure><div class=\"elementor-image-box-content\"><h4 class=\"elementor-image-box-title\"><a href=\"#\">Batelov<\/a><\/h4><\/div><\/div>\t\t\t\t<\/div>\n\t\t\t\t<\/div>\n\t\t\t\t<div class=\"elementor-element elementor-element-bd697e2 elementor-position-top elementor-widget elementor-widget-image-box\" data-id=\"bd697e2\" data-element_type=\"widget\" data-e-type=\"widget\" data-widget_type=\"image-box.default\">\n\t\t\t\t<div class=\"elementor-widget-container\">\n\t\t\t\t\t<div class=\"elementor-image-box-wrapper\"><figure class=\"elementor-image-box-img\"><a href=\"#\" tabindex=\"-1\"><img decoding=\"async\" width=\"496\" height=\"294\" src=\"https:\/\/www.sagasta.cz\/wp-content\/uploads\/2025\/07\/projekty-cb.webp\" class=\"attachment-full size-full wp-image-2183\" alt=\"\" srcset=\"https:\/\/www.sagasta.cz\/wp-content\/uploads\/2025\/07\/projekty-cb.webp 496w, https:\/\/www.sagasta.cz\/wp-content\/uploads\/2025\/07\/projekty-cb-300x178.webp 300w\" sizes=\"(max-width: 496px) 100vw, 496px\" \/><\/a><\/figure><div class=\"elementor-image-box-content\"><h4 class=\"elementor-image-box-title\"><a href=\"#\">\u010cesk\u00e9 Bud\u011bjovice<\/a><\/h4><\/div><\/div>\t\t\t\t<\/div>\n\t\t\t\t<\/div>\n\t\t\t\t<div class=\"elementor-element elementor-element-1e4036e elementor-position-top elementor-widget elementor-widget-image-box\" data-id=\"1e4036e\" data-element_type=\"widget\" data-e-type=\"widget\" data-widget_type=\"image-box.default\">\n\t\t\t\t<div class=\"elementor-widget-container\">\n\t\t\t\t\t<div class=\"elementor-image-box-wrapper\"><figure class=\"elementor-image-box-img\"><a href=\"#\" tabindex=\"-1\"><img decoding=\"async\" width=\"630\" height=\"354\" src=\"https:\/\/www.sagasta.cz\/wp-content\/uploads\/2025\/07\/zeleznicni-detmarovice.webp\" class=\"attachment-full size-full wp-image-2247\" alt=\"\" srcset=\"https:\/\/www.sagasta.cz\/wp-content\/uploads\/2025\/07\/zeleznicni-detmarovice.webp 630w, https:\/\/www.sagasta.cz\/wp-content\/uploads\/2025\/07\/zeleznicni-detmarovice-300x169.webp 300w\" sizes=\"(max-width: 630px) 100vw, 630px\" \/><\/a><\/figure><div class=\"elementor-image-box-content\"><h4 class=\"elementor-image-box-title\"><a href=\"#\">D\u011btmarovice - Petrovice u&nbsp;K.<\/a><\/h4><\/div><\/div>\t\t\t\t<\/div>\n\t\t\t\t<\/div>\n\t\t\t\t<div class=\"elementor-element elementor-element-e9a884d elementor-position-top elementor-widget elementor-widget-image-box\" data-id=\"e9a884d\" data-element_type=\"widget\" data-e-type=\"widget\" data-widget_type=\"image-box.default\">\n\t\t\t\t<div class=\"elementor-widget-container\">\n\t\t\t\t\t<div class=\"elementor-image-box-wrapper\"><figure class=\"elementor-image-box-img\"><a href=\"#\" tabindex=\"-1\"><img loading=\"lazy\" decoding=\"async\" width=\"1600\" height=\"1064\" src=\"https:\/\/www.sagasta.cz\/wp-content\/uploads\/2025\/07\/zeleznicni-boleslav-vizualizace.webp\" class=\"attachment-full size-full wp-image-2248\" alt=\"\" srcset=\"https:\/\/www.sagasta.cz\/wp-content\/uploads\/2025\/07\/zeleznicni-boleslav-vizualizace.webp 1600w, https:\/\/www.sagasta.cz\/wp-content\/uploads\/2025\/07\/zeleznicni-boleslav-vizualizace-300x200.webp 300w, https:\/\/www.sagasta.cz\/wp-content\/uploads\/2025\/07\/zeleznicni-boleslav-vizualizace-1024x681.webp 1024w, https:\/\/www.sagasta.cz\/wp-content\/uploads\/2025\/07\/zeleznicni-boleslav-vizualizace-768x511.webp 768w, https:\/\/www.sagasta.cz\/wp-content\/uploads\/2025\/07\/zeleznicni-boleslav-vizualizace-1536x1021.webp 1536w\" sizes=\"(max-width: 1600px) 100vw, 1600px\" \/><\/a><\/figure><div class=\"elementor-image-box-content\"><h4 class=\"elementor-image-box-title\"><a href=\"#\">Mlad\u00e1 Boleslav<\/a><\/h4><\/div><\/div>\t\t\t\t<\/div>\n\t\t\t\t<\/div>\n\t\t\t\t<div class=\"elementor-element elementor-element-5381036 elementor-position-top elementor-widget elementor-widget-image-box\" data-id=\"5381036\" data-element_type=\"widget\" data-e-type=\"widget\" data-widget_type=\"image-box.default\">\n\t\t\t\t<div class=\"elementor-widget-container\">\n\t\t\t\t\t<div class=\"elementor-image-box-wrapper\"><figure class=\"elementor-image-box-img\"><a href=\"https:\/\/www.sagasta.cz\/en\/projects\/revitalisation-and-electrification-of-oldrichov-u-duchova-litvinov-line-oldrichov-litvinov-line\/\" tabindex=\"-1\"><img decoding=\"async\" src=\"https:\/\/www.sagasta.cz\/wp-content\/uploads\/2025\/05\/oldrichov-litvinov-1-img.webp\" title=\"\" alt=\"Realizace Old\u0159ichov-Litv\u00ednov\" loading=\"lazy\" \/><\/a><\/figure><div class=\"elementor-image-box-content\"><h4 class=\"elementor-image-box-title\"><a href=\"https:\/\/www.sagasta.cz\/en\/projects\/revitalisation-and-electrification-of-oldrichov-u-duchova-litvinov-line-oldrichov-litvinov-line\/\">Old\u0159ichov u&nbsp;Duchova - Litv\u00ednov<\/a><\/h4><\/div><\/div>\t\t\t\t<\/div>\n\t\t\t\t<\/div>\n\t\t\t\t<div class=\"elementor-element elementor-element-c852478 elementor-position-top elementor-widget elementor-widget-image-box\" data-id=\"c852478\" data-element_type=\"widget\" data-e-type=\"widget\" data-widget_type=\"image-box.default\">\n\t\t\t\t<div class=\"elementor-widget-container\">\n\t\t\t\t\t<div class=\"elementor-image-box-wrapper\"><figure class=\"elementor-image-box-img\"><a href=\"#\" tabindex=\"-1\"><img loading=\"lazy\" decoding=\"async\" width=\"1024\" height=\"589\" src=\"https:\/\/www.sagasta.cz\/wp-content\/uploads\/2025\/07\/zeleznicni-osek.webp\" class=\"attachment-full size-full wp-image-2249\" alt=\"Osek\" srcset=\"https:\/\/www.sagasta.cz\/wp-content\/uploads\/2025\/07\/zeleznicni-osek.webp 1024w, https:\/\/www.sagasta.cz\/wp-content\/uploads\/2025\/07\/zeleznicni-osek-300x173.webp 300w, https:\/\/www.sagasta.cz\/wp-content\/uploads\/2025\/07\/zeleznicni-osek-768x442.webp 768w\" sizes=\"(max-width: 1024px) 100vw, 1024px\" \/><\/a><\/figure><div class=\"elementor-image-box-content\"><h4 class=\"elementor-image-box-title\"><a href=\"#\">Osek - Moldava<\/a><\/h4><\/div><\/div>\t\t\t\t<\/div>\n\t\t\t\t<\/div>\n\t\t\t\t<div class=\"elementor-element elementor-element-319a56d elementor-position-top elementor-widget elementor-widget-image-box\" data-id=\"319a56d\" data-element_type=\"widget\" data-e-type=\"widget\" data-widget_type=\"image-box.default\">\n\t\t\t\t<div class=\"elementor-widget-container\">\n\t\t\t\t\t<div class=\"elementor-image-box-wrapper\"><figure class=\"elementor-image-box-img\"><a href=\"#\" tabindex=\"-1\"><img loading=\"lazy\" decoding=\"async\" width=\"1600\" height=\"1064\" src=\"https:\/\/www.sagasta.cz\/wp-content\/uploads\/2025\/07\/zeleznicni-pribyslav-nadrazi.webp\" class=\"attachment-full size-full wp-image-2250\" alt=\"\u017delezni\u010dn\u00ed n\u00e1dra\u017e\u00ed P\u0159ibyslav\" srcset=\"https:\/\/www.sagasta.cz\/wp-content\/uploads\/2025\/07\/zeleznicni-pribyslav-nadrazi.webp 1600w, https:\/\/www.sagasta.cz\/wp-content\/uploads\/2025\/07\/zeleznicni-pribyslav-nadrazi-300x200.webp 300w, https:\/\/www.sagasta.cz\/wp-content\/uploads\/2025\/07\/zeleznicni-pribyslav-nadrazi-1024x681.webp 1024w, https:\/\/www.sagasta.cz\/wp-content\/uploads\/2025\/07\/zeleznicni-pribyslav-nadrazi-768x511.webp 768w, https:\/\/www.sagasta.cz\/wp-content\/uploads\/2025\/07\/zeleznicni-pribyslav-nadrazi-1536x1021.webp 1536w\" sizes=\"(max-width: 1600px) 100vw, 1600px\" \/><\/a><\/figure><div class=\"elementor-image-box-content\"><h4 class=\"elementor-image-box-title\"><a href=\"#\">P\u0159ibyslav - Pohled<\/a><\/h4><\/div><\/div>\t\t\t\t<\/div>\n\t\t\t\t<\/div>\n\t\t\t\t<div class=\"elementor-element elementor-element-649cf22 elementor-position-top elementor-widget elementor-widget-image-box\" data-id=\"649cf22\" data-element_type=\"widget\" data-e-type=\"widget\" data-widget_type=\"image-box.default\">\n\t\t\t\t<div class=\"elementor-widget-container\">\n\t\t\t\t\t<div class=\"elementor-image-box-wrapper\"><figure class=\"elementor-image-box-img\"><a href=\"https:\/\/www.sagasta.cz\/en\/projects\/construction-of-the-rajhrad-branch-rajhrad\/\" tabindex=\"-1\"><img decoding=\"async\" src=\"https:\/\/www.sagasta.cz\/wp-content\/uploads\/2025\/05\/rajhrad-1-img.webp\" title=\"\" alt=\"Realizace Rajhrad\" loading=\"lazy\" \/><\/a><\/figure><div class=\"elementor-image-box-content\"><h4 class=\"elementor-image-box-title\"><a href=\"https:\/\/www.sagasta.cz\/en\/projects\/construction-of-the-rajhrad-branch-rajhrad\/\">Rajhrad<\/a><\/h4><\/div><\/div>\t\t\t\t<\/div>\n\t\t\t\t<\/div>\n\t\t\t\t<div class=\"elementor-element elementor-element-c8a2a7d elementor-position-top elementor-widget elementor-widget-image-box\" data-id=\"c8a2a7d\" data-element_type=\"widget\" data-e-type=\"widget\" data-widget_type=\"image-box.default\">\n\t\t\t\t<div class=\"elementor-widget-container\">\n\t\t\t\t\t<div class=\"elementor-image-box-wrapper\"><figure class=\"elementor-image-box-img\"><a href=\"#\" tabindex=\"-1\"><img loading=\"lazy\" decoding=\"async\" width=\"1920\" height=\"1440\" src=\"https:\/\/www.sagasta.cz\/wp-content\/uploads\/2025\/07\/zeleznicni-semily-nadrazi.webp\" class=\"attachment-full size-full wp-image-2251\" alt=\"\u017delezni\u010dn\u00ed n\u00e1dra\u017e\u00ed Semily\" srcset=\"https:\/\/www.sagasta.cz\/wp-content\/uploads\/2025\/07\/zeleznicni-semily-nadrazi.webp 1920w, https:\/\/www.sagasta.cz\/wp-content\/uploads\/2025\/07\/zeleznicni-semily-nadrazi-300x225.webp 300w, https:\/\/www.sagasta.cz\/wp-content\/uploads\/2025\/07\/zeleznicni-semily-nadrazi-1024x768.webp 1024w, https:\/\/www.sagasta.cz\/wp-content\/uploads\/2025\/07\/zeleznicni-semily-nadrazi-768x576.webp 768w, https:\/\/www.sagasta.cz\/wp-content\/uploads\/2025\/07\/zeleznicni-semily-nadrazi-1536x1152.webp 1536w\" sizes=\"(max-width: 1920px) 100vw, 1920px\" \/><\/a><\/figure><div class=\"elementor-image-box-content\"><h4 class=\"elementor-image-box-title\"><a href=\"#\">Semily<\/a><\/h4><\/div><\/div>\t\t\t\t<\/div>\n\t\t\t\t<\/div>\n\t\t\t\t<\/div>\n\t\t\t\t<\/div>\n\t\t<div class=\"elementor-element elementor-element-35618a4 e-con-full e-flex e-con e-child\" data-id=\"35618a4\" data-element_type=\"container\" data-e-type=\"container\">\n\t\t\t\t<div class=\"elementor-element elementor-element-3f0bc2b elementor-widget elementor-widget-heading\" data-id=\"3f0bc2b\" data-element_type=\"widget\" data-e-type=\"widget\" data-widget_type=\"heading.default\">\n\t\t\t\t<div class=\"elementor-widget-container\">\n\t\t\t\t\t<h3 class=\"elementor-heading-title elementor-size-default\">Related articles<\/h3>\t\t\t\t<\/div>\n\t\t\t\t<\/div>\n\t\t\t\t<\/div>\n\t\t\t\t\t<\/div>\n\t\t\t\t<\/div>\n\t\t<div class=\"elementor-element elementor-element-232fa89 e-con-full e-flex e-con e-parent\" data-id=\"232fa89\" data-element_type=\"container\" data-e-type=\"container\">\n\t\t\t\t<div class=\"elementor-element elementor-element-ce34f7b elementor-widget elementor-widget-template\" data-id=\"ce34f7b\" data-element_type=\"widget\" data-e-type=\"widget\" data-widget_type=\"template.default\">\n\t\t\t\t<div class=\"elementor-widget-container\">\n\t\t\t\t\t\t\t<div class=\"elementor-template\">\n\t\t\t\t\t<div data-elementor-type=\"container\" data-elementor-id=\"2395\" class=\"elementor elementor-2395 elementor-813 elementor-813\" data-elementor-post-type=\"elementor_library\">\n\t\t\t\t<div class=\"elementor-element elementor-element-23acc4e7 e-grid e-con-boxed e-con e-parent\" data-id=\"23acc4e7\" data-element_type=\"container\" data-e-type=\"container\" data-settings=\"{&quot;background_background&quot;:&quot;classic&quot;}\">\n\t\t\t\t\t<div class=\"e-con-inner\">\n\t\t\t\t<div class=\"elementor-element elementor-element-294fe4ad elementor-widget elementor-widget-counter\" data-id=\"294fe4ad\" data-element_type=\"widget\" data-e-type=\"widget\" data-widget_type=\"counter.default\">\n\t\t\t\t<div class=\"elementor-widget-container\">\n\t\t\t\t\t\t\t<div class=\"elementor-counter\">\n\t\t\t<div class=\"elementor-counter-title\">Years on the Market<\/div>\t\t\t<div class=\"elementor-counter-number-wrapper\">\n\t\t\t\t<span class=\"elementor-counter-number-prefix\"><\/span>\n\t\t\t\t<span class=\"elementor-counter-number\" data-duration=\"2000\" data-to-value=\"10\" data-from-value=\"0\" data-delimiter=\",\">0<\/span>\n\t\t\t\t<span class=\"elementor-counter-number-suffix\"><\/span>\n\t\t\t<\/div>\n\t\t<\/div>\n\t\t\t\t\t\t<\/div>\n\t\t\t\t<\/div>\n\t\t\t\t<div class=\"elementor-element elementor-element-3e1cd1e0 elementor-widget elementor-widget-counter\" data-id=\"3e1cd1e0\" data-element_type=\"widget\" data-e-type=\"widget\" data-widget_type=\"counter.default\">\n\t\t\t\t<div class=\"elementor-widget-container\">\n\t\t\t\t\t\t\t<div class=\"elementor-counter\">\n\t\t\t<div class=\"elementor-counter-title\">Employees<\/div>\t\t\t<div class=\"elementor-counter-number-wrapper\">\n\t\t\t\t<span class=\"elementor-counter-number-prefix\"><\/span>\n\t\t\t\t<span class=\"elementor-counter-number\" data-duration=\"2000\" data-to-value=\"220\" data-from-value=\"0\" data-delimiter=\",\">0<\/span>\n\t\t\t\t<span class=\"elementor-counter-number-suffix\"><\/span>\n\t\t\t<\/div>\n\t\t<\/div>\n\t\t\t\t\t\t<\/div>\n\t\t\t\t<\/div>\n\t\t\t\t<div class=\"elementor-element elementor-element-2720ff4f elementor-widget elementor-widget-counter\" data-id=\"2720ff4f\" data-element_type=\"widget\" data-e-type=\"widget\" data-widget_type=\"counter.default\">\n\t\t\t\t<div class=\"elementor-widget-container\">\n\t\t\t\t\t\t\t<div class=\"elementor-counter\">\n\t\t\t<div class=\"elementor-counter-title\">Projects<\/div>\t\t\t<div class=\"elementor-counter-number-wrapper\">\n\t\t\t\t<span class=\"elementor-counter-number-prefix\"><\/span>\n\t\t\t\t<span class=\"elementor-counter-number\" data-duration=\"2000\" data-to-value=\"1000\" data-from-value=\"0\" data-delimiter=\" \">0<\/span>\n\t\t\t\t<span class=\"elementor-counter-number-suffix\">+<\/span>\n\t\t\t<\/div>\n\t\t<\/div>\n\t\t\t\t\t\t<\/div>\n\t\t\t\t<\/div>\n\t\t\t\t<div class=\"elementor-element elementor-element-ad069aa elementor-widget elementor-widget-counter\" data-id=\"ad069aa\" data-element_type=\"widget\" data-e-type=\"widget\" data-widget_type=\"counter.default\">\n\t\t\t\t<div class=\"elementor-widget-container\">\n\t\t\t\t\t\t\t<div class=\"elementor-counter\">\n\t\t\t<div class=\"elementor-counter-title\">Turnover for 2024<\/div>\t\t\t<div class=\"elementor-counter-number-wrapper\">\n\t\t\t\t<span class=\"elementor-counter-number-prefix\"><\/span>\n\t\t\t\t<span class=\"elementor-counter-number\" data-duration=\"2000\" data-to-value=\"520000000\" data-from-value=\"0\" data-delimiter=\" \">0<\/span>\n\t\t\t\t<span class=\"elementor-counter-number-suffix\"><\/span>\n\t\t\t<\/div>\n\t\t<\/div>\n\t\t\t\t\t\t<\/div>\n\t\t\t\t<\/div>\n\t\t\t\t\t<\/div>\n\t\t\t\t<\/div>\n\t\t\t\t<\/div>\n\t\t\t\t<\/div>\n\t\t\t\t\t\t<\/div>\n\t\t\t\t<\/div>\n\t\t\t\t<\/div>\n\t\t\t\t<\/div>\n\t\t","protected":false},"excerpt":{"rendered":"<p>Designing railway infrastructure is one of the key areas of expertise at SAGASTA. In our projects, we place emphasis on a&nbsp;comprehensive approach, the use of modern technologies, and sustainability. Thanks to this, we help to improve railway infrastructure while providing greater comfort and safety for passengers. One example: when designing the new railway station in [&hellip;]<\/p>\n","protected":false},"author":2,"featured_media":0,"parent":2141,"menu_order":0,"comment_status":"closed","ping_status":"closed","template":"elementor_header_footer","meta":{"footnotes":"","_links_to":"","_links_to_target":""},"class_list":["post-2252","page","type-page","status-publish","hentry"],"_links":{"self":[{"href":"https:\/\/www.sagasta.cz\/en\/wp-json\/wp\/v2\/pages\/2252","targetHints":{"allow":["GET"]}}],"collection":[{"href":"https:\/\/www.sagasta.cz\/en\/wp-json\/wp\/v2\/pages"}],"about":[{"href":"https:\/\/www.sagasta.cz\/en\/wp-json\/wp\/v2\/types\/page"}],"author":[{"embeddable":true,"href":"https:\/\/www.sagasta.cz\/en\/wp-json\/wp\/v2\/users\/2"}],"replies":[{"embeddable":true,"href":"https:\/\/www.sagasta.cz\/en\/wp-json\/wp\/v2\/comments?post=2252"}],"version-history":[{"count":0,"href":"https:\/\/www.sagasta.cz\/en\/wp-json\/wp\/v2\/pages\/2252\/revisions"}],"up":[{"embeddable":true,"href":"https:\/\/www.sagasta.cz\/en\/wp-json\/wp\/v2\/pages\/2141"}],"wp:attachment":[{"href":"https:\/\/www.sagasta.cz\/en\/wp-json\/wp\/v2\/media?parent=2252"}],"curies":[{"name":"wp","href":"https:\/\/api.w.org\/{rel}","templated":true}]}}