{"id":2244,"date":"2025-05-21T11:12:09","date_gmt":"2025-05-21T09:12:09","guid":{"rendered":"https:\/\/www.sagasta.cz\/services\/hydraulic-structures\/"},"modified":"2025-12-16T17:53:02","modified_gmt":"2025-12-16T16:53:02","slug":"water-management-structures","status":"publish","type":"page","link":"https:\/\/www.sagasta.cz\/en\/services\/water-management-structures\/","title":{"rendered":"Water Management Structures"},"content":{"rendered":"\t\t<div data-elementor-type=\"wp-page\" data-elementor-id=\"2244\" class=\"elementor elementor-2244 elementor-529\" data-elementor-post-type=\"page\">\n\t\t\t\t<div class=\"elementor-element elementor-element-c0c6f77 e-flex e-con-boxed e-con e-parent\" data-id=\"c0c6f77\" data-element_type=\"container\" data-e-type=\"container\" data-settings=\"{&quot;background_background&quot;:&quot;classic&quot;}\">\n\t\t\t\t\t<div class=\"e-con-inner\">\n\t\t\t\t\t<\/div>\n\t\t\t\t<\/div>\n\t\t<div class=\"elementor-element elementor-element-61c68b3 e-flex e-con-boxed e-con e-parent\" data-id=\"61c68b3\" data-element_type=\"container\" data-e-type=\"container\">\n\t\t\t\t\t<div class=\"e-con-inner\">\n\t\t\t\t<div class=\"elementor-element elementor-element-b920092 elementor-cta--valign-middle elementor-cta--skin-classic elementor-animated-content elementor-bg-transform elementor-bg-transform-zoom-in elementor-widget elementor-widget-call-to-action\" data-id=\"b920092\" data-element_type=\"widget\" data-e-type=\"widget\" data-widget_type=\"call-to-action.default\">\n\t\t\t\t<div class=\"elementor-widget-container\">\n\t\t\t\t\t\t\t<div class=\"elementor-cta\">\n\t\t\t\t\t\t\t<div class=\"elementor-cta__content\">\n\t\t\t\t\t\t\t\t\t<div class=\"elementor-content-item elementor-cta__content-item elementor-icon-wrapper elementor-cta__icon elementor-view-default\">\n\t\t\t\t\t\t<div class=\"elementor-icon\">\n\t\t\t\t\t\t\t<svg xmlns=\"http:\/\/www.w3.org\/2000\/svg\" id=\"Group_44\" data-name=\"Group 44\" width=\"73.09\" height=\"73.09\" viewBox=\"0 0 73.09 73.09\"><path id=\"Path_168\" data-name=\"Path 168\" d=\"M37.687,73.09H1.142A1.142,1.142,0,0,1,0,71.948V1.142A1.142,1.142,0,0,1,1.142,0H37.687a1.142,1.142,0,0,1,1.142,1.142V8.719a1.142,1.142,0,0,1-2.284,0V2.284H2.284V70.806H36.545v-15.2a1.142,1.142,0,1,1,2.284,0V71.948A1.142,1.142,0,0,1,37.687,73.09Z\" fill=\"#fff\"><\/path><path id=\"Path_169\" data-name=\"Path 169\" d=\"M20.264,21.406H13.412a1.142,1.142,0,0,1-1.142-1.142V13.412a1.142,1.142,0,0,1,1.142-1.142h6.852a1.142,1.142,0,0,1,1.142,1.142v6.852A1.142,1.142,0,0,1,20.264,21.406Zm-5.71-2.284h4.568V14.554H14.554Z\" transform=\"translate(-5.264 -5.264)\" fill=\"#fff\"><\/path><path id=\"Path_170\" data-name=\"Path 170\" d=\"M47.724,21.406H40.872a1.142,1.142,0,0,1-1.142-1.142V13.412a1.142,1.142,0,0,1,1.142-1.142h6.852a1.142,1.142,0,0,1,1.142,1.142v6.852A1.142,1.142,0,0,1,47.724,21.406Zm-5.71-2.284h4.568V14.554H42.014Z\" transform=\"translate(-17.043 -5.264)\" fill=\"#fff\"><\/path><path id=\"Path_171\" data-name=\"Path 171\" d=\"M20.264,45.666H13.412a1.142,1.142,0,0,1-1.142-1.142V37.672a1.142,1.142,0,0,1,1.142-1.142h6.852a1.142,1.142,0,0,1,1.142,1.142v6.852A1.142,1.142,0,0,1,20.264,45.666Zm-5.71-2.284h4.568V38.814H14.554Z\" transform=\"translate(-5.264 -15.671)\" fill=\"#fff\"><\/path><path id=\"Path_172\" data-name=\"Path 172\" d=\"M20.264,69.936H13.412a1.142,1.142,0,0,1-1.142-1.142V61.942A1.142,1.142,0,0,1,13.412,60.8h6.852a1.142,1.142,0,0,1,1.142,1.142v6.852A1.142,1.142,0,0,1,20.264,69.936Zm-5.71-2.284h4.568V63.084H14.554Z\" transform=\"translate(-5.264 -26.082)\" fill=\"#fff\"><\/path><path id=\"Path_173\" data-name=\"Path 173\" d=\"M35.964,117.812H13.272a1.142,1.142,0,0,1-1.142-1.142V105.392a1.142,1.142,0,0,1,1.142-1.142H35.964a1.142,1.142,0,0,1,1.142,1.142V116.67A1.142,1.142,0,0,1,35.964,117.812Zm-21.55-2.284H34.822v-8.994H14.414Z\" transform=\"translate(-5.204 -44.721)\" fill=\"#fff\"><\/path><path id=\"Path_174\" data-name=\"Path 174\" d=\"M20.264,94.206H13.412a1.142,1.142,0,0,1-1.142-1.142V86.212a1.142,1.142,0,0,1,1.142-1.142h6.852a1.142,1.142,0,0,1,1.142,1.142v6.852A1.142,1.142,0,0,1,20.264,94.206Zm-5.71-2.284h4.568V87.354H14.554Z\" transform=\"translate(-5.264 -36.493)\" fill=\"#fff\"><\/path><path id=\"Path_175\" data-name=\"Path 175\" d=\"M47.724,94.206H40.872a1.142,1.142,0,0,1-1.142-1.142V86.212a1.142,1.142,0,0,1,1.142-1.142h6.852a1.142,1.142,0,0,1,1.142,1.142v6.852A1.142,1.142,0,0,1,47.724,94.206Zm-5.71-2.284h4.568V87.354H42.014Z\" transform=\"translate(-17.043 -36.493)\" fill=\"#fff\"><\/path><path id=\"Path_176\" data-name=\"Path 176\" d=\"M33.142,117.812A1.142,1.142,0,0,1,32,116.67V105.392a1.142,1.142,0,1,1,2.284,0V116.67A1.142,1.142,0,0,1,33.142,117.812Z\" transform=\"translate(-13.727 -44.721)\" fill=\"#fff\"><\/path><path id=\"Path_177\" data-name=\"Path 177\" d=\"M40.872,45.666a1.142,1.142,0,0,1-1.142-1.142V37.672a1.142,1.142,0,0,1,1.142-1.142h1.833a1.142,1.142,0,1,1,0,2.284h-.691v5.71A1.142,1.142,0,0,1,40.872,45.666Z\" transform=\"translate(-17.043 -15.671)\" fill=\"#fff\"><\/path><path id=\"Path_178\" data-name=\"Path 178\" d=\"M42.705,69.936H40.872a1.142,1.142,0,0,1-1.142-1.142V61.942a1.142,1.142,0,0,1,2.284,0v5.71h.691a1.142,1.142,0,0,1,0,2.284Z\" transform=\"translate(-17.043 -26.082)\" fill=\"#fff\"><\/path><path id=\"Path_179\" data-name=\"Path 179\" d=\"M79.723,60.252a10,10,0,0,1-9.993-9.993c0-5.093,8.12-17.1,9.045-18.455a1.142,1.142,0,0,1,1.89,0c.925,1.353,9.045,13.362,9.045,18.455A10,10,0,0,1,79.723,60.252Zm0-25.747c-2.792,4.26-7.709,12.454-7.709,15.754a7.709,7.709,0,1,0,15.417,0c-.006-3.318-4.922-11.512-7.709-15.772Z\" transform=\"translate(-29.913 -13.428)\" fill=\"#fff\"><\/path><path id=\"Path_180\" data-name=\"Path 180\" d=\"M69.732,62.412A23.286,23.286,0,1,1,93.012,39.13a23.286,23.286,0,0,1-23.28,23.282Zm0-44.282a21,21,0,1,0,21,21,21,21,0,0,0-21-21Z\" transform=\"translate(-19.922 -6.795)\" fill=\"#fff\"><\/path><\/svg>\t\t\t\t\t\t<\/div>\n\t\t\t\t\t<\/div>\n\t\t\t\t\n\t\t\t\t\n\t\t\t\t\t\t\t\t\t<div class=\"elementor-cta__description elementor-cta__content-item elementor-content-item\">\n\t\t\t\t\t\tAt SAGASTA, we specialise in designing various types of water management structures, including water supply systems, water treatment plants and wastewater treatment plants. We will gladly prepare projects for the construction, reconstruction and repair of water infrastructure. We also assist with flood protection, retention tanks and watercourse modifications. As we place strong emphasis on ecology, our water management solutions are always maximally economical and sustainable.   \t\t\t\t\t<\/div>\n\t\t\t\t\n\t\t\t\t\t\t\t<\/div>\n\t\t\t\t\t\t<\/div>\n\t\t\t\t\t\t<\/div>\n\t\t\t\t<\/div>\n\t\t<div class=\"elementor-element elementor-element-f1a5dc5 e-con-full e-flex e-con e-child\" data-id=\"f1a5dc5\" data-element_type=\"container\" data-e-type=\"container\">\n\t\t<div class=\"elementor-element elementor-element-f5e5eb7 e-con-full e-flex e-con e-child\" data-id=\"f5e5eb7\" data-element_type=\"container\" data-e-type=\"container\" data-settings=\"{&quot;background_background&quot;:&quot;classic&quot;}\">\n\t\t\t\t<div class=\"elementor-element elementor-element-bd736d7 elementor-widget elementor-widget-text-editor\" data-id=\"bd736d7\" data-element_type=\"widget\" data-e-type=\"widget\" data-widget_type=\"text-editor.default\">\n\t\t\t\t<div class=\"elementor-widget-container\">\n\t\t\t\t\t\t\t\t\t<h3>We also design<\/h3><ul><li> Water treatment plants and waterworks<\/li><li>Sewerage systems and wastewater treatment plants<\/li><li>Dams and reservoirs<\/li><li>Emergency and flood plans for structures<\/li><\/ul>\t\t\t\t\t\t\t\t<\/div>\n\t\t\t\t<\/div>\n\t\t\t\t<\/div>\n\t\t<div class=\"elementor-element elementor-element-261996d e-con-full e-flex e-con e-child\" data-id=\"261996d\" data-element_type=\"container\" data-e-type=\"container\" data-settings=\"{&quot;background_background&quot;:&quot;classic&quot;}\">\n\t\t\t\t<div class=\"elementor-element elementor-element-f0a42cd elementor-widget elementor-widget-text-editor\" data-id=\"f0a42cd\" data-element_type=\"widget\" data-e-type=\"widget\" data-widget_type=\"text-editor.default\">\n\t\t\t\t<div class=\"elementor-widget-container\">\n\t\t\t\t\t\t\t\t\t<h3>Our achievements<\/h3>\t\t\t\t\t\t\t\t<\/div>\n\t\t\t\t<\/div>\n\t\t\t\t<\/div>\n\t\t\t\t<\/div>\n\t\t<div class=\"elementor-element elementor-element-9d7fe09 e-con-full e-flex e-con e-child\" data-id=\"9d7fe09\" data-element_type=\"container\" data-e-type=\"container\" data-settings=\"{&quot;background_background&quot;:&quot;classic&quot;}\">\n\t\t\t\t<div class=\"elementor-element elementor-element-eb7c0f0 elementor-widget elementor-widget-heading\" data-id=\"eb7c0f0\" data-element_type=\"widget\" data-e-type=\"widget\" data-widget_type=\"heading.default\">\n\t\t\t\t<div class=\"elementor-widget-container\">\n\t\t\t\t\t<h3 class=\"elementor-heading-title elementor-size-default\">Selection of our projects<\/h3>\t\t\t\t<\/div>\n\t\t\t\t<\/div>\n\t\t<div class=\"elementor-element elementor-element-d5ea794 e-grid e-con-full e-con e-child\" data-id=\"d5ea794\" data-element_type=\"container\" data-e-type=\"container\">\n\t\t\t\t<div class=\"elementor-element elementor-element-9a38734 elementor-position-top elementor-widget elementor-widget-image-box\" data-id=\"9a38734\" data-element_type=\"widget\" data-e-type=\"widget\" data-widget_type=\"image-box.default\">\n\t\t\t\t<div class=\"elementor-widget-container\">\n\t\t\t\t\t<div class=\"elementor-image-box-wrapper\"><figure class=\"elementor-image-box-img\"><a href=\"#\" tabindex=\"-1\"><img fetchpriority=\"high\" decoding=\"async\" width=\"730\" height=\"455\" src=\"https:\/\/www.sagasta.cz\/wp-content\/uploads\/2025\/07\/projekty-batelov.webp\" class=\"attachment-full size-full wp-image-2182\" alt=\"Batelov\" srcset=\"https:\/\/www.sagasta.cz\/wp-content\/uploads\/2025\/07\/projekty-batelov.webp 730w, https:\/\/www.sagasta.cz\/wp-content\/uploads\/2025\/07\/projekty-batelov-300x187.webp 300w\" sizes=\"(max-width: 730px) 100vw, 730px\" \/><\/a><\/figure><div class=\"elementor-image-box-content\"><h4 class=\"elementor-image-box-title\"><a href=\"#\">Batelov<\/a><\/h4><\/div><\/div>\t\t\t\t<\/div>\n\t\t\t\t<\/div>\n\t\t\t\t<div class=\"elementor-element elementor-element-74efe47 elementor-position-top elementor-widget elementor-widget-image-box\" data-id=\"74efe47\" data-element_type=\"widget\" data-e-type=\"widget\" data-widget_type=\"image-box.default\">\n\t\t\t\t<div class=\"elementor-widget-container\">\n\t\t\t\t\t<div class=\"elementor-image-box-wrapper\"><figure class=\"elementor-image-box-img\"><a href=\"#\" tabindex=\"-1\"><img decoding=\"async\" width=\"496\" height=\"294\" src=\"https:\/\/www.sagasta.cz\/wp-content\/uploads\/2025\/07\/projekty-cb.webp\" class=\"attachment-full size-full wp-image-2183\" alt=\"\" srcset=\"https:\/\/www.sagasta.cz\/wp-content\/uploads\/2025\/07\/projekty-cb.webp 496w, https:\/\/www.sagasta.cz\/wp-content\/uploads\/2025\/07\/projekty-cb-300x178.webp 300w\" sizes=\"(max-width: 496px) 100vw, 496px\" \/><\/a><\/figure><div class=\"elementor-image-box-content\"><h4 class=\"elementor-image-box-title\"><a href=\"#\">\u010cesk\u00e9 Bud\u011bjovice<\/a><\/h4><\/div><\/div>\t\t\t\t<\/div>\n\t\t\t\t<\/div>\n\t\t\t\t<div class=\"elementor-element elementor-element-55b85d7 elementor-position-top elementor-widget elementor-widget-image-box\" data-id=\"55b85d7\" data-element_type=\"widget\" data-e-type=\"widget\" data-widget_type=\"image-box.default\">\n\t\t\t\t<div class=\"elementor-widget-container\">\n\t\t\t\t\t<div class=\"elementor-image-box-wrapper\"><figure class=\"elementor-image-box-img\"><a href=\"#\" tabindex=\"-1\"><img decoding=\"async\" src=\"https:\/\/www.sagasta.cz\/wp-content\/uploads\/2025\/05\/plzen-jizni-predmesti-1-img.webp\" title=\"\" alt=\"Realizace Plze\u0148 Ji\u017en\u00ed P\u0159edm\u011bst\u00ed\" loading=\"lazy\" \/><\/a><\/figure><div class=\"elementor-image-box-content\"><h4 class=\"elementor-image-box-title\"><a href=\"#\">D\u011btmarovice - Petrovice u&nbsp;K.<\/a><\/h4><\/div><\/div>\t\t\t\t<\/div>\n\t\t\t\t<\/div>\n\t\t\t\t<div class=\"elementor-element elementor-element-aedef91 elementor-position-top elementor-widget elementor-widget-image-box\" data-id=\"aedef91\" data-element_type=\"widget\" data-e-type=\"widget\" data-widget_type=\"image-box.default\">\n\t\t\t\t<div class=\"elementor-widget-container\">\n\t\t\t\t\t<div class=\"elementor-image-box-wrapper\"><figure class=\"elementor-image-box-img\"><a href=\"#\" tabindex=\"-1\"><img decoding=\"async\" src=\"https:\/\/www.sagasta.cz\/wp-content\/uploads\/2025\/05\/plzen-jizni-predmesti-1-img.webp\" title=\"\" alt=\"Realizace Plze\u0148 Ji\u017en\u00ed P\u0159edm\u011bst\u00ed\" loading=\"lazy\" \/><\/a><\/figure><div class=\"elementor-image-box-content\"><h4 class=\"elementor-image-box-title\"><a href=\"#\">Mlad\u00e1 Boleslav<\/a><\/h4><\/div><\/div>\t\t\t\t<\/div>\n\t\t\t\t<\/div>\n\t\t\t\t<div class=\"elementor-element elementor-element-7fd0d70 elementor-position-top elementor-widget elementor-widget-image-box\" data-id=\"7fd0d70\" data-element_type=\"widget\" data-e-type=\"widget\" data-widget_type=\"image-box.default\">\n\t\t\t\t<div class=\"elementor-widget-container\">\n\t\t\t\t\t<div class=\"elementor-image-box-wrapper\"><figure class=\"elementor-image-box-img\"><a href=\"https:\/\/www.sagasta.cz\/en\/projects\/revitalisation-and-electrification-of-oldrichov-u-duchova-litvinov-line-oldrichov-litvinov-line\/\" tabindex=\"-1\"><img decoding=\"async\" src=\"https:\/\/www.sagasta.cz\/wp-content\/uploads\/2025\/05\/oldrichov-litvinov-1-img.webp\" title=\"\" alt=\"Realizace Old\u0159ichov-Litv\u00ednov\" loading=\"lazy\" \/><\/a><\/figure><div class=\"elementor-image-box-content\"><h4 class=\"elementor-image-box-title\"><a href=\"https:\/\/www.sagasta.cz\/en\/projects\/revitalisation-and-electrification-of-oldrichov-u-duchova-litvinov-line-oldrichov-litvinov-line\/\">Old\u0159ichov u&nbsp;Duchova - Litv\u00ednov<\/a><\/h4><\/div><\/div>\t\t\t\t<\/div>\n\t\t\t\t<\/div>\n\t\t\t\t<div class=\"elementor-element elementor-element-1f4ea19 elementor-position-top elementor-widget elementor-widget-image-box\" data-id=\"1f4ea19\" data-element_type=\"widget\" data-e-type=\"widget\" data-widget_type=\"image-box.default\">\n\t\t\t\t<div class=\"elementor-widget-container\">\n\t\t\t\t\t<div class=\"elementor-image-box-wrapper\"><figure class=\"elementor-image-box-img\"><a href=\"#\" tabindex=\"-1\"><img decoding=\"async\" src=\"https:\/\/www.sagasta.cz\/wp-content\/uploads\/2025\/05\/plzen-jizni-predmesti-1-img.webp\" title=\"\" alt=\"Realizace Plze\u0148 Ji\u017en\u00ed P\u0159edm\u011bst\u00ed\" loading=\"lazy\" \/><\/a><\/figure><div class=\"elementor-image-box-content\"><h4 class=\"elementor-image-box-title\"><a href=\"#\">Osek - Moldava<\/a><\/h4><\/div><\/div>\t\t\t\t<\/div>\n\t\t\t\t<\/div>\n\t\t\t\t<div class=\"elementor-element elementor-element-41530c4 elementor-position-top elementor-widget elementor-widget-image-box\" data-id=\"41530c4\" data-element_type=\"widget\" data-e-type=\"widget\" data-widget_type=\"image-box.default\">\n\t\t\t\t<div class=\"elementor-widget-container\">\n\t\t\t\t\t<div class=\"elementor-image-box-wrapper\"><figure class=\"elementor-image-box-img\"><a href=\"#\" tabindex=\"-1\"><img decoding=\"async\" src=\"https:\/\/www.sagasta.cz\/wp-content\/uploads\/2025\/05\/plzen-jizni-predmesti-1-img.webp\" title=\"\" alt=\"Realizace Plze\u0148 Ji\u017en\u00ed P\u0159edm\u011bst\u00ed\" loading=\"lazy\" \/><\/a><\/figure><div class=\"elementor-image-box-content\"><h4 class=\"elementor-image-box-title\"><a href=\"#\">P\u0159ibyslav - Pohled<\/a><\/h4><\/div><\/div>\t\t\t\t<\/div>\n\t\t\t\t<\/div>\n\t\t\t\t<div class=\"elementor-element elementor-element-0d6bbea elementor-position-top elementor-widget elementor-widget-image-box\" data-id=\"0d6bbea\" data-element_type=\"widget\" data-e-type=\"widget\" data-widget_type=\"image-box.default\">\n\t\t\t\t<div class=\"elementor-widget-container\">\n\t\t\t\t\t<div class=\"elementor-image-box-wrapper\"><figure class=\"elementor-image-box-img\"><a href=\"https:\/\/www.sagasta.cz\/en\/projects\/construction-of-the-rajhrad-branch-rajhrad\/\" tabindex=\"-1\"><img decoding=\"async\" src=\"https:\/\/www.sagasta.cz\/wp-content\/uploads\/2025\/05\/rajhrad-1-img.webp\" title=\"\" alt=\"Realizace Rajhrad\" loading=\"lazy\" \/><\/a><\/figure><div class=\"elementor-image-box-content\"><h4 class=\"elementor-image-box-title\"><a href=\"https:\/\/www.sagasta.cz\/en\/projects\/construction-of-the-rajhrad-branch-rajhrad\/\">Rajhrad<\/a><\/h4><\/div><\/div>\t\t\t\t<\/div>\n\t\t\t\t<\/div>\n\t\t\t\t<\/div>\n\t\t\t\t<\/div>\n\t\t<div class=\"elementor-element elementor-element-aa12dac e-con-full e-flex e-con e-child\" data-id=\"aa12dac\" data-element_type=\"container\" data-e-type=\"container\">\n\t\t\t\t<div class=\"elementor-element elementor-element-daac173 elementor-widget elementor-widget-heading\" data-id=\"daac173\" data-element_type=\"widget\" data-e-type=\"widget\" data-widget_type=\"heading.default\">\n\t\t\t\t<div class=\"elementor-widget-container\">\n\t\t\t\t\t<h3 class=\"elementor-heading-title elementor-size-default\">Related articles<\/h3>\t\t\t\t<\/div>\n\t\t\t\t<\/div>\n\t\t\t\t<\/div>\n\t\t\t\t\t<\/div>\n\t\t\t\t<\/div>\n\t\t<div class=\"elementor-element elementor-element-ced1b33 e-con-full e-flex e-con e-parent\" data-id=\"ced1b33\" data-element_type=\"container\" data-e-type=\"container\">\n\t\t\t\t<div class=\"elementor-element elementor-element-7487ba0 elementor-widget elementor-widget-template\" data-id=\"7487ba0\" data-element_type=\"widget\" data-e-type=\"widget\" data-widget_type=\"template.default\">\n\t\t\t\t<div class=\"elementor-widget-container\">\n\t\t\t\t\t\t\t<div class=\"elementor-template\">\n\t\t\t\t\t<div data-elementor-type=\"container\" data-elementor-id=\"2395\" class=\"elementor elementor-2395 elementor-813 elementor-813\" data-elementor-post-type=\"elementor_library\">\n\t\t\t\t<div class=\"elementor-element elementor-element-23acc4e7 e-grid e-con-boxed e-con e-parent\" data-id=\"23acc4e7\" data-element_type=\"container\" data-e-type=\"container\" data-settings=\"{&quot;background_background&quot;:&quot;classic&quot;}\">\n\t\t\t\t\t<div class=\"e-con-inner\">\n\t\t\t\t<div class=\"elementor-element elementor-element-294fe4ad elementor-widget elementor-widget-counter\" data-id=\"294fe4ad\" data-element_type=\"widget\" data-e-type=\"widget\" data-widget_type=\"counter.default\">\n\t\t\t\t<div class=\"elementor-widget-container\">\n\t\t\t\t\t\t\t<div class=\"elementor-counter\">\n\t\t\t<div class=\"elementor-counter-title\">Years on the Market<\/div>\t\t\t<div class=\"elementor-counter-number-wrapper\">\n\t\t\t\t<span class=\"elementor-counter-number-prefix\"><\/span>\n\t\t\t\t<span class=\"elementor-counter-number\" data-duration=\"2000\" data-to-value=\"10\" data-from-value=\"0\" data-delimiter=\",\">0<\/span>\n\t\t\t\t<span class=\"elementor-counter-number-suffix\"><\/span>\n\t\t\t<\/div>\n\t\t<\/div>\n\t\t\t\t\t\t<\/div>\n\t\t\t\t<\/div>\n\t\t\t\t<div class=\"elementor-element elementor-element-3e1cd1e0 elementor-widget elementor-widget-counter\" data-id=\"3e1cd1e0\" data-element_type=\"widget\" data-e-type=\"widget\" data-widget_type=\"counter.default\">\n\t\t\t\t<div class=\"elementor-widget-container\">\n\t\t\t\t\t\t\t<div class=\"elementor-counter\">\n\t\t\t<div class=\"elementor-counter-title\">Employees<\/div>\t\t\t<div class=\"elementor-counter-number-wrapper\">\n\t\t\t\t<span class=\"elementor-counter-number-prefix\"><\/span>\n\t\t\t\t<span class=\"elementor-counter-number\" data-duration=\"2000\" data-to-value=\"220\" data-from-value=\"0\" data-delimiter=\",\">0<\/span>\n\t\t\t\t<span class=\"elementor-counter-number-suffix\"><\/span>\n\t\t\t<\/div>\n\t\t<\/div>\n\t\t\t\t\t\t<\/div>\n\t\t\t\t<\/div>\n\t\t\t\t<div class=\"elementor-element elementor-element-2720ff4f elementor-widget elementor-widget-counter\" data-id=\"2720ff4f\" data-element_type=\"widget\" data-e-type=\"widget\" data-widget_type=\"counter.default\">\n\t\t\t\t<div class=\"elementor-widget-container\">\n\t\t\t\t\t\t\t<div class=\"elementor-counter\">\n\t\t\t<div class=\"elementor-counter-title\">Projects<\/div>\t\t\t<div class=\"elementor-counter-number-wrapper\">\n\t\t\t\t<span class=\"elementor-counter-number-prefix\"><\/span>\n\t\t\t\t<span class=\"elementor-counter-number\" data-duration=\"2000\" data-to-value=\"1000\" data-from-value=\"0\" data-delimiter=\" \">0<\/span>\n\t\t\t\t<span class=\"elementor-counter-number-suffix\">+<\/span>\n\t\t\t<\/div>\n\t\t<\/div>\n\t\t\t\t\t\t<\/div>\n\t\t\t\t<\/div>\n\t\t\t\t<div class=\"elementor-element elementor-element-ad069aa elementor-widget elementor-widget-counter\" data-id=\"ad069aa\" data-element_type=\"widget\" data-e-type=\"widget\" data-widget_type=\"counter.default\">\n\t\t\t\t<div class=\"elementor-widget-container\">\n\t\t\t\t\t\t\t<div class=\"elementor-counter\">\n\t\t\t<div class=\"elementor-counter-title\">Turnover for 2024<\/div>\t\t\t<div class=\"elementor-counter-number-wrapper\">\n\t\t\t\t<span class=\"elementor-counter-number-prefix\"><\/span>\n\t\t\t\t<span class=\"elementor-counter-number\" data-duration=\"2000\" data-to-value=\"520000000\" data-from-value=\"0\" data-delimiter=\" \">0<\/span>\n\t\t\t\t<span class=\"elementor-counter-number-suffix\"><\/span>\n\t\t\t<\/div>\n\t\t<\/div>\n\t\t\t\t\t\t<\/div>\n\t\t\t\t<\/div>\n\t\t\t\t\t<\/div>\n\t\t\t\t<\/div>\n\t\t\t\t<\/div>\n\t\t\t\t<\/div>\n\t\t\t\t\t\t<\/div>\n\t\t\t\t<\/div>\n\t\t\t\t<\/div>\n\t\t\t\t<\/div>\n\t\t","protected":false},"excerpt":{"rendered":"<p>At SAGASTA, we specialise in designing various types of water management structures, including water supply systems, water treatment plants and wastewater treatment plants. We will gladly prepare projects for the construction, reconstruction and repair of water infrastructure. We also assist with flood protection, retention tanks and watercourse modifications. As we place strong emphasis on ecology, [&hellip;]<\/p>\n","protected":false},"author":2,"featured_media":0,"parent":2141,"menu_order":0,"comment_status":"closed","ping_status":"closed","template":"elementor_header_footer","meta":{"footnotes":"","_links_to":"","_links_to_target":""},"class_list":["post-2244","page","type-page","status-publish","hentry"],"_links":{"self":[{"href":"https:\/\/www.sagasta.cz\/en\/wp-json\/wp\/v2\/pages\/2244","targetHints":{"allow":["GET"]}}],"collection":[{"href":"https:\/\/www.sagasta.cz\/en\/wp-json\/wp\/v2\/pages"}],"about":[{"href":"https:\/\/www.sagasta.cz\/en\/wp-json\/wp\/v2\/types\/page"}],"author":[{"embeddable":true,"href":"https:\/\/www.sagasta.cz\/en\/wp-json\/wp\/v2\/users\/2"}],"replies":[{"embeddable":true,"href":"https:\/\/www.sagasta.cz\/en\/wp-json\/wp\/v2\/comments?post=2244"}],"version-history":[{"count":0,"href":"https:\/\/www.sagasta.cz\/en\/wp-json\/wp\/v2\/pages\/2244\/revisions"}],"up":[{"embeddable":true,"href":"https:\/\/www.sagasta.cz\/en\/wp-json\/wp\/v2\/pages\/2141"}],"wp:attachment":[{"href":"https:\/\/www.sagasta.cz\/en\/wp-json\/wp\/v2\/media?parent=2244"}],"curies":[{"name":"wp","href":"https:\/\/api.w.org\/{rel}","templated":true}]}}