{"id":2235,"date":"2025-05-21T11:13:16","date_gmt":"2025-05-21T09:13:16","guid":{"rendered":"https:\/\/www.sagasta.cz\/services\/underground-constructions\/"},"modified":"2025-12-16T14:08:01","modified_gmt":"2025-12-16T13:08:01","slug":"underground-constructions","status":"publish","type":"page","link":"https:\/\/www.sagasta.cz\/en\/services\/underground-constructions\/","title":{"rendered":"Underground Constructions"},"content":{"rendered":"\t\t<div data-elementor-type=\"wp-page\" data-elementor-id=\"2235\" class=\"elementor elementor-2235 elementor-533\" data-elementor-post-type=\"page\">\n\t\t\t\t<div class=\"elementor-element elementor-element-68aa982 e-flex e-con-boxed e-con e-parent\" data-id=\"68aa982\" data-element_type=\"container\" data-e-type=\"container\" data-settings=\"{&quot;background_background&quot;:&quot;classic&quot;}\">\n\t\t\t\t\t<div class=\"e-con-inner\">\n\t\t\t\t\t<\/div>\n\t\t\t\t<\/div>\n\t\t<div class=\"elementor-element elementor-element-6d5edd7 e-flex e-con-boxed e-con e-parent\" data-id=\"6d5edd7\" data-element_type=\"container\" data-e-type=\"container\">\n\t\t\t\t\t<div class=\"e-con-inner\">\n\t\t\t\t<div class=\"elementor-element elementor-element-60351d8 elementor-cta--valign-middle elementor-cta--skin-classic elementor-animated-content elementor-bg-transform elementor-bg-transform-zoom-in elementor-widget elementor-widget-call-to-action\" data-id=\"60351d8\" data-element_type=\"widget\" data-e-type=\"widget\" data-widget_type=\"call-to-action.default\">\n\t\t\t\t<div class=\"elementor-widget-container\">\n\t\t\t\t\t\t\t<div class=\"elementor-cta\">\n\t\t\t\t\t\t\t<div class=\"elementor-cta__content\">\n\t\t\t\t\t\t\t\t\t<div class=\"elementor-content-item elementor-cta__content-item elementor-icon-wrapper elementor-cta__icon elementor-view-default\">\n\t\t\t\t\t\t<div class=\"elementor-icon\">\n\t\t\t\t\t\t\t<svg xmlns=\"http:\/\/www.w3.org\/2000\/svg\" width=\"73.095\" height=\"73.124\" viewBox=\"0 0 73.095 73.124\"><g id=\"tunnel\" transform=\"translate(-2 -2)\"><path id=\"Path_184\" data-name=\"Path 184\" d=\"M47.873,55.9s-.806-2.279-.828-2.311l-1.516-4.3c-.763-2.15-2.322-6.45-3.085-8.6a1.075,1.075,0,0,0-2.021.731l1,2.881h-8.6l1.021-2.859a1.075,1.075,0,0,0-2.021-.731c-.763,2.15-2.322,6.45-3.085,8.6l-1.516,4.3c-.355.967-5.633,15.769-6.149,17.2a1.075,1.075,0,1,0,2.021.731l1.268-3.59H49.883l1.279,3.59a1.074,1.074,0,1,0,2.021-.731ZM32.05,46.449H42.2l.774,2.15h-11.7Zm-1.537,4.3H43.735l.774,2.15H29.739Zm-1.989,5.719.451-1.419h16.3l.763,2.15H28.213ZM27.45,59.348H46.8l.763,2.15H26.676Zm-2.3,6.45.763-2.15H48.346l.763,2.15Z\" transform=\"translate(1.424 2.848)\" fill=\"#fff\"><\/path><path id=\"Path_185\" data-name=\"Path 185\" d=\"M74.02,8.45H71.87V4.15h2.15a1.075,1.075,0,0,0,0-2.15H3.075a1.075,1.075,0,0,0,0,2.15h2.15v4.3H3.075A1.075,1.075,0,0,0,2,9.524v4.3A1.075,1.075,0,0,0,3.075,14.9h2.15V74.02A1.075,1.075,0,0,0,6.3,75.095H19.2a1.139,1.139,0,0,0,1.01-.709l10.749-30.1a.714.714,0,0,1,.064-.365v-6.45A7.578,7.578,0,0,1,41.772,30.6a7.191,7.191,0,0,1,4.3,6.729v6.45h0a2.826,2.826,0,0,0,.064.419L56.886,74.3a1.139,1.139,0,0,0,1.01.8H70.8A1.075,1.075,0,0,0,71.87,74.02V14.9h2.15a1.075,1.075,0,0,0,1.075-1.075v-4.3A1.075,1.075,0,0,0,74.02,8.45ZM66.5,4.15H69.72v4.3H66.5Zm-5.375,0h3.225v4.3H61.121Zm-5.375,0h3.225v4.3H55.746Zm-5.375,0H53.6v4.3H50.372ZM45,4.15h3.225v4.3H45Zm-5.375,0h3.225v4.3H39.622Zm-5.375,0h3.225v4.3H34.248Zm-5.375,0H32.1v4.3H28.873Zm-5.375,0h3.225v4.3H23.5Zm-5.375,0h3.225v4.3H18.124Zm-5.375,0h3.225v4.3H12.749Zm-5.375,0H10.6v4.3H7.375Zm0,68.8V57.9h2.15v3.225a1.075,1.075,0,1,0,2.15,0V57.9h4.3a1.075,1.075,0,0,0,0-2.15H14.9V53.6h3.225V72.945Zm3.225-30.1a1.075,1.075,0,0,0,1.075-1.075v-2.15h6.45V51.447H7.375V39.622h2.15v2.15A1.075,1.075,0,0,0,10.6,42.847ZM12.749,53.6v2.15H7.375V53.6Zm35.473-9.857V37.365a9.363,9.363,0,0,0-5.568-8.718,9.836,9.836,0,0,0-12.8,4.525c-1.483,2.386-.86,7.815-.978,10.567l-8.6,24.078v-28.2a18.274,18.274,0,0,1,36.547,0V67.807Zm21.5,29.206H58.971V53.6H62.2v2.15H61.121a1.075,1.075,0,0,0,0,2.15h4.3v3.225a1.075,1.075,0,1,0,2.15,0V57.9h2.15Zm0-17.2H64.346V53.6H69.72Zm0-4.3H58.971V39.622h2.15v2.15a1.075,1.075,0,0,0,2.15,0v-2.15h6.45Zm0-30.1H66.5V19.2H69.72Zm0-4.3H53.6a1.075,1.075,0,0,0,0,2.15h3.225v2.15H55.746a1.075,1.075,0,1,0,0,2.15h4.3v3.225a1.075,1.075,0,0,0,2.15,0V23.5H69.72V37.473H67.57v-2.15a1.075,1.075,0,0,0-2.15,0v2.15H58.853c-3.225-24.218-37.354-24.293-40.611,0H15.974v-2.15a1.075,1.075,0,0,0-2.15,0v2.15H7.375V19.2H14.9v2.15H10.6a1.075,1.075,0,1,0,0,2.15h1.075v2.15a1.075,1.075,0,1,0,2.15,0V23.5H23.5a1.075,1.075,0,1,0,0-2.15h-2.15V19.2h1.075a1.075,1.075,0,1,0,0-2.15H7.375V14.9H69.72ZM64.346,19.2v2.15H58.971V19.2Zm-47.3,2.15V19.2H19.2v2.15Zm55.9-8.6H4.15V10.6h68.8Z\" fill=\"#fff\"><\/path><\/g><\/svg>\t\t\t\t\t\t<\/div>\n\t\t\t\t\t<\/div>\n\t\t\t\t\n\t\t\t\t\n\t\t\t\t\t\t\t\t\t<div class=\"elementor-cta__description elementor-cta__content-item elementor-content-item\">\n\t\t\t\t\t\tAt SAGASTA, we know how to dig deep into our projects. We can assist you with designs and consultations for both reconstruction and construction of underground structures, including tunnels, underpasses, or underground garages and car parks. As these structures require special care, SAGASTA holds not only all the necessary authorisations but also the knowledge gained from previous successful projects. You can see some of them below.   \t\t\t\t\t<\/div>\n\t\t\t\t\n\t\t\t\t\t\t\t<\/div>\n\t\t\t\t\t\t<\/div>\n\t\t\t\t\t\t<\/div>\n\t\t\t\t<\/div>\n\t\t<div class=\"elementor-element elementor-element-c8b6c78 e-con-full e-flex e-con e-child\" data-id=\"c8b6c78\" data-element_type=\"container\" data-e-type=\"container\">\n\t\t<div class=\"elementor-element elementor-element-c9e7aec e-con-full e-flex e-con e-child\" data-id=\"c9e7aec\" data-element_type=\"container\" data-e-type=\"container\" data-settings=\"{&quot;background_background&quot;:&quot;classic&quot;}\">\n\t\t\t\t<div class=\"elementor-element elementor-element-c3b1498 elementor-widget elementor-widget-text-editor\" data-id=\"c3b1498\" data-element_type=\"widget\" data-e-type=\"widget\" data-widget_type=\"text-editor.default\">\n\t\t\t\t<div class=\"elementor-widget-container\">\n\t\t\t\t\t\t\t\t\t<h3>We also design<\/h3><ul><li>Tunnels<\/li><li>Underpasses<\/li><li>Underground railways<\/li><li>Underground garages and car parks<\/li><\/ul>\t\t\t\t\t\t\t\t<\/div>\n\t\t\t\t<\/div>\n\t\t\t\t<\/div>\n\t\t<div class=\"elementor-element elementor-element-5fd51ca e-con-full e-flex e-con e-child\" data-id=\"5fd51ca\" data-element_type=\"container\" data-e-type=\"container\" data-settings=\"{&quot;background_background&quot;:&quot;classic&quot;}\">\n\t\t\t\t<div class=\"elementor-element elementor-element-e452e4f elementor-widget elementor-widget-text-editor\" data-id=\"e452e4f\" data-element_type=\"widget\" data-e-type=\"widget\" data-widget_type=\"text-editor.default\">\n\t\t\t\t<div class=\"elementor-widget-container\">\n\t\t\t\t\t\t\t\t\t<h3>Our achievements<\/h3><p><a href=\"https:\/\/www.facebook.com\/permalink.php?story_fbid=pfbid02qkRsUHZzR86491b23AHLgPD5prWpVGfE46MbSiSUTkYserDKxsYox8wyKr6iipc4l&amp;id=100076194090618\" target=\"_blank\" rel=\"noopener\">SAGASTA is the author of the idea of using geothermal energy within Metro Line D.<\/a><\/p>\t\t\t\t\t\t\t\t<\/div>\n\t\t\t\t<\/div>\n\t\t\t\t<\/div>\n\t\t\t\t<\/div>\n\t\t<div class=\"elementor-element elementor-element-97ba105 e-con-full e-flex e-con e-child\" data-id=\"97ba105\" data-element_type=\"container\" data-e-type=\"container\" data-settings=\"{&quot;background_background&quot;:&quot;classic&quot;}\">\n\t\t\t\t<div class=\"elementor-element elementor-element-f8375b1 elementor-widget elementor-widget-heading\" data-id=\"f8375b1\" data-element_type=\"widget\" data-e-type=\"widget\" data-widget_type=\"heading.default\">\n\t\t\t\t<div class=\"elementor-widget-container\">\n\t\t\t\t\t<h3 class=\"elementor-heading-title elementor-size-default\">Selection of our projects<\/h3>\t\t\t\t<\/div>\n\t\t\t\t<\/div>\n\t\t<div class=\"elementor-element elementor-element-a04f599 e-grid e-con-full e-con e-child\" data-id=\"a04f599\" data-element_type=\"container\" data-e-type=\"container\">\n\t\t\t\t<div class=\"elementor-element elementor-element-ab0951e elementor-position-top elementor-widget elementor-widget-image-box\" data-id=\"ab0951e\" data-element_type=\"widget\" data-e-type=\"widget\" data-widget_type=\"image-box.default\">\n\t\t\t\t<div class=\"elementor-widget-container\">\n\t\t\t\t\t<div class=\"elementor-image-box-wrapper\"><figure class=\"elementor-image-box-img\"><a href=\"#\" tabindex=\"-1\"><img fetchpriority=\"high\" decoding=\"async\" width=\"640\" height=\"360\" src=\"https:\/\/www.sagasta.cz\/wp-content\/uploads\/2025\/07\/silnicni-jihocesky-kraj-tunel-petidomi.webp\" class=\"attachment-full size-full wp-image-2229\" alt=\"\" srcset=\"https:\/\/www.sagasta.cz\/wp-content\/uploads\/2025\/07\/silnicni-jihocesky-kraj-tunel-petidomi.webp 640w, https:\/\/www.sagasta.cz\/wp-content\/uploads\/2025\/07\/silnicni-jihocesky-kraj-tunel-petidomi-300x169.webp 300w\" sizes=\"(max-width: 640px) 100vw, 640px\" \/><\/a><\/figure><div class=\"elementor-image-box-content\"><h4 class=\"elementor-image-box-title\"><a href=\"#\">\u010cesk\u00e9 Bud\u011bjovice<\/a><\/h4><\/div><\/div>\t\t\t\t<\/div>\n\t\t\t\t<\/div>\n\t\t\t\t<div class=\"elementor-element elementor-element-d02d41b elementor-position-top elementor-widget elementor-widget-image-box\" data-id=\"d02d41b\" data-element_type=\"widget\" data-e-type=\"widget\" data-widget_type=\"image-box.default\">\n\t\t\t\t<div class=\"elementor-widget-container\">\n\t\t\t\t\t<div class=\"elementor-image-box-wrapper\"><figure class=\"elementor-image-box-img\"><a href=\"#\" tabindex=\"-1\"><img decoding=\"async\" width=\"810\" height=\"391\" src=\"https:\/\/www.sagasta.cz\/wp-content\/uploads\/2025\/07\/podzemni-dolnolucansky-tunel.webp\" class=\"attachment-full size-full wp-image-2230\" alt=\"\" srcset=\"https:\/\/www.sagasta.cz\/wp-content\/uploads\/2025\/07\/podzemni-dolnolucansky-tunel.webp 810w, https:\/\/www.sagasta.cz\/wp-content\/uploads\/2025\/07\/podzemni-dolnolucansky-tunel-300x145.webp 300w, https:\/\/www.sagasta.cz\/wp-content\/uploads\/2025\/07\/podzemni-dolnolucansky-tunel-768x371.webp 768w\" sizes=\"(max-width: 810px) 100vw, 810px\" \/><\/a><\/figure><div class=\"elementor-image-box-content\"><h4 class=\"elementor-image-box-title\"><a href=\"#\">Dolnolu\u010dansk\u00fd tunel<\/a><\/h4><\/div><\/div>\t\t\t\t<\/div>\n\t\t\t\t<\/div>\n\t\t\t\t<div class=\"elementor-element elementor-element-c030cb7 elementor-position-top elementor-widget elementor-widget-image-box\" data-id=\"c030cb7\" data-element_type=\"widget\" data-e-type=\"widget\" data-widget_type=\"image-box.default\">\n\t\t\t\t<div class=\"elementor-widget-container\">\n\t\t\t\t\t<div class=\"elementor-image-box-wrapper\"><figure class=\"elementor-image-box-img\"><a href=\"#\" tabindex=\"-1\"><img decoding=\"async\" width=\"1920\" height=\"1274\" src=\"https:\/\/www.sagasta.cz\/wp-content\/uploads\/2025\/07\/podzemni-polubensky-tunel.webp\" class=\"attachment-full size-full wp-image-2231\" alt=\"\" srcset=\"https:\/\/www.sagasta.cz\/wp-content\/uploads\/2025\/07\/podzemni-polubensky-tunel.webp 1920w, https:\/\/www.sagasta.cz\/wp-content\/uploads\/2025\/07\/podzemni-polubensky-tunel-300x199.webp 300w, https:\/\/www.sagasta.cz\/wp-content\/uploads\/2025\/07\/podzemni-polubensky-tunel-1024x679.webp 1024w, https:\/\/www.sagasta.cz\/wp-content\/uploads\/2025\/07\/podzemni-polubensky-tunel-768x510.webp 768w, https:\/\/www.sagasta.cz\/wp-content\/uploads\/2025\/07\/podzemni-polubensky-tunel-1536x1019.webp 1536w\" sizes=\"(max-width: 1920px) 100vw, 1920px\" \/><\/a><\/figure><div class=\"elementor-image-box-content\"><h4 class=\"elementor-image-box-title\"><a href=\"#\">Polubensk\u00fd tunel<\/a><\/h4><\/div><\/div>\t\t\t\t<\/div>\n\t\t\t\t<\/div>\n\t\t\t\t<div class=\"elementor-element elementor-element-7d1f4ed elementor-position-top elementor-widget elementor-widget-image-box\" data-id=\"7d1f4ed\" data-element_type=\"widget\" data-e-type=\"widget\" data-widget_type=\"image-box.default\">\n\t\t\t\t<div class=\"elementor-widget-container\">\n\t\t\t\t\t<div class=\"elementor-image-box-wrapper\"><figure class=\"elementor-image-box-img\"><a href=\"#\" tabindex=\"-1\"><img loading=\"lazy\" decoding=\"async\" width=\"2000\" height=\"1542\" src=\"https:\/\/www.sagasta.cz\/wp-content\/uploads\/2025\/07\/podzemni-praha-mapa.webp\" class=\"attachment-full size-full wp-image-2232\" alt=\"\" srcset=\"https:\/\/www.sagasta.cz\/wp-content\/uploads\/2025\/07\/podzemni-praha-mapa.webp 2000w, https:\/\/www.sagasta.cz\/wp-content\/uploads\/2025\/07\/podzemni-praha-mapa-300x231.webp 300w, https:\/\/www.sagasta.cz\/wp-content\/uploads\/2025\/07\/podzemni-praha-mapa-1024x790.webp 1024w, https:\/\/www.sagasta.cz\/wp-content\/uploads\/2025\/07\/podzemni-praha-mapa-768x592.webp 768w, https:\/\/www.sagasta.cz\/wp-content\/uploads\/2025\/07\/podzemni-praha-mapa-1536x1184.webp 1536w\" sizes=\"(max-width: 2000px) 100vw, 2000px\" \/><\/a><\/figure><div class=\"elementor-image-box-content\"><h4 class=\"elementor-image-box-title\"><a href=\"#\">Praha<\/a><\/h4><\/div><\/div>\t\t\t\t<\/div>\n\t\t\t\t<\/div>\n\t\t\t\t<div class=\"elementor-element elementor-element-0015d17 elementor-position-top elementor-widget elementor-widget-image-box\" data-id=\"0015d17\" data-element_type=\"widget\" data-e-type=\"widget\" data-widget_type=\"image-box.default\">\n\t\t\t\t<div class=\"elementor-widget-container\">\n\t\t\t\t\t<div class=\"elementor-image-box-wrapper\"><figure class=\"elementor-image-box-img\"><a href=\"#\" tabindex=\"-1\"><img loading=\"lazy\" decoding=\"async\" width=\"533\" height=\"582\" src=\"https:\/\/www.sagasta.cz\/wp-content\/uploads\/2025\/07\/podzemni-trutnov.webp\" class=\"attachment-full size-full wp-image-2233\" alt=\"\" srcset=\"https:\/\/www.sagasta.cz\/wp-content\/uploads\/2025\/07\/podzemni-trutnov.webp 533w, https:\/\/www.sagasta.cz\/wp-content\/uploads\/2025\/07\/podzemni-trutnov-275x300.webp 275w\" sizes=\"(max-width: 533px) 100vw, 533px\" \/><\/a><\/figure><div class=\"elementor-image-box-content\"><h4 class=\"elementor-image-box-title\"><a href=\"#\">Trutnov<\/a><\/h4><\/div><\/div>\t\t\t\t<\/div>\n\t\t\t\t<\/div>\n\t\t\t\t<div class=\"elementor-element elementor-element-61d0543 elementor-position-top elementor-widget elementor-widget-image-box\" data-id=\"61d0543\" data-element_type=\"widget\" data-e-type=\"widget\" data-widget_type=\"image-box.default\">\n\t\t\t\t<div class=\"elementor-widget-container\">\n\t\t\t\t\t<div class=\"elementor-image-box-wrapper\"><figure class=\"elementor-image-box-img\"><a href=\"#\" tabindex=\"-1\"><img loading=\"lazy\" decoding=\"async\" width=\"400\" height=\"225\" src=\"https:\/\/www.sagasta.cz\/wp-content\/uploads\/2025\/07\/podzemni-zveroticky-tunel.webp\" class=\"attachment-full size-full wp-image-2234\" alt=\"\" srcset=\"https:\/\/www.sagasta.cz\/wp-content\/uploads\/2025\/07\/podzemni-zveroticky-tunel.webp 400w, https:\/\/www.sagasta.cz\/wp-content\/uploads\/2025\/07\/podzemni-zveroticky-tunel-300x169.webp 300w\" sizes=\"(max-width: 400px) 100vw, 400px\" \/><\/a><\/figure><div class=\"elementor-image-box-content\"><h4 class=\"elementor-image-box-title\"><a href=\"#\">Zv\u011brotick\u00fd tunel<\/a><\/h4><\/div><\/div>\t\t\t\t<\/div>\n\t\t\t\t<\/div>\n\t\t\t\t<\/div>\n\t\t\t\t<\/div>\n\t\t<div class=\"elementor-element elementor-element-de1cd09 e-con-full e-flex e-con e-child\" data-id=\"de1cd09\" data-element_type=\"container\" data-e-type=\"container\">\n\t\t\t\t<div class=\"elementor-element elementor-element-7b37854 elementor-widget elementor-widget-heading\" data-id=\"7b37854\" data-element_type=\"widget\" data-e-type=\"widget\" data-widget_type=\"heading.default\">\n\t\t\t\t<div class=\"elementor-widget-container\">\n\t\t\t\t\t<h3 class=\"elementor-heading-title elementor-size-default\">Related articles<\/h3>\t\t\t\t<\/div>\n\t\t\t\t<\/div>\n\t\t\t\t<\/div>\n\t\t\t\t\t<\/div>\n\t\t\t\t<\/div>\n\t\t<div class=\"elementor-element elementor-element-8083658 e-con-full e-flex e-con e-parent\" data-id=\"8083658\" data-element_type=\"container\" data-e-type=\"container\">\n\t\t\t\t<div class=\"elementor-element elementor-element-47dae71 elementor-widget elementor-widget-template\" data-id=\"47dae71\" data-element_type=\"widget\" data-e-type=\"widget\" data-widget_type=\"template.default\">\n\t\t\t\t<div class=\"elementor-widget-container\">\n\t\t\t\t\t\t\t<div class=\"elementor-template\">\n\t\t\t\t\t<div data-elementor-type=\"container\" data-elementor-id=\"2395\" class=\"elementor elementor-2395 elementor-813 elementor-813\" data-elementor-post-type=\"elementor_library\">\n\t\t\t\t<div class=\"elementor-element elementor-element-23acc4e7 e-grid e-con-boxed e-con e-parent\" data-id=\"23acc4e7\" data-element_type=\"container\" data-e-type=\"container\" data-settings=\"{&quot;background_background&quot;:&quot;classic&quot;}\">\n\t\t\t\t\t<div class=\"e-con-inner\">\n\t\t\t\t<div class=\"elementor-element elementor-element-294fe4ad elementor-widget elementor-widget-counter\" data-id=\"294fe4ad\" data-element_type=\"widget\" data-e-type=\"widget\" data-widget_type=\"counter.default\">\n\t\t\t\t<div class=\"elementor-widget-container\">\n\t\t\t\t\t\t\t<div class=\"elementor-counter\">\n\t\t\t<div class=\"elementor-counter-title\">Years on the Market<\/div>\t\t\t<div class=\"elementor-counter-number-wrapper\">\n\t\t\t\t<span class=\"elementor-counter-number-prefix\"><\/span>\n\t\t\t\t<span class=\"elementor-counter-number\" data-duration=\"2000\" data-to-value=\"10\" data-from-value=\"0\" data-delimiter=\",\">0<\/span>\n\t\t\t\t<span class=\"elementor-counter-number-suffix\"><\/span>\n\t\t\t<\/div>\n\t\t<\/div>\n\t\t\t\t\t\t<\/div>\n\t\t\t\t<\/div>\n\t\t\t\t<div class=\"elementor-element elementor-element-3e1cd1e0 elementor-widget elementor-widget-counter\" data-id=\"3e1cd1e0\" data-element_type=\"widget\" data-e-type=\"widget\" data-widget_type=\"counter.default\">\n\t\t\t\t<div class=\"elementor-widget-container\">\n\t\t\t\t\t\t\t<div class=\"elementor-counter\">\n\t\t\t<div class=\"elementor-counter-title\">Employees<\/div>\t\t\t<div class=\"elementor-counter-number-wrapper\">\n\t\t\t\t<span class=\"elementor-counter-number-prefix\"><\/span>\n\t\t\t\t<span class=\"elementor-counter-number\" data-duration=\"2000\" data-to-value=\"220\" data-from-value=\"0\" data-delimiter=\",\">0<\/span>\n\t\t\t\t<span class=\"elementor-counter-number-suffix\"><\/span>\n\t\t\t<\/div>\n\t\t<\/div>\n\t\t\t\t\t\t<\/div>\n\t\t\t\t<\/div>\n\t\t\t\t<div class=\"elementor-element elementor-element-2720ff4f elementor-widget elementor-widget-counter\" data-id=\"2720ff4f\" data-element_type=\"widget\" data-e-type=\"widget\" data-widget_type=\"counter.default\">\n\t\t\t\t<div class=\"elementor-widget-container\">\n\t\t\t\t\t\t\t<div class=\"elementor-counter\">\n\t\t\t<div class=\"elementor-counter-title\">Projects<\/div>\t\t\t<div class=\"elementor-counter-number-wrapper\">\n\t\t\t\t<span class=\"elementor-counter-number-prefix\"><\/span>\n\t\t\t\t<span class=\"elementor-counter-number\" data-duration=\"2000\" data-to-value=\"1000\" data-from-value=\"0\" data-delimiter=\" \">0<\/span>\n\t\t\t\t<span class=\"elementor-counter-number-suffix\">+<\/span>\n\t\t\t<\/div>\n\t\t<\/div>\n\t\t\t\t\t\t<\/div>\n\t\t\t\t<\/div>\n\t\t\t\t<div class=\"elementor-element elementor-element-ad069aa elementor-widget elementor-widget-counter\" data-id=\"ad069aa\" data-element_type=\"widget\" data-e-type=\"widget\" data-widget_type=\"counter.default\">\n\t\t\t\t<div class=\"elementor-widget-container\">\n\t\t\t\t\t\t\t<div class=\"elementor-counter\">\n\t\t\t<div class=\"elementor-counter-title\">Turnover for 2024<\/div>\t\t\t<div class=\"elementor-counter-number-wrapper\">\n\t\t\t\t<span class=\"elementor-counter-number-prefix\"><\/span>\n\t\t\t\t<span class=\"elementor-counter-number\" data-duration=\"2000\" data-to-value=\"520000000\" data-from-value=\"0\" data-delimiter=\" \">0<\/span>\n\t\t\t\t<span class=\"elementor-counter-number-suffix\"><\/span>\n\t\t\t<\/div>\n\t\t<\/div>\n\t\t\t\t\t\t<\/div>\n\t\t\t\t<\/div>\n\t\t\t\t\t<\/div>\n\t\t\t\t<\/div>\n\t\t\t\t<\/div>\n\t\t\t\t<\/div>\n\t\t\t\t\t\t<\/div>\n\t\t\t\t<\/div>\n\t\t\t\t<\/div>\n\t\t\t\t<\/div>\n\t\t","protected":false},"excerpt":{"rendered":"<p>At SAGASTA, we know how to dig deep into our projects. We can assist you with designs and consultations for both reconstruction and construction of underground structures, including tunnels, underpasses, or underground garages and car parks. As these structures require special care, SAGASTA holds not only all the necessary authorisations but also the knowledge gained [&hellip;]<\/p>\n","protected":false},"author":2,"featured_media":0,"parent":2141,"menu_order":0,"comment_status":"closed","ping_status":"closed","template":"elementor_header_footer","meta":{"footnotes":"","_links_to":"","_links_to_target":""},"class_list":["post-2235","page","type-page","status-publish","hentry"],"_links":{"self":[{"href":"https:\/\/www.sagasta.cz\/en\/wp-json\/wp\/v2\/pages\/2235","targetHints":{"allow":["GET"]}}],"collection":[{"href":"https:\/\/www.sagasta.cz\/en\/wp-json\/wp\/v2\/pages"}],"about":[{"href":"https:\/\/www.sagasta.cz\/en\/wp-json\/wp\/v2\/types\/page"}],"author":[{"embeddable":true,"href":"https:\/\/www.sagasta.cz\/en\/wp-json\/wp\/v2\/users\/2"}],"replies":[{"embeddable":true,"href":"https:\/\/www.sagasta.cz\/en\/wp-json\/wp\/v2\/comments?post=2235"}],"version-history":[{"count":0,"href":"https:\/\/www.sagasta.cz\/en\/wp-json\/wp\/v2\/pages\/2235\/revisions"}],"up":[{"embeddable":true,"href":"https:\/\/www.sagasta.cz\/en\/wp-json\/wp\/v2\/pages\/2141"}],"wp:attachment":[{"href":"https:\/\/www.sagasta.cz\/en\/wp-json\/wp\/v2\/media?parent=2235"}],"curies":[{"name":"wp","href":"https:\/\/api.w.org\/{rel}","templated":true}]}}