{"id":2207,"date":"2025-05-21T09:21:44","date_gmt":"2025-05-21T07:21:44","guid":{"rendered":"https:\/\/www.sagasta.cz\/realizace\/rekonstrukce-vypravni-budovy-v-zst-sternberk-sternberk\/"},"modified":"2025-12-16T17:03:30","modified_gmt":"2025-12-16T16:03:30","slug":"reconstruction-of-the-station-building-in-zst-sternberk-sternberk","status":"publish","type":"page","link":"https:\/\/www.sagasta.cz\/en\/projects\/reconstruction-of-the-station-building-in-zst-sternberk-sternberk\/","title":{"rendered":"Reconstruction of the Station Building in \u017dST \u0160ternberk \u2014 \u0160ternberk"},"content":{"rendered":"\t\t<div data-elementor-type=\"wp-page\" data-elementor-id=\"2207\" class=\"elementor elementor-2207 elementor-427\" data-elementor-post-type=\"page\">\n\t\t\t\t<div class=\"elementor-element elementor-element-177d18b e-flex e-con-boxed e-con e-parent\" data-id=\"177d18b\" data-element_type=\"container\" data-e-type=\"container\">\n\t\t\t\t\t<div class=\"e-con-inner\">\n\t\t\t\t<div class=\"elementor-element elementor-element-e4c5d29 elementor-widget elementor-widget-heading\" data-id=\"e4c5d29\" data-element_type=\"widget\" data-e-type=\"widget\" data-widget_type=\"heading.default\">\n\t\t\t\t<div class=\"elementor-widget-container\">\n\t\t\t\t\t<h1 class=\"elementor-heading-title elementor-size-default\">Reconstruction of the Station Building in \u017dST \u0160ternberk <span>\u2014 \u0160ternberk<\/span><\/h1>\t\t\t\t<\/div>\n\t\t\t\t<\/div>\n\t\t\t\t\t<\/div>\n\t\t\t\t<\/div>\n\t\t<div class=\"elementor-element elementor-element-597a89c e-flex e-con-boxed e-con e-parent\" data-id=\"597a89c\" data-element_type=\"container\" data-e-type=\"container\" data-settings=\"{&quot;background_background&quot;:&quot;classic&quot;}\">\n\t\t\t\t\t<div class=\"e-con-inner\">\n\t\t<div class=\"elementor-element elementor-element-d0fee8f e-con-full e-flex e-con e-child\" data-id=\"d0fee8f\" data-element_type=\"container\" data-e-type=\"container\">\n\t\t\t\t<div class=\"elementor-element elementor-element-39f68a5 elementor-widget elementor-widget-text-editor\" data-id=\"39f68a5\" data-element_type=\"widget\" data-e-type=\"widget\" data-widget_type=\"text-editor.default\">\n\t\t\t\t<div class=\"elementor-widget-container\">\n\t\t\t\t\t\t\t\t\t<h2>Client<\/h2><div class=\"project__detail\"><span class=\"project__detail__value\">Spr\u00e1va \u017eeleznic, state organisation<\/span><\/div><h2>Investment costs<\/h2><div class=\"project__detail\"><span class=\"project__detail__value\">CZK 40,452,000<\/span><\/div><h2>Project preparation<\/h2><div class=\"project__detail\"><span class=\"project__detail__value\">2017-19<\/span><\/div><h2>Project implementation<\/h2><div class=\"project__detail\"><span class=\"project__detail__value\">2019-2021<\/span><\/div><h2>Project stage<\/h2><div class=\"bg-off-white pt-5 pb-2\"><div class=\"container pt-1\"><div class=\"row\"><div class=\"col-12 col-md-4 col-lg-5\"><div class=\"project__detail\"><span class=\"project__detail__value\">DSP, PDPS<\/span><\/div><\/div><\/div><\/div><\/div>\t\t\t\t\t\t\t\t<\/div>\n\t\t\t\t<\/div>\n\t\t\t\t<\/div>\n\t\t<div class=\"elementor-element elementor-element-f2b1def e-con-full e-flex e-con e-child\" data-id=\"f2b1def\" data-element_type=\"container\" data-e-type=\"container\">\n\t\t\t\t<div class=\"elementor-element elementor-element-d298d66 elementor-arrows-position-inside elementor-pagination-position-outside elementor-widget elementor-widget-image-carousel\" data-id=\"d298d66\" data-element_type=\"widget\" data-e-type=\"widget\" data-settings=\"{&quot;slides_to_show&quot;:&quot;1&quot;,&quot;navigation&quot;:&quot;both&quot;,&quot;infinite&quot;:&quot;yes&quot;,&quot;effect&quot;:&quot;slide&quot;,&quot;speed&quot;:500}\" data-widget_type=\"image-carousel.default\">\n\t\t\t\t<div class=\"elementor-widget-container\">\n\t\t\t\t\t\t\t<div class=\"elementor-image-carousel-wrapper swiper\" role=\"region\" aria-roledescription=\"carousel\" aria-label=\"Obr\u00e1zkov\u00fd koloto\u010d\" dir=\"ltr\">\n\t\t\t<div class=\"elementor-image-carousel swiper-wrapper\" aria-live=\"polite\">\n\t\t\t\t\t\t\t\t<div class=\"swiper-slide\" role=\"group\" aria-roledescription=\"slide\" aria-label=\"1 of 6\"><a data-elementor-open-lightbox=\"yes\" data-elementor-lightbox-slideshow=\"d298d66\" data-e-action-hash=\"#elementor-action%3Aaction%3Dlightbox%26settings%3DeyJpZCI6MjE2OSwidXJsIjoiaHR0cHM6XC9cL3d3dy5zYWdhc3RhLmN6XC93cC1jb250ZW50XC91cGxvYWRzXC8yMDI1XC8wNVwvc3Rlcm5iZXJrLTEtaW1nLndlYnAiLCJzbGlkZXNob3ciOiJkMjk4ZDY2In0%3D\" href=\"https:\/\/www.sagasta.cz\/wp-content\/uploads\/2025\/05\/sternberk-1-img.webp\"><figure class=\"swiper-slide-inner\"><img decoding=\"async\" class=\"swiper-slide-image\" src=\"https:\/\/www.sagasta.cz\/wp-content\/uploads\/2025\/05\/sternberk-1-img.webp\" alt=\"Realization \u0160ternberk\" \/><\/figure><\/a><\/div><div class=\"swiper-slide\" role=\"group\" aria-roledescription=\"slide\" aria-label=\"2 of 6\"><a data-elementor-open-lightbox=\"yes\" data-elementor-lightbox-slideshow=\"d298d66\" data-e-action-hash=\"#elementor-action%3Aaction%3Dlightbox%26settings%3DeyJpZCI6MjIwMiwidXJsIjoiaHR0cHM6XC9cL3d3dy5zYWdhc3RhLmN6XC93cC1jb250ZW50XC91cGxvYWRzXC8yMDI1XC8wNVwvc3Rlcm5iZXJrLTItaW1nLndlYnAiLCJzbGlkZXNob3ciOiJkMjk4ZDY2In0%3D\" href=\"https:\/\/www.sagasta.cz\/wp-content\/uploads\/2025\/05\/sternberk-2-img.webp\"><figure class=\"swiper-slide-inner\"><img decoding=\"async\" class=\"swiper-slide-image\" src=\"https:\/\/www.sagasta.cz\/wp-content\/uploads\/2025\/05\/sternberk-2-img.webp\" alt=\"Realization \u0160ternberk 2\" \/><\/figure><\/a><\/div><div class=\"swiper-slide\" role=\"group\" aria-roledescription=\"slide\" aria-label=\"3 of 6\"><a data-elementor-open-lightbox=\"yes\" data-elementor-lightbox-slideshow=\"d298d66\" data-e-action-hash=\"#elementor-action%3Aaction%3Dlightbox%26settings%3DeyJpZCI6MjIwMywidXJsIjoiaHR0cHM6XC9cL3d3dy5zYWdhc3RhLmN6XC93cC1jb250ZW50XC91cGxvYWRzXC8yMDI1XC8wNVwvc3Rlcm5iZXJrLTMtaW1nLndlYnAiLCJzbGlkZXNob3ciOiJkMjk4ZDY2In0%3D\" href=\"https:\/\/www.sagasta.cz\/wp-content\/uploads\/2025\/05\/sternberk-3-img.webp\"><figure class=\"swiper-slide-inner\"><img decoding=\"async\" class=\"swiper-slide-image\" src=\"https:\/\/www.sagasta.cz\/wp-content\/uploads\/2025\/05\/sternberk-3-img.webp\" alt=\"Realization \u0160ternberk 3\" \/><\/figure><\/a><\/div><div class=\"swiper-slide\" role=\"group\" aria-roledescription=\"slide\" aria-label=\"4 of 6\"><a data-elementor-open-lightbox=\"yes\" data-elementor-lightbox-slideshow=\"d298d66\" data-e-action-hash=\"#elementor-action%3Aaction%3Dlightbox%26settings%3DeyJpZCI6MjIwNCwidXJsIjoiaHR0cHM6XC9cL3d3dy5zYWdhc3RhLmN6XC93cC1jb250ZW50XC91cGxvYWRzXC8yMDI1XC8wNVwvc3Rlcm5iZXJrLTQtaW1nLndlYnAiLCJzbGlkZXNob3ciOiJkMjk4ZDY2In0%3D\" href=\"https:\/\/www.sagasta.cz\/wp-content\/uploads\/2025\/05\/sternberk-4-img.webp\"><figure class=\"swiper-slide-inner\"><img decoding=\"async\" class=\"swiper-slide-image\" src=\"https:\/\/www.sagasta.cz\/wp-content\/uploads\/2025\/05\/sternberk-4-img.webp\" alt=\"Realization \u0160ternberk 4\" \/><\/figure><\/a><\/div><div class=\"swiper-slide\" role=\"group\" aria-roledescription=\"slide\" aria-label=\"5 of 6\"><a data-elementor-open-lightbox=\"yes\" data-elementor-lightbox-slideshow=\"d298d66\" data-e-action-hash=\"#elementor-action%3Aaction%3Dlightbox%26settings%3DeyJpZCI6MjIwNSwidXJsIjoiaHR0cHM6XC9cL3d3dy5zYWdhc3RhLmN6XC93cC1jb250ZW50XC91cGxvYWRzXC8yMDI1XC8wNVwvc3Rlcm5iZXJrLTUtaW1nLndlYnAiLCJzbGlkZXNob3ciOiJkMjk4ZDY2In0%3D\" href=\"https:\/\/www.sagasta.cz\/wp-content\/uploads\/2025\/05\/sternberk-5-img.webp\"><figure class=\"swiper-slide-inner\"><img decoding=\"async\" class=\"swiper-slide-image\" src=\"https:\/\/www.sagasta.cz\/wp-content\/uploads\/2025\/05\/sternberk-5-img.webp\" alt=\"Realization \u0160ternberk 5\" \/><\/figure><\/a><\/div><div class=\"swiper-slide\" role=\"group\" aria-roledescription=\"slide\" aria-label=\"6 of 6\"><a data-elementor-open-lightbox=\"yes\" data-elementor-lightbox-slideshow=\"d298d66\" data-e-action-hash=\"#elementor-action%3Aaction%3Dlightbox%26settings%3DeyJpZCI6MjIwNiwidXJsIjoiaHR0cHM6XC9cL3d3dy5zYWdhc3RhLmN6XC93cC1jb250ZW50XC91cGxvYWRzXC8yMDI1XC8wNVwvc3Rlcm5iZXJrLTYtaW1nLndlYnAiLCJzbGlkZXNob3ciOiJkMjk4ZDY2In0%3D\" href=\"https:\/\/www.sagasta.cz\/wp-content\/uploads\/2025\/05\/sternberk-6-img.webp\"><figure class=\"swiper-slide-inner\"><img decoding=\"async\" class=\"swiper-slide-image\" src=\"https:\/\/www.sagasta.cz\/wp-content\/uploads\/2025\/05\/sternberk-6-img.webp\" alt=\"Realization \u0160ternberk 6\" \/><\/figure><\/a><\/div>\t\t\t<\/div>\n\t\t\t\t\t\t\t\t\t\t\t\t<div class=\"elementor-swiper-button elementor-swiper-button-prev\" role=\"button\" tabindex=\"0\">\n\t\t\t\t\t\t<svg aria-hidden=\"true\" class=\"e-font-icon-svg e-eicon-chevron-left\" viewBox=\"0 0 1000 1000\" xmlns=\"http:\/\/www.w3.org\/2000\/svg\"><path d=\"M646 125C629 125 613 133 604 142L308 442C296 454 292 471 292 487 292 504 296 521 308 533L604 854C617 867 629 875 646 875 663 875 679 871 692 858 704 846 713 829 713 812 713 796 708 779 692 767L438 487 692 225C700 217 708 204 708 187 708 171 704 154 692 142 675 129 663 125 646 125Z\"><\/path><\/svg>\t\t\t\t\t<\/div>\n\t\t\t\t\t<div class=\"elementor-swiper-button elementor-swiper-button-next\" role=\"button\" tabindex=\"0\">\n\t\t\t\t\t\t<svg aria-hidden=\"true\" class=\"e-font-icon-svg e-eicon-chevron-right\" viewBox=\"0 0 1000 1000\" xmlns=\"http:\/\/www.w3.org\/2000\/svg\"><path d=\"M696 533C708 521 713 504 713 487 713 471 708 454 696 446L400 146C388 133 375 125 354 125 338 125 325 129 313 142 300 154 292 171 292 187 292 204 296 221 308 233L563 492 304 771C292 783 288 800 288 817 288 833 296 850 308 863 321 871 338 875 354 875 371 875 388 867 400 854L696 533Z\"><\/path><\/svg>\t\t\t\t\t<\/div>\n\t\t\t\t\n\t\t\t\t\t\t\t\t\t<div class=\"swiper-pagination\"><\/div>\n\t\t\t\t\t\t\t\t\t<\/div>\n\t\t\t\t\t\t<\/div>\n\t\t\t\t<\/div>\n\t\t\t\t<\/div>\n\t\t\t\t\t<\/div>\n\t\t\t\t<\/div>\n\t\t<div class=\"elementor-element elementor-element-494277b e-flex e-con-boxed e-con e-parent\" data-id=\"494277b\" data-element_type=\"container\" data-e-type=\"container\">\n\t\t\t\t\t<div class=\"e-con-inner\">\n\t\t\t\t<div class=\"elementor-element elementor-element-f50c883 elementor-widget elementor-widget-text-editor\" data-id=\"f50c883\" data-element_type=\"widget\" data-e-type=\"widget\" data-widget_type=\"text-editor.default\">\n\t\t\t\t<div class=\"elementor-widget-container\">\n\t\t\t\t\t\t\t\t\t<h3>Project description:<\/h3>\n<p>The project concerned the reconstruction of the existing station building at \u0160ternberk station. The building is located at km 115.785 \u2013 km 115.865 on line 778 Olomouc \u2013 \u0160ternberk \u2013 \u0160umperk. The station is classified as Category C under the internal categorisation of passenger stations based on passenger significance.   <\/p>\n<div class=\"page\" title=\"Page 1\">\n<div class=\"section\">\n<div class=\"layoutArea\">\n<div class=\"column\">\n<p class=\"p3\">The building continues to serve its original purpose; however, an unused upper floor\u2014originally containing<span class=\"Apple-converted-space\">&nbsp;&nbsp;<\/span>residential units\u2014was removed. The unused storey was dismantled, along with&nbsp;the existing single-storey wings: the wing containing the former restaurant and the entire northern wing (the demolition works were documented separately). The central section, which today serves passengers,  <span class=\"Apple-converted-space\">&nbsp;<\/span>has been retained, as has the single-storey wing, which is now used for railway operations and staff facilities. This wing was renovated under a&nbsp;separate project within the Electrification of the Uni\u010dov\u2013\u0160ternberk Line programme and <span class=\"Apple-converted-space\">&nbsp;&nbsp;<\/span>is used for&nbsp;operational functions (technology and control systems).<\/p>\n<\/div>\n<\/div>\n<\/div>\n<\/div>\n<p><strong>Project Manager: Ing. arch. V\u00edt\u011bzslav Glomb <\/strong><\/p>\t\t\t\t\t\t\t\t<\/div>\n\t\t\t\t<\/div>\n\t\t\t\t\t<\/div>\n\t\t\t\t<\/div>\n\t\t<div class=\"elementor-element elementor-element-1a65dea e-con-full e-flex e-con e-parent\" data-id=\"1a65dea\" data-element_type=\"container\" data-e-type=\"container\">\n\t\t\t\t<div class=\"elementor-element elementor-element-82c21b3 elementor-widget elementor-widget-template\" data-id=\"82c21b3\" data-element_type=\"widget\" data-e-type=\"widget\" data-widget_type=\"template.default\">\n\t\t\t\t<div class=\"elementor-widget-container\">\n\t\t\t\t\t\t\t<div class=\"elementor-template\">\n\t\t\t\t\t<div data-elementor-type=\"container\" data-elementor-id=\"2395\" class=\"elementor elementor-2395 elementor-813 elementor-813\" data-elementor-post-type=\"elementor_library\">\n\t\t\t\t<div class=\"elementor-element elementor-element-23acc4e7 e-grid e-con-boxed e-con e-parent\" data-id=\"23acc4e7\" data-element_type=\"container\" data-e-type=\"container\" data-settings=\"{&quot;background_background&quot;:&quot;classic&quot;}\">\n\t\t\t\t\t<div class=\"e-con-inner\">\n\t\t\t\t<div class=\"elementor-element elementor-element-294fe4ad elementor-widget elementor-widget-counter\" data-id=\"294fe4ad\" data-element_type=\"widget\" data-e-type=\"widget\" data-widget_type=\"counter.default\">\n\t\t\t\t<div class=\"elementor-widget-container\">\n\t\t\t\t\t\t\t<div class=\"elementor-counter\">\n\t\t\t<div class=\"elementor-counter-title\">Years on the Market<\/div>\t\t\t<div class=\"elementor-counter-number-wrapper\">\n\t\t\t\t<span class=\"elementor-counter-number-prefix\"><\/span>\n\t\t\t\t<span class=\"elementor-counter-number\" data-duration=\"2000\" data-to-value=\"10\" data-from-value=\"0\" data-delimiter=\",\">0<\/span>\n\t\t\t\t<span class=\"elementor-counter-number-suffix\"><\/span>\n\t\t\t<\/div>\n\t\t<\/div>\n\t\t\t\t\t\t<\/div>\n\t\t\t\t<\/div>\n\t\t\t\t<div class=\"elementor-element elementor-element-3e1cd1e0 elementor-widget elementor-widget-counter\" data-id=\"3e1cd1e0\" data-element_type=\"widget\" data-e-type=\"widget\" data-widget_type=\"counter.default\">\n\t\t\t\t<div class=\"elementor-widget-container\">\n\t\t\t\t\t\t\t<div class=\"elementor-counter\">\n\t\t\t<div class=\"elementor-counter-title\">Employees<\/div>\t\t\t<div class=\"elementor-counter-number-wrapper\">\n\t\t\t\t<span class=\"elementor-counter-number-prefix\"><\/span>\n\t\t\t\t<span class=\"elementor-counter-number\" data-duration=\"2000\" data-to-value=\"220\" data-from-value=\"0\" data-delimiter=\",\">0<\/span>\n\t\t\t\t<span class=\"elementor-counter-number-suffix\"><\/span>\n\t\t\t<\/div>\n\t\t<\/div>\n\t\t\t\t\t\t<\/div>\n\t\t\t\t<\/div>\n\t\t\t\t<div class=\"elementor-element elementor-element-2720ff4f elementor-widget elementor-widget-counter\" data-id=\"2720ff4f\" data-element_type=\"widget\" data-e-type=\"widget\" data-widget_type=\"counter.default\">\n\t\t\t\t<div class=\"elementor-widget-container\">\n\t\t\t\t\t\t\t<div class=\"elementor-counter\">\n\t\t\t<div class=\"elementor-counter-title\">Projects<\/div>\t\t\t<div class=\"elementor-counter-number-wrapper\">\n\t\t\t\t<span class=\"elementor-counter-number-prefix\"><\/span>\n\t\t\t\t<span class=\"elementor-counter-number\" data-duration=\"2000\" data-to-value=\"1000\" data-from-value=\"0\" data-delimiter=\" \">0<\/span>\n\t\t\t\t<span class=\"elementor-counter-number-suffix\">+<\/span>\n\t\t\t<\/div>\n\t\t<\/div>\n\t\t\t\t\t\t<\/div>\n\t\t\t\t<\/div>\n\t\t\t\t<div class=\"elementor-element elementor-element-ad069aa elementor-widget elementor-widget-counter\" data-id=\"ad069aa\" data-element_type=\"widget\" data-e-type=\"widget\" data-widget_type=\"counter.default\">\n\t\t\t\t<div class=\"elementor-widget-container\">\n\t\t\t\t\t\t\t<div class=\"elementor-counter\">\n\t\t\t<div class=\"elementor-counter-title\">Turnover for 2024<\/div>\t\t\t<div class=\"elementor-counter-number-wrapper\">\n\t\t\t\t<span class=\"elementor-counter-number-prefix\"><\/span>\n\t\t\t\t<span class=\"elementor-counter-number\" data-duration=\"2000\" data-to-value=\"520000000\" data-from-value=\"0\" data-delimiter=\" \">0<\/span>\n\t\t\t\t<span class=\"elementor-counter-number-suffix\"><\/span>\n\t\t\t<\/div>\n\t\t<\/div>\n\t\t\t\t\t\t<\/div>\n\t\t\t\t<\/div>\n\t\t\t\t\t<\/div>\n\t\t\t\t<\/div>\n\t\t\t\t<\/div>\n\t\t\t\t<\/div>\n\t\t\t\t\t\t<\/div>\n\t\t\t\t<\/div>\n\t\t\t\t<\/div>\n\t\t<div class=\"elementor-element elementor-element-fed332e e-con-full e-flex e-con e-parent\" data-id=\"fed332e\" data-element_type=\"container\" data-e-type=\"container\">\n\t\t\t\t<div class=\"elementor-element elementor-element-606b163 elementor-widget elementor-widget-template\" data-id=\"606b163\" data-element_type=\"widget\" data-e-type=\"widget\" data-widget_type=\"template.default\">\n\t\t\t\t<div class=\"elementor-widget-container\">\n\t\t\t\t\t\t\t<div class=\"elementor-template\">\n\t\t\t\t\t<div data-elementor-type=\"container\" data-elementor-id=\"2403\" class=\"elementor elementor-2403 elementor-858 elementor-858\" data-elementor-post-type=\"elementor_library\">\n\t\t\t\t<div class=\"elementor-element elementor-element-71f4d818 e-flex e-con-boxed e-con e-parent\" data-id=\"71f4d818\" data-element_type=\"container\" data-e-type=\"container\">\n\t\t\t\t\t<div class=\"e-con-inner\">\n\t\t<div class=\"elementor-element elementor-element-3ed84de7 e-con-full e-flex e-con e-child\" data-id=\"3ed84de7\" data-element_type=\"container\" data-e-type=\"container\">\n\t\t\t\t<div class=\"elementor-element elementor-element-1098669d elementor-widget__width-initial elementor-widget-tablet__width-inherit elementor-widget elementor-widget-heading\" data-id=\"1098669d\" data-element_type=\"widget\" data-e-type=\"widget\" data-widget_type=\"heading.default\">\n\t\t\t\t<div class=\"elementor-widget-container\">\n\t\t\t\t\t<h2 class=\"elementor-heading-title elementor-size-default\">References<\/h2>\t\t\t\t<\/div>\n\t\t\t\t<\/div>\n\t\t\t\t<div class=\"elementor-element elementor-element-3ae1a5c2 elementor-widget elementor-widget-image\" data-id=\"3ae1a5c2\" data-element_type=\"widget\" data-e-type=\"widget\" data-widget_type=\"image.default\">\n\t\t\t\t<div class=\"elementor-widget-container\">\n\t\t\t\t\t\t\t\t\t\t\t\t\t\t\t<img decoding=\"async\" width=\"1117\" height=\"38\" src=\"https:\/\/www.sagasta.cz\/wp-content\/uploads\/2025\/05\/icon-sluzby-blue.svg\" class=\"attachment-large size-large wp-image-2270\" alt=\"\" \/>\t\t\t\t\t\t\t\t\t\t\t\t\t\t\t<\/div>\n\t\t\t\t<\/div>\n\t\t\t\t<\/div>\n\t\t<div class=\"elementor-element elementor-element-45a7c367 e-grid e-con-full e-con e-child\" data-id=\"45a7c367\" data-element_type=\"container\" data-e-type=\"container\">\n\t\t\t\t<div class=\"elementor-element elementor-element-78ccf321 elementor-widget elementor-widget-image\" data-id=\"78ccf321\" data-element_type=\"widget\" data-e-type=\"widget\" data-widget_type=\"image.default\">\n\t\t\t\t<div class=\"elementor-widget-container\">\n\t\t\t\t\t\t\t\t\t\t\t\t\t\t\t<img decoding=\"async\" width=\"218\" height=\"81\" src=\"https:\/\/www.sagasta.cz\/wp-content\/uploads\/2025\/05\/logo-sprava-zeleznic.svg\" class=\"attachment-large size-large wp-image-2397\" alt=\"\" \/>\t\t\t\t\t\t\t\t\t\t\t\t\t\t\t<\/div>\n\t\t\t\t<\/div>\n\t\t\t\t<div class=\"elementor-element elementor-element-264d1d53 elementor-widget elementor-widget-image\" data-id=\"264d1d53\" data-element_type=\"widget\" data-e-type=\"widget\" data-widget_type=\"image.default\">\n\t\t\t\t<div class=\"elementor-widget-container\">\n\t\t\t\t\t\t\t\t\t\t\t\t\t\t\t<img decoding=\"async\" width=\"221\" height=\"90\" src=\"https:\/\/www.sagasta.cz\/wp-content\/uploads\/2025\/05\/logo-rsd.svg\" class=\"attachment-large size-large wp-image-2398\" alt=\"\" \/>\t\t\t\t\t\t\t\t\t\t\t\t\t\t\t<\/div>\n\t\t\t\t<\/div>\n\t\t\t\t<div class=\"elementor-element elementor-element-224500f0 elementor-widget elementor-widget-image\" data-id=\"224500f0\" data-element_type=\"widget\" data-e-type=\"widget\" data-widget_type=\"image.default\">\n\t\t\t\t<div class=\"elementor-widget-container\">\n\t\t\t\t\t\t\t\t\t\t\t\t\t\t\t<img loading=\"lazy\" decoding=\"async\" width=\"164\" height=\"50\" src=\"https:\/\/www.sagasta.cz\/wp-content\/uploads\/2025\/05\/logo-sfdi.svg\" class=\"attachment-large size-large wp-image-2399\" alt=\"\" \/>\t\t\t\t\t\t\t\t\t\t\t\t\t\t\t<\/div>\n\t\t\t\t<\/div>\n\t\t\t\t<div class=\"elementor-element elementor-element-779375d2 elementor-widget elementor-widget-image\" data-id=\"779375d2\" data-element_type=\"widget\" data-e-type=\"widget\" data-widget_type=\"image.default\">\n\t\t\t\t<div class=\"elementor-widget-container\">\n\t\t\t\t\t\t\t\t\t\t\t\t\t\t\t<img loading=\"lazy\" decoding=\"async\" width=\"302\" height=\"75\" src=\"https:\/\/www.sagasta.cz\/wp-content\/uploads\/2025\/05\/logo-ministerstvo-dopravy.svg\" class=\"attachment-large size-large wp-image-2400\" alt=\"\" \/>\t\t\t\t\t\t\t\t\t\t\t\t\t\t\t<\/div>\n\t\t\t\t<\/div>\n\t\t\t\t<div class=\"elementor-element elementor-element-1f163040 elementor-widget elementor-widget-image\" data-id=\"1f163040\" data-element_type=\"widget\" data-e-type=\"widget\" data-widget_type=\"image.default\">\n\t\t\t\t<div class=\"elementor-widget-container\">\n\t\t\t\t\t\t\t\t\t\t\t\t\t\t\t<img loading=\"lazy\" decoding=\"async\" width=\"265\" height=\"46\" src=\"https:\/\/www.sagasta.cz\/wp-content\/uploads\/2025\/05\/logo-stredocesky-kraj.svg\" class=\"attachment-large size-large wp-image-2401\" alt=\"\" \/>\t\t\t\t\t\t\t\t\t\t\t\t\t\t\t<\/div>\n\t\t\t\t<\/div>\n\t\t\t\t<div class=\"elementor-element elementor-element-10cd4637 elementor-widget elementor-widget-image\" data-id=\"10cd4637\" data-element_type=\"widget\" data-e-type=\"widget\" data-widget_type=\"image.default\">\n\t\t\t\t<div class=\"elementor-widget-container\">\n\t\t\t\t\t\t\t\t\t\t\t\t\t\t\t<img loading=\"lazy\" decoding=\"async\" width=\"305\" height=\"47\" src=\"https:\/\/www.sagasta.cz\/wp-content\/uploads\/2025\/05\/logo-jihocesky-kraj.svg\" class=\"attachment-large size-large wp-image-2402\" alt=\"\" \/>\t\t\t\t\t\t\t\t\t\t\t\t\t\t\t<\/div>\n\t\t\t\t<\/div>\n\t\t\t\t<\/div>\n\t\t\t\t\t<\/div>\n\t\t\t\t<\/div>\n\t\t\t\t<\/div>\n\t\t\t\t<\/div>\n\t\t\t\t\t\t<\/div>\n\t\t\t\t<\/div>\n\t\t\t\t<\/div>\n\t\t\t\t<\/div>\n\t\t","protected":false},"excerpt":{"rendered":"<p>Reconstruction of the Station Building in \u017dST \u0160ternberk \u2014 \u0160ternberk Client Spr\u00e1va \u017eeleznic, state organisation Investment costs CZK 40,452,000 Project preparation 2017-19 Project implementation 2019-2021 Project stage DSP, PDPS Project description: The project concerned the reconstruction of the existing station building at \u0160ternberk station. The building is located at km 115.785 \u2013 km 115.865 on [&hellip;]<\/p>\n","protected":false},"author":2,"featured_media":0,"parent":2173,"menu_order":0,"comment_status":"closed","ping_status":"closed","template":"elementor_header_footer","meta":{"footnotes":"","_links_to":"","_links_to_target":""},"class_list":["post-2207","page","type-page","status-publish","hentry"],"_links":{"self":[{"href":"https:\/\/www.sagasta.cz\/en\/wp-json\/wp\/v2\/pages\/2207","targetHints":{"allow":["GET"]}}],"collection":[{"href":"https:\/\/www.sagasta.cz\/en\/wp-json\/wp\/v2\/pages"}],"about":[{"href":"https:\/\/www.sagasta.cz\/en\/wp-json\/wp\/v2\/types\/page"}],"author":[{"embeddable":true,"href":"https:\/\/www.sagasta.cz\/en\/wp-json\/wp\/v2\/users\/2"}],"replies":[{"embeddable":true,"href":"https:\/\/www.sagasta.cz\/en\/wp-json\/wp\/v2\/comments?post=2207"}],"version-history":[{"count":0,"href":"https:\/\/www.sagasta.cz\/en\/wp-json\/wp\/v2\/pages\/2207\/revisions"}],"up":[{"embeddable":true,"href":"https:\/\/www.sagasta.cz\/en\/wp-json\/wp\/v2\/pages\/2173"}],"wp:attachment":[{"href":"https:\/\/www.sagasta.cz\/en\/wp-json\/wp\/v2\/media?parent=2207"}],"curies":[{"name":"wp","href":"https:\/\/api.w.org\/{rel}","templated":true}]}}