{"id":2186,"date":"2025-05-21T11:13:49","date_gmt":"2025-05-21T09:13:49","guid":{"rendered":"https:\/\/www.sagasta.cz\/services\/engineering-activities\/"},"modified":"2025-12-16T17:53:59","modified_gmt":"2025-12-16T16:53:59","slug":"engineering-activities","status":"publish","type":"page","link":"https:\/\/www.sagasta.cz\/en\/services\/engineering-activities\/","title":{"rendered":"Engineering Activities"},"content":{"rendered":"\t\t<div data-elementor-type=\"wp-page\" data-elementor-id=\"2186\" class=\"elementor elementor-2186 elementor-535\" data-elementor-post-type=\"page\">\n\t\t\t\t<div class=\"elementor-element elementor-element-ad09879 e-flex e-con-boxed e-con e-parent\" data-id=\"ad09879\" data-element_type=\"container\" data-e-type=\"container\" data-settings=\"{&quot;background_background&quot;:&quot;classic&quot;}\">\n\t\t\t\t\t<div class=\"e-con-inner\">\n\t\t\t\t\t<\/div>\n\t\t\t\t<\/div>\n\t\t<div class=\"elementor-element elementor-element-2955da0 e-flex e-con-boxed e-con e-parent\" data-id=\"2955da0\" data-element_type=\"container\" data-e-type=\"container\">\n\t\t\t\t\t<div class=\"e-con-inner\">\n\t\t\t\t<div class=\"elementor-element elementor-element-211b78a elementor-cta--valign-middle elementor-cta--skin-classic elementor-animated-content elementor-bg-transform elementor-bg-transform-zoom-in elementor-widget elementor-widget-call-to-action\" data-id=\"211b78a\" data-element_type=\"widget\" data-e-type=\"widget\" data-widget_type=\"call-to-action.default\">\n\t\t\t\t<div class=\"elementor-widget-container\">\n\t\t\t\t\t\t\t<div class=\"elementor-cta\">\n\t\t\t\t\t\t\t<div class=\"elementor-cta__content\">\n\t\t\t\t\t\t\t\t\t<div class=\"elementor-content-item elementor-cta__content-item elementor-icon-wrapper elementor-cta__icon elementor-view-default\">\n\t\t\t\t\t\t<div class=\"elementor-icon\">\n\t\t\t\t\t\t\t<svg xmlns=\"http:\/\/www.w3.org\/2000\/svg\" width=\"73.071\" height=\"73.069\" viewBox=\"0 0 73.071 73.069\"><path id=\"Path_186\" data-name=\"Path 186\" d=\"M80.3,38.649l-5.285-2.034a31.284,31.284,0,0,0-3.333-8.041l2.3-5.179a1.178,1.178,0,0,0-.244-1.312l-6.767-6.767a1.178,1.178,0,0,0-1.312-.244l-5.181,2.3a31.292,31.292,0,0,0-8.038-3.333L50.4,8.755A1.179,1.179,0,0,0,49.3,8h-9.57a1.179,1.179,0,0,0-1.1.755L36.6,14.042a31.287,31.287,0,0,0-8.038,3.333l-5.181-2.3a1.179,1.179,0,0,0-1.312.244L15.3,22.084a1.178,1.178,0,0,0-.244,1.312l2.3,5.18a31.285,31.285,0,0,0-3.333,8.039L8.74,38.65a1.178,1.178,0,0,0-.755,1.1v9.569a1.179,1.179,0,0,0,.755,1.1l5.285,2.034a31.432,31.432,0,0,0,1.186,3.639A13.2,13.2,0,1,0,32.953,73.838,31.442,31.442,0,0,0,36.6,75.027l2.035,5.287a1.178,1.178,0,0,0,1.1.755H49.3a1.179,1.179,0,0,0,1.1-.755l2.034-5.285A31.286,31.286,0,0,0,60.479,71.7L65.657,74a1.178,1.178,0,0,0,1.312-.244l6.767-6.767a1.179,1.179,0,0,0,.244-1.312l-2.3-5.181a31.29,31.29,0,0,0,3.332-8.038L80.3,50.419a1.178,1.178,0,0,0,.755-1.1v-9.57a1.178,1.178,0,0,0-.755-1.1ZM24,78.339a10.845,10.845,0,1,1,.314-20.86,1.179,1.179,0,0,0,1.174-.295L28.4,54.269l.011-.011L46.861,35.806l6.624-.237-.237,6.624-.8.8-4.109-.2A1.178,1.178,0,0,0,47.1,44.024l.165,3.332-3.332-.165A1.178,1.178,0,0,0,42.7,48.426l.2,4.109-8.111,8.111-.01.01-2.916,2.916a1.179,1.179,0,0,0-.3,1.172c.031.1.062.209.09.315a10.762,10.762,0,0,1-.381,6.776l0,.007-.005.014a11.013,11.013,0,0,1-.694,1.432A10.772,10.772,0,0,1,24,78.339Zm2.563-33.8a17.948,17.948,0,1,1,11.084,16.6l7.3-7.3a1.178,1.178,0,0,0,.344-.892l-.165-3.332,3.332.165a1.178,1.178,0,0,0,1.235-1.235l-.165-3.331,3.331.165a1.176,1.176,0,0,0,.892-.344l1.5-1.5a1.178,1.178,0,0,0,.344-.791l.3-8.352a1.179,1.179,0,0,0-1.22-1.22l-8.352.3a1.179,1.179,0,0,0-.791.344l-17.6,17.6a18.047,18.047,0,0,1-1.364-6.876ZM78.7,48.51l-5.1,1.964a1.178,1.178,0,0,0-.723.827,28.947,28.947,0,0,1-3.52,8.49,1.179,1.179,0,0,0-.074,1.1l2.222,5-5.622,5.623-5-2.221a1.177,1.177,0,0,0-1.1.074,28.942,28.942,0,0,1-8.493,3.521,1.178,1.178,0,0,0-.827.723l-1.964,5.1H40.543l-1.964-5.1a1.178,1.178,0,0,0-.827-.723,29.022,29.022,0,0,1-3.921-1.235,13.116,13.116,0,0,0,.187-6.894l1.84-1.84a20.311,20.311,0,1,0-9.72-9.72L24.3,55.034a13.182,13.182,0,0,0-6.527.08c-.124.033-.247.072-.37.109A29.031,29.031,0,0,1,16.167,51.3a1.178,1.178,0,0,0-.723-.827l-5.1-1.964V40.559l5.1-1.964a1.179,1.179,0,0,0,.723-.827,28.942,28.942,0,0,1,3.52-8.491,1.179,1.179,0,0,0,.074-1.1l-2.221-5,5.623-5.622,5,2.222a1.178,1.178,0,0,0,1.1-.074,28.954,28.954,0,0,1,8.49-3.52,1.178,1.178,0,0,0,.827-.723l1.965-5.1h7.951l1.964,5.1a1.178,1.178,0,0,0,.827.723,28.95,28.95,0,0,1,8.49,3.52,1.179,1.179,0,0,0,1.1.074l5-2.222L71.5,23.178l-2.221,5a1.178,1.178,0,0,0,.074,1.1,28.946,28.946,0,0,1,3.521,8.493,1.179,1.179,0,0,0,.723.827l5.1,1.964ZM15.771,66.56a4.753,4.753,0,1,0,6.722,0,4.759,4.759,0,0,0-6.722,0Zm5.055,5.055a2.395,2.395,0,1,1,0-3.389A2.379,2.379,0,0,1,20.826,71.616Z\" transform=\"translate(-7.982 -8)\" fill=\"#fff\"><\/path><\/svg>\t\t\t\t\t\t<\/div>\n\t\t\t\t\t<\/div>\n\t\t\t\t\n\t\t\t\t\n\t\t\t\t\t\t\t\t\t<div class=\"elementor-cta__description elementor-cta__content-item elementor-content-item\">\n\t\t\t\t\t\tIn construction, one must not forget a&nbsp;number of important permits and inspections to ensure everything proceeds smoothly and without delays. As SAGASTA has many years of experience in this field, you can leave dealings with authorities and supervision of the construction process to us. We will take care of everything from pre-project work to technical supervision, final inspections and the concluding report. We are happy to offer you a&nbsp;complete service package or only selected parts according to your needs.   \n\t\t\t\t\t<\/div>\n\t\t\t\t\n\t\t\t\t\t\t\t<\/div>\n\t\t\t\t\t\t<\/div>\n\t\t\t\t\t\t<\/div>\n\t\t\t\t<\/div>\n\t\t<div class=\"elementor-element elementor-element-8e4f1f0 e-con-full e-flex e-con e-child\" data-id=\"8e4f1f0\" data-element_type=\"container\" data-e-type=\"container\">\n\t\t<div class=\"elementor-element elementor-element-a931c20 e-con-full e-flex e-con e-child\" data-id=\"a931c20\" data-element_type=\"container\" data-e-type=\"container\" data-settings=\"{&quot;background_background&quot;:&quot;classic&quot;}\">\n\t\t\t\t<div class=\"elementor-element elementor-element-21bed80 elementor-widget elementor-widget-text-editor\" data-id=\"21bed80\" data-element_type=\"widget\" data-e-type=\"widget\" data-widget_type=\"text-editor.default\">\n\t\t\t\t<div class=\"elementor-widget-container\">\n\t\t\t\t\t\t\t\t\t<h3>We also provide<\/h3><ul><li>Basic consultancy<\/li><li>Technical\u2013economic studies<\/li><li>Organisational arrangements<\/li><li>Construction supervision<\/li><li>Other types of project and engineering services<\/li><\/ul>\t\t\t\t\t\t\t\t<\/div>\n\t\t\t\t<\/div>\n\t\t\t\t<\/div>\n\t\t<div class=\"elementor-element elementor-element-a01df25 e-con-full e-flex e-con e-child\" data-id=\"a01df25\" data-element_type=\"container\" data-e-type=\"container\" data-settings=\"{&quot;background_background&quot;:&quot;classic&quot;}\">\n\t\t\t\t<div class=\"elementor-element elementor-element-1737072 elementor-widget elementor-widget-text-editor\" data-id=\"1737072\" data-element_type=\"widget\" data-e-type=\"widget\" data-widget_type=\"text-editor.default\">\n\t\t\t\t<div class=\"elementor-widget-container\">\n\t\t\t\t\t\t\t\t\t<h3>Our achievements<\/h3>\t\t\t\t\t\t\t\t<\/div>\n\t\t\t\t<\/div>\n\t\t\t\t<\/div>\n\t\t\t\t<\/div>\n\t\t<div class=\"elementor-element elementor-element-ea9df4b e-con-full e-flex e-con e-child\" data-id=\"ea9df4b\" data-element_type=\"container\" data-e-type=\"container\" data-settings=\"{&quot;background_background&quot;:&quot;classic&quot;}\">\n\t\t\t\t<div class=\"elementor-element elementor-element-d1d95a5 elementor-widget elementor-widget-heading\" data-id=\"d1d95a5\" data-element_type=\"widget\" data-e-type=\"widget\" data-widget_type=\"heading.default\">\n\t\t\t\t<div class=\"elementor-widget-container\">\n\t\t\t\t\t<h3 class=\"elementor-heading-title elementor-size-default\">Selection of our projects<\/h3>\t\t\t\t<\/div>\n\t\t\t\t<\/div>\n\t\t<div class=\"elementor-element elementor-element-2b9b882 e-grid e-con-full e-con e-child\" data-id=\"2b9b882\" data-element_type=\"container\" data-e-type=\"container\">\n\t\t\t\t<div class=\"elementor-element elementor-element-b693269 elementor-position-top elementor-widget elementor-widget-image-box\" data-id=\"b693269\" data-element_type=\"widget\" data-e-type=\"widget\" data-widget_type=\"image-box.default\">\n\t\t\t\t<div class=\"elementor-widget-container\">\n\t\t\t\t\t<div class=\"elementor-image-box-wrapper\"><figure class=\"elementor-image-box-img\"><a href=\"#\" tabindex=\"-1\"><img fetchpriority=\"high\" decoding=\"async\" width=\"730\" height=\"455\" src=\"https:\/\/www.sagasta.cz\/wp-content\/uploads\/2025\/07\/projekty-batelov.webp\" class=\"attachment-full size-full wp-image-2182\" alt=\"Batelov\" srcset=\"https:\/\/www.sagasta.cz\/wp-content\/uploads\/2025\/07\/projekty-batelov.webp 730w, https:\/\/www.sagasta.cz\/wp-content\/uploads\/2025\/07\/projekty-batelov-300x187.webp 300w\" sizes=\"(max-width: 730px) 100vw, 730px\" \/><\/a><\/figure><div class=\"elementor-image-box-content\"><h4 class=\"elementor-image-box-title\"><a href=\"#\">Batelov<\/a><\/h4><\/div><\/div>\t\t\t\t<\/div>\n\t\t\t\t<\/div>\n\t\t\t\t<div class=\"elementor-element elementor-element-8aeb322 elementor-position-top elementor-widget elementor-widget-image-box\" data-id=\"8aeb322\" data-element_type=\"widget\" data-e-type=\"widget\" data-widget_type=\"image-box.default\">\n\t\t\t\t<div class=\"elementor-widget-container\">\n\t\t\t\t\t<div class=\"elementor-image-box-wrapper\"><figure class=\"elementor-image-box-img\"><a href=\"#\" tabindex=\"-1\"><img decoding=\"async\" width=\"496\" height=\"294\" src=\"https:\/\/www.sagasta.cz\/wp-content\/uploads\/2025\/07\/projekty-cb.webp\" class=\"attachment-full size-full wp-image-2183\" alt=\"\" srcset=\"https:\/\/www.sagasta.cz\/wp-content\/uploads\/2025\/07\/projekty-cb.webp 496w, https:\/\/www.sagasta.cz\/wp-content\/uploads\/2025\/07\/projekty-cb-300x178.webp 300w\" sizes=\"(max-width: 496px) 100vw, 496px\" \/><\/a><\/figure><div class=\"elementor-image-box-content\"><h4 class=\"elementor-image-box-title\"><a href=\"#\">\u010cesk\u00e9 Bud\u011bjovice<\/a><\/h4><\/div><\/div>\t\t\t\t<\/div>\n\t\t\t\t<\/div>\n\t\t\t\t<div class=\"elementor-element elementor-element-ab2edd2 elementor-position-top elementor-widget elementor-widget-image-box\" data-id=\"ab2edd2\" data-element_type=\"widget\" data-e-type=\"widget\" data-widget_type=\"image-box.default\">\n\t\t\t\t<div class=\"elementor-widget-container\">\n\t\t\t\t\t<div class=\"elementor-image-box-wrapper\"><figure class=\"elementor-image-box-img\"><a href=\"#\" tabindex=\"-1\"><img decoding=\"async\" src=\"https:\/\/www.sagasta.cz\/wp-content\/uploads\/2025\/05\/plzen-jizni-predmesti-1-img.webp\" title=\"\" alt=\"Realizace Plze\u0148 Ji\u017en\u00ed P\u0159edm\u011bst\u00ed\" loading=\"lazy\" \/><\/a><\/figure><div class=\"elementor-image-box-content\"><h4 class=\"elementor-image-box-title\"><a href=\"#\">D\u011btmarovice - Petrovice u&nbsp;K.<\/a><\/h4><\/div><\/div>\t\t\t\t<\/div>\n\t\t\t\t<\/div>\n\t\t\t\t<div class=\"elementor-element elementor-element-e077538 elementor-position-top elementor-widget elementor-widget-image-box\" data-id=\"e077538\" data-element_type=\"widget\" data-e-type=\"widget\" data-widget_type=\"image-box.default\">\n\t\t\t\t<div class=\"elementor-widget-container\">\n\t\t\t\t\t<div class=\"elementor-image-box-wrapper\"><figure class=\"elementor-image-box-img\"><a href=\"#\" tabindex=\"-1\"><img decoding=\"async\" src=\"https:\/\/www.sagasta.cz\/wp-content\/uploads\/2025\/05\/plzen-jizni-predmesti-1-img.webp\" title=\"\" alt=\"Realizace Plze\u0148 Ji\u017en\u00ed P\u0159edm\u011bst\u00ed\" loading=\"lazy\" \/><\/a><\/figure><div class=\"elementor-image-box-content\"><h4 class=\"elementor-image-box-title\"><a href=\"#\">Mlad\u00e1 Boleslav<\/a><\/h4><\/div><\/div>\t\t\t\t<\/div>\n\t\t\t\t<\/div>\n\t\t\t\t<div class=\"elementor-element elementor-element-29deb4c elementor-position-top elementor-widget elementor-widget-image-box\" data-id=\"29deb4c\" data-element_type=\"widget\" data-e-type=\"widget\" data-widget_type=\"image-box.default\">\n\t\t\t\t<div class=\"elementor-widget-container\">\n\t\t\t\t\t<div class=\"elementor-image-box-wrapper\"><figure class=\"elementor-image-box-img\"><a href=\"https:\/\/www.sagasta.cz\/en\/projects\/revitalisation-and-electrification-of-oldrichov-u-duchova-litvinov-line-oldrichov-litvinov-line\/\" tabindex=\"-1\"><img decoding=\"async\" src=\"https:\/\/www.sagasta.cz\/wp-content\/uploads\/2025\/05\/oldrichov-litvinov-1-img.webp\" title=\"\" alt=\"Realizace Old\u0159ichov-Litv\u00ednov\" loading=\"lazy\" \/><\/a><\/figure><div class=\"elementor-image-box-content\"><h4 class=\"elementor-image-box-title\"><a href=\"https:\/\/www.sagasta.cz\/en\/projects\/revitalisation-and-electrification-of-oldrichov-u-duchova-litvinov-line-oldrichov-litvinov-line\/\">Old\u0159ichov u&nbsp;Duchova - Litv\u00ednov<\/a><\/h4><\/div><\/div>\t\t\t\t<\/div>\n\t\t\t\t<\/div>\n\t\t\t\t<div class=\"elementor-element elementor-element-892dc08 elementor-position-top elementor-widget elementor-widget-image-box\" data-id=\"892dc08\" data-element_type=\"widget\" data-e-type=\"widget\" data-widget_type=\"image-box.default\">\n\t\t\t\t<div class=\"elementor-widget-container\">\n\t\t\t\t\t<div class=\"elementor-image-box-wrapper\"><figure class=\"elementor-image-box-img\"><a href=\"#\" tabindex=\"-1\"><img decoding=\"async\" src=\"https:\/\/www.sagasta.cz\/wp-content\/uploads\/2025\/05\/plzen-jizni-predmesti-1-img.webp\" title=\"\" alt=\"Realizace Plze\u0148 Ji\u017en\u00ed P\u0159edm\u011bst\u00ed\" loading=\"lazy\" \/><\/a><\/figure><div class=\"elementor-image-box-content\"><h4 class=\"elementor-image-box-title\"><a href=\"#\">Osek - Moldava<\/a><\/h4><\/div><\/div>\t\t\t\t<\/div>\n\t\t\t\t<\/div>\n\t\t\t\t<div class=\"elementor-element elementor-element-2e19071 elementor-position-top elementor-widget elementor-widget-image-box\" data-id=\"2e19071\" data-element_type=\"widget\" data-e-type=\"widget\" data-widget_type=\"image-box.default\">\n\t\t\t\t<div class=\"elementor-widget-container\">\n\t\t\t\t\t<div class=\"elementor-image-box-wrapper\"><figure class=\"elementor-image-box-img\"><a href=\"#\" tabindex=\"-1\"><img decoding=\"async\" src=\"https:\/\/www.sagasta.cz\/wp-content\/uploads\/2025\/05\/plzen-jizni-predmesti-1-img.webp\" title=\"\" alt=\"Realizace Plze\u0148 Ji\u017en\u00ed P\u0159edm\u011bst\u00ed\" loading=\"lazy\" \/><\/a><\/figure><div class=\"elementor-image-box-content\"><h4 class=\"elementor-image-box-title\"><a href=\"#\">P\u0159ibyslav - Pohled<\/a><\/h4><\/div><\/div>\t\t\t\t<\/div>\n\t\t\t\t<\/div>\n\t\t\t\t<div class=\"elementor-element elementor-element-7f9e57b elementor-position-top elementor-widget elementor-widget-image-box\" data-id=\"7f9e57b\" data-element_type=\"widget\" data-e-type=\"widget\" data-widget_type=\"image-box.default\">\n\t\t\t\t<div class=\"elementor-widget-container\">\n\t\t\t\t\t<div class=\"elementor-image-box-wrapper\"><figure class=\"elementor-image-box-img\"><a href=\"https:\/\/www.sagasta.cz\/en\/projects\/construction-of-the-rajhrad-branch-rajhrad\/\" tabindex=\"-1\"><img decoding=\"async\" src=\"https:\/\/www.sagasta.cz\/wp-content\/uploads\/2025\/05\/rajhrad-1-img.webp\" title=\"\" alt=\"Realizace Rajhrad\" loading=\"lazy\" \/><\/a><\/figure><div class=\"elementor-image-box-content\"><h4 class=\"elementor-image-box-title\"><a href=\"https:\/\/www.sagasta.cz\/en\/projects\/construction-of-the-rajhrad-branch-rajhrad\/\">Rajhrad<\/a><\/h4><\/div><\/div>\t\t\t\t<\/div>\n\t\t\t\t<\/div>\n\t\t\t\t<\/div>\n\t\t\t\t<\/div>\n\t\t<div class=\"elementor-element elementor-element-e419a7d e-con-full e-flex e-con e-child\" data-id=\"e419a7d\" data-element_type=\"container\" data-e-type=\"container\">\n\t\t\t\t<div class=\"elementor-element elementor-element-06e287e elementor-widget elementor-widget-heading\" data-id=\"06e287e\" data-element_type=\"widget\" data-e-type=\"widget\" data-widget_type=\"heading.default\">\n\t\t\t\t<div class=\"elementor-widget-container\">\n\t\t\t\t\t<h3 class=\"elementor-heading-title elementor-size-default\">Related articles<\/h3>\t\t\t\t<\/div>\n\t\t\t\t<\/div>\n\t\t\t\t<\/div>\n\t\t\t\t\t<\/div>\n\t\t\t\t<\/div>\n\t\t<div class=\"elementor-element elementor-element-5cc5a4a e-con-full e-flex e-con e-parent\" data-id=\"5cc5a4a\" data-element_type=\"container\" data-e-type=\"container\">\n\t\t\t\t<div class=\"elementor-element elementor-element-99a01f3 elementor-widget elementor-widget-template\" data-id=\"99a01f3\" data-element_type=\"widget\" data-e-type=\"widget\" data-widget_type=\"template.default\">\n\t\t\t\t<div class=\"elementor-widget-container\">\n\t\t\t\t\t\t\t<div class=\"elementor-template\">\n\t\t\t\t\t<div data-elementor-type=\"container\" data-elementor-id=\"2395\" class=\"elementor elementor-2395 elementor-813 elementor-813\" data-elementor-post-type=\"elementor_library\">\n\t\t\t\t<div class=\"elementor-element elementor-element-23acc4e7 e-grid e-con-boxed e-con e-parent\" data-id=\"23acc4e7\" data-element_type=\"container\" data-e-type=\"container\" data-settings=\"{&quot;background_background&quot;:&quot;classic&quot;}\">\n\t\t\t\t\t<div class=\"e-con-inner\">\n\t\t\t\t<div class=\"elementor-element elementor-element-294fe4ad elementor-widget elementor-widget-counter\" data-id=\"294fe4ad\" data-element_type=\"widget\" data-e-type=\"widget\" data-widget_type=\"counter.default\">\n\t\t\t\t<div class=\"elementor-widget-container\">\n\t\t\t\t\t\t\t<div class=\"elementor-counter\">\n\t\t\t<div class=\"elementor-counter-title\">Years on the Market<\/div>\t\t\t<div class=\"elementor-counter-number-wrapper\">\n\t\t\t\t<span class=\"elementor-counter-number-prefix\"><\/span>\n\t\t\t\t<span class=\"elementor-counter-number\" data-duration=\"2000\" data-to-value=\"10\" data-from-value=\"0\" data-delimiter=\",\">0<\/span>\n\t\t\t\t<span class=\"elementor-counter-number-suffix\"><\/span>\n\t\t\t<\/div>\n\t\t<\/div>\n\t\t\t\t\t\t<\/div>\n\t\t\t\t<\/div>\n\t\t\t\t<div class=\"elementor-element elementor-element-3e1cd1e0 elementor-widget elementor-widget-counter\" data-id=\"3e1cd1e0\" data-element_type=\"widget\" data-e-type=\"widget\" data-widget_type=\"counter.default\">\n\t\t\t\t<div class=\"elementor-widget-container\">\n\t\t\t\t\t\t\t<div class=\"elementor-counter\">\n\t\t\t<div class=\"elementor-counter-title\">Employees<\/div>\t\t\t<div class=\"elementor-counter-number-wrapper\">\n\t\t\t\t<span class=\"elementor-counter-number-prefix\"><\/span>\n\t\t\t\t<span class=\"elementor-counter-number\" data-duration=\"2000\" data-to-value=\"220\" data-from-value=\"0\" data-delimiter=\",\">0<\/span>\n\t\t\t\t<span class=\"elementor-counter-number-suffix\"><\/span>\n\t\t\t<\/div>\n\t\t<\/div>\n\t\t\t\t\t\t<\/div>\n\t\t\t\t<\/div>\n\t\t\t\t<div class=\"elementor-element elementor-element-2720ff4f elementor-widget elementor-widget-counter\" data-id=\"2720ff4f\" data-element_type=\"widget\" data-e-type=\"widget\" data-widget_type=\"counter.default\">\n\t\t\t\t<div class=\"elementor-widget-container\">\n\t\t\t\t\t\t\t<div class=\"elementor-counter\">\n\t\t\t<div class=\"elementor-counter-title\">Projects<\/div>\t\t\t<div class=\"elementor-counter-number-wrapper\">\n\t\t\t\t<span class=\"elementor-counter-number-prefix\"><\/span>\n\t\t\t\t<span class=\"elementor-counter-number\" data-duration=\"2000\" data-to-value=\"1000\" data-from-value=\"0\" data-delimiter=\" \">0<\/span>\n\t\t\t\t<span class=\"elementor-counter-number-suffix\">+<\/span>\n\t\t\t<\/div>\n\t\t<\/div>\n\t\t\t\t\t\t<\/div>\n\t\t\t\t<\/div>\n\t\t\t\t<div class=\"elementor-element elementor-element-ad069aa elementor-widget elementor-widget-counter\" data-id=\"ad069aa\" data-element_type=\"widget\" data-e-type=\"widget\" data-widget_type=\"counter.default\">\n\t\t\t\t<div class=\"elementor-widget-container\">\n\t\t\t\t\t\t\t<div class=\"elementor-counter\">\n\t\t\t<div class=\"elementor-counter-title\">Turnover for 2024<\/div>\t\t\t<div class=\"elementor-counter-number-wrapper\">\n\t\t\t\t<span class=\"elementor-counter-number-prefix\"><\/span>\n\t\t\t\t<span class=\"elementor-counter-number\" data-duration=\"2000\" data-to-value=\"520000000\" data-from-value=\"0\" data-delimiter=\" \">0<\/span>\n\t\t\t\t<span class=\"elementor-counter-number-suffix\"><\/span>\n\t\t\t<\/div>\n\t\t<\/div>\n\t\t\t\t\t\t<\/div>\n\t\t\t\t<\/div>\n\t\t\t\t\t<\/div>\n\t\t\t\t<\/div>\n\t\t\t\t<\/div>\n\t\t\t\t<\/div>\n\t\t\t\t\t\t<\/div>\n\t\t\t\t<\/div>\n\t\t\t\t<\/div>\n\t\t\t\t<\/div>\n\t\t","protected":false},"excerpt":{"rendered":"<p>In construction, one must not forget a&nbsp;number of important permits and inspections to ensure everything proceeds smoothly and without delays. As SAGASTA has many years of experience in this field, you can leave dealings with authorities and supervision of the construction process to us. We will take care of everything from pre-project work to technical [&hellip;]<\/p>\n","protected":false},"author":2,"featured_media":0,"parent":2141,"menu_order":0,"comment_status":"closed","ping_status":"closed","template":"elementor_header_footer","meta":{"footnotes":"","_links_to":"","_links_to_target":""},"class_list":["post-2186","page","type-page","status-publish","hentry"],"_links":{"self":[{"href":"https:\/\/www.sagasta.cz\/en\/wp-json\/wp\/v2\/pages\/2186","targetHints":{"allow":["GET"]}}],"collection":[{"href":"https:\/\/www.sagasta.cz\/en\/wp-json\/wp\/v2\/pages"}],"about":[{"href":"https:\/\/www.sagasta.cz\/en\/wp-json\/wp\/v2\/types\/page"}],"author":[{"embeddable":true,"href":"https:\/\/www.sagasta.cz\/en\/wp-json\/wp\/v2\/users\/2"}],"replies":[{"embeddable":true,"href":"https:\/\/www.sagasta.cz\/en\/wp-json\/wp\/v2\/comments?post=2186"}],"version-history":[{"count":0,"href":"https:\/\/www.sagasta.cz\/en\/wp-json\/wp\/v2\/pages\/2186\/revisions"}],"up":[{"embeddable":true,"href":"https:\/\/www.sagasta.cz\/en\/wp-json\/wp\/v2\/pages\/2141"}],"wp:attachment":[{"href":"https:\/\/www.sagasta.cz\/en\/wp-json\/wp\/v2\/media?parent=2186"}],"curies":[{"name":"wp","href":"https:\/\/api.w.org\/{rel}","templated":true}]}}