{"id":2184,"date":"2025-05-21T11:10:38","date_gmt":"2025-05-21T09:10:38","guid":{"rendered":"https:\/\/www.sagasta.cz\/services\/electrical-engineering\/"},"modified":"2025-12-16T17:49:25","modified_gmt":"2025-12-16T16:49:25","slug":"electrical-engineering","status":"publish","type":"page","link":"https:\/\/www.sagasta.cz\/en\/services\/electrical-engineering\/","title":{"rendered":"Electrical Engineering"},"content":{"rendered":"\t\t<div data-elementor-type=\"wp-page\" data-elementor-id=\"2184\" class=\"elementor elementor-2184 elementor-523\" data-elementor-post-type=\"page\">\n\t\t\t\t<div class=\"elementor-element elementor-element-75faea5 e-flex e-con-boxed e-con e-parent\" data-id=\"75faea5\" data-element_type=\"container\" data-e-type=\"container\" data-settings=\"{&quot;background_background&quot;:&quot;classic&quot;}\">\n\t\t\t\t\t<div class=\"e-con-inner\">\n\t\t\t\t\t<\/div>\n\t\t\t\t<\/div>\n\t\t<div class=\"elementor-element elementor-element-99b43ec e-flex e-con-boxed e-con e-parent\" data-id=\"99b43ec\" data-element_type=\"container\" data-e-type=\"container\">\n\t\t\t\t\t<div class=\"e-con-inner\">\n\t\t\t\t<div class=\"elementor-element elementor-element-9971985 elementor-cta--valign-middle elementor-cta--skin-classic elementor-animated-content elementor-bg-transform elementor-bg-transform-zoom-in elementor-widget elementor-widget-call-to-action\" data-id=\"9971985\" data-element_type=\"widget\" data-e-type=\"widget\" data-widget_type=\"call-to-action.default\">\n\t\t\t\t<div class=\"elementor-widget-container\">\n\t\t\t\t\t\t\t<div class=\"elementor-cta\">\n\t\t\t\t\t\t\t<div class=\"elementor-cta__content\">\n\t\t\t\t\t\t\t\t\t<div class=\"elementor-content-item elementor-cta__content-item elementor-icon-wrapper elementor-cta__icon elementor-view-default\">\n\t\t\t\t\t\t<div class=\"elementor-icon\">\n\t\t\t\t\t\t\t<svg xmlns=\"http:\/\/www.w3.org\/2000\/svg\" width=\"73.124\" height=\"73.124\" viewBox=\"0 0 73.124 73.124\"><path id=\"Path_149\" data-name=\"Path 149\" d=\"M94.47,63.685h.5a1.108,1.108,0,1,1,0,2.216h-.5a1.108,1.108,0,1,1,0-2.216ZM65.9,94.471v.495a1.108,1.108,0,0,1-2.216,0v-.495a1.108,1.108,0,0,1,2.216,0ZM63.684,35.115V34.62a1.108,1.108,0,0,1,2.216,0v.495a1.108,1.108,0,0,1-2.216,0ZM36.224,64.793A1.108,1.108,0,0,1,35.116,65.9h-.5a1.108,1.108,0,0,1,0-2.216h.5A1.109,1.109,0,0,1,36.224,64.793Zm62.915,3.04V61.752L94.673,60.3a1.108,1.108,0,0,1-.747-.855,29.47,29.47,0,0,0-1.23-4.594,1.111,1.111,0,0,1,.22-1.112l3.141-3.488-3.039-5.265-4.6.978a1.111,1.111,0,0,1-1.074-.365c-.36-.424-.737-.839-1.122-1.244L82.7,47.93A24.378,24.378,0,0,1,89.39,64.793a24.626,24.626,0,0,1-24.6,24.6A24.351,24.351,0,0,1,54.872,87.3L45.51,93.318l4.742,2.739,3.488-3.141a1.112,1.112,0,0,1,1.114-.22,29.447,29.447,0,0,0,4.594,1.229,1.11,1.11,0,0,1,.854.748l1.452,4.466h6.079l1.451-4.466a1.113,1.113,0,0,1,.855-.748A29.577,29.577,0,0,0,74.733,92.7a1.106,1.106,0,0,1,1.113.22l3.488,3.141,5.265-3.04-.976-4.6a1.1,1.1,0,0,1,.365-1.074,29.7,29.7,0,0,0,3.357-3.359,1.112,1.112,0,0,1,1.074-.365l4.6.978,3.039-5.265-3.14-3.488a1.111,1.111,0,0,1-.22-1.112,29.4,29.4,0,0,0,1.23-4.6,1.108,1.108,0,0,1,.747-.854Zm-17.152.45L72.179,58.6l8.963-9.09A22.388,22.388,0,0,1,57.157,85.836L81.806,70A1.111,1.111,0,0,0,81.986,68.283ZM33.723,98.255,79.444,68.888l-9.609-9.493a1.109,1.109,0,0,1-.01-1.566L96.013,31.273a.585.585,0,0,0-.151.058L50.143,60.7l9.607,9.493a1.105,1.105,0,0,1,.01,1.566L33.574,98.313a.548.548,0,0,0,.149-.058ZM47.6,61.3l9.805,9.686-8.962,9.09a22.182,22.182,0,0,1-6.032-15.285A22.4,22.4,0,0,1,72.428,43.748L47.78,59.581A1.109,1.109,0,0,0,47.6,61.3Zm-5.36,22.683c.36.424.737.839,1.122,1.244l3.523-3.574A24.377,24.377,0,0,1,40.2,64.793,24.611,24.611,0,0,1,74.716,42.279l9.361-6.012-4.743-2.739-3.488,3.141a1.106,1.106,0,0,1-1.113.22,29.417,29.417,0,0,0-4.594-1.229,1.11,1.11,0,0,1-.855-.747l-1.451-4.466H61.754L60.3,34.913a1.107,1.107,0,0,1-.854.747,29.466,29.466,0,0,0-4.594,1.229,1.11,1.11,0,0,1-1.114-.22l-3.488-3.141-5.265,3.04.978,4.6a1.111,1.111,0,0,1-.365,1.074A29.812,29.812,0,0,0,42.241,45.6a1.11,1.11,0,0,1-1.074.365l-4.6-.978-3.04,5.265,3.14,3.488a1.1,1.1,0,0,1,.22,1.114,29.668,29.668,0,0,0-1.23,4.594,1.1,1.1,0,0,1-.747.854l-4.466,1.451v6.081l4.466,1.451a1.1,1.1,0,0,1,.747.855,29.618,29.618,0,0,0,1.23,4.594,1.1,1.1,0,0,1-.22,1.112l-3.14,3.488,3.04,5.265,4.6-.978a1.111,1.111,0,0,1,1.074.365ZM100.59,59.894l-4.611-1.5A31.534,31.534,0,0,0,95,54.737l3.24-3.6a1.107,1.107,0,0,0,.137-1.3l-3.844-6.66a1.1,1.1,0,0,0-1.189-.529l-4.75,1.009q-.4-.45-.817-.885L98.759,31.643a1.387,1.387,0,0,0,.147-1.889c-.829-1.021-3.251-.925-4.24-.288L86.174,34.92l-6.431-3.712a1.1,1.1,0,0,0-1.294.136l-3.6,3.242a31.761,31.761,0,0,0-3.659-.979L69.691,29a1.107,1.107,0,0,0-1.053-.765H60.949A1.111,1.111,0,0,0,59.894,29l-1.5,4.611a31.776,31.776,0,0,0-3.66.979l-3.6-3.243a1.106,1.106,0,0,0-1.3-.136l-6.659,3.844a1.108,1.108,0,0,0-.529,1.191l1.009,4.748a32.566,32.566,0,0,0-2.672,2.672l-4.748-1.009a1.111,1.111,0,0,0-1.191.529l-3.843,6.66a1.107,1.107,0,0,0,.136,1.3l3.242,3.6a31.507,31.507,0,0,0-.979,3.659L29,59.894a1.111,1.111,0,0,0-.767,1.053v7.691A1.109,1.109,0,0,0,29,69.691l4.609,1.5a31.747,31.747,0,0,0,.979,3.659l-3.242,3.6a1.107,1.107,0,0,0-.136,1.3L35.051,86.4a1.113,1.113,0,0,0,1.191.531l4.748-1.01q.4.45.817.885L30.826,97.944a1.385,1.385,0,0,0-.145,1.888c.823,1.016,3.24.93,4.239.288l8.49-5.454,6.431,3.712a1.106,1.106,0,0,0,1.3-.136L54.738,95a31.8,31.8,0,0,0,3.66.978l1.5,4.611a1.111,1.111,0,0,0,1.055.765h7.689a1.106,1.106,0,0,0,1.053-.765l1.5-4.611A31.8,31.8,0,0,0,74.848,95l3.6,3.243a1.1,1.1,0,0,0,1.294.136L86.4,94.534a1.11,1.11,0,0,0,.53-1.191L85.925,88.6a32.083,32.083,0,0,0,2.67-2.672l4.75,1.01a1.109,1.109,0,0,0,1.189-.531l3.844-6.659a1.107,1.107,0,0,0-.137-1.3L95,74.848a31.955,31.955,0,0,0,.977-3.659l4.611-1.5a1.106,1.106,0,0,0,.765-1.054V60.947a1.108,1.108,0,0,0-.764-1.053Z\" transform=\"translate(-28.23 -28.231)\" fill=\"#fff\" fill-rule=\"evenodd\"><\/path><\/svg>\t\t\t\t\t\t<\/div>\n\t\t\t\t\t<\/div>\n\t\t\t\t\n\t\t\t\t\n\t\t\t\t\t\t\t\t\t<div class=\"elementor-cta__description elementor-cta__content-item elementor-content-item\">\n\t\t\t\t\t\tAnother essential part of our construction portfolio is the set of services associated with electrical engineering. SAGASTA offers comprehensive electrical-engineering services: from design, through implementation, to inspections. We can design high-voltage and low-voltage distribution systems, utility network relocations and public lighting. We also help optimise costs by using modern and sustainable forms of energy generation, including photovoltaics. With SAGASTA, you can rely on safe and reliable electrical-engineering solutions tailored to your needs.    \t\t\t\t\t<\/div>\n\t\t\t\t\n\t\t\t\t\t\t\t<\/div>\n\t\t\t\t\t\t<\/div>\n\t\t\t\t\t\t<\/div>\n\t\t\t\t<\/div>\n\t\t<div class=\"elementor-element elementor-element-3bb9107 e-con-full e-flex e-con e-child\" data-id=\"3bb9107\" data-element_type=\"container\" data-e-type=\"container\">\n\t\t<div class=\"elementor-element elementor-element-50088be e-con-full e-flex e-con e-child\" data-id=\"50088be\" data-element_type=\"container\" data-e-type=\"container\" data-settings=\"{&quot;background_background&quot;:&quot;classic&quot;}\">\n\t\t\t\t<div class=\"elementor-element elementor-element-096c4cc elementor-widget elementor-widget-text-editor\" data-id=\"096c4cc\" data-element_type=\"widget\" data-e-type=\"widget\" data-widget_type=\"text-editor.default\">\n\t\t\t\t<div class=\"elementor-widget-container\">\n\t\t\t\t\t\t\t\t\t<h3>We also design<\/h3><ul><li>High and low voltage electrical installations<\/li><li>Network relocations<\/li><li>Inspections and safety checks<\/li><li>Energy consulting<\/li><\/ul>\t\t\t\t\t\t\t\t<\/div>\n\t\t\t\t<\/div>\n\t\t\t\t<\/div>\n\t\t<div class=\"elementor-element elementor-element-43bf763 e-con-full e-flex e-con e-child\" data-id=\"43bf763\" data-element_type=\"container\" data-e-type=\"container\" data-settings=\"{&quot;background_background&quot;:&quot;classic&quot;}\">\n\t\t\t\t<div class=\"elementor-element elementor-element-5f782c2 elementor-widget elementor-widget-text-editor\" data-id=\"5f782c2\" data-element_type=\"widget\" data-e-type=\"widget\" data-widget_type=\"text-editor.default\">\n\t\t\t\t<div class=\"elementor-widget-container\">\n\t\t\t\t\t\t\t\t\t<h3>Our achievements<\/h3><p> <\/p>\t\t\t\t\t\t\t\t<\/div>\n\t\t\t\t<\/div>\n\t\t\t\t<\/div>\n\t\t\t\t<\/div>\n\t\t<div class=\"elementor-element elementor-element-ba58e54 e-con-full e-flex e-con e-child\" data-id=\"ba58e54\" data-element_type=\"container\" data-e-type=\"container\" data-settings=\"{&quot;background_background&quot;:&quot;classic&quot;}\">\n\t\t\t\t<div class=\"elementor-element elementor-element-0b3053d elementor-widget elementor-widget-heading\" data-id=\"0b3053d\" data-element_type=\"widget\" data-e-type=\"widget\" data-widget_type=\"heading.default\">\n\t\t\t\t<div class=\"elementor-widget-container\">\n\t\t\t\t\t<h3 class=\"elementor-heading-title elementor-size-default\">Selection of our projects<\/h3>\t\t\t\t<\/div>\n\t\t\t\t<\/div>\n\t\t<div class=\"elementor-element elementor-element-fa5a349 e-grid e-con-full e-con e-child\" data-id=\"fa5a349\" data-element_type=\"container\" data-e-type=\"container\">\n\t\t\t\t<div class=\"elementor-element elementor-element-39e25b9 elementor-position-top elementor-widget elementor-widget-image-box\" data-id=\"39e25b9\" data-element_type=\"widget\" data-e-type=\"widget\" data-widget_type=\"image-box.default\">\n\t\t\t\t<div class=\"elementor-widget-container\">\n\t\t\t\t\t<div class=\"elementor-image-box-wrapper\"><figure class=\"elementor-image-box-img\"><a href=\"#\" tabindex=\"-1\"><img fetchpriority=\"high\" decoding=\"async\" width=\"730\" height=\"455\" src=\"https:\/\/www.sagasta.cz\/wp-content\/uploads\/2025\/07\/projekty-batelov.webp\" class=\"attachment-full size-full wp-image-2182\" alt=\"Batelov\" srcset=\"https:\/\/www.sagasta.cz\/wp-content\/uploads\/2025\/07\/projekty-batelov.webp 730w, https:\/\/www.sagasta.cz\/wp-content\/uploads\/2025\/07\/projekty-batelov-300x187.webp 300w\" sizes=\"(max-width: 730px) 100vw, 730px\" \/><\/a><\/figure><div class=\"elementor-image-box-content\"><h4 class=\"elementor-image-box-title\"><a href=\"#\">Batelov<\/a><\/h4><\/div><\/div>\t\t\t\t<\/div>\n\t\t\t\t<\/div>\n\t\t\t\t<div class=\"elementor-element elementor-element-c1f2ae0 elementor-position-top elementor-widget elementor-widget-image-box\" data-id=\"c1f2ae0\" data-element_type=\"widget\" data-e-type=\"widget\" data-widget_type=\"image-box.default\">\n\t\t\t\t<div class=\"elementor-widget-container\">\n\t\t\t\t\t<div class=\"elementor-image-box-wrapper\"><figure class=\"elementor-image-box-img\"><a href=\"#\" tabindex=\"-1\"><img decoding=\"async\" width=\"496\" height=\"294\" src=\"https:\/\/www.sagasta.cz\/wp-content\/uploads\/2025\/07\/projekty-cb.webp\" class=\"attachment-full size-full wp-image-2183\" alt=\"\" srcset=\"https:\/\/www.sagasta.cz\/wp-content\/uploads\/2025\/07\/projekty-cb.webp 496w, https:\/\/www.sagasta.cz\/wp-content\/uploads\/2025\/07\/projekty-cb-300x178.webp 300w\" sizes=\"(max-width: 496px) 100vw, 496px\" \/><\/a><\/figure><div class=\"elementor-image-box-content\"><h4 class=\"elementor-image-box-title\"><a href=\"#\">\u010cesk\u00e9 Bud\u011bjovice<\/a><\/h4><\/div><\/div>\t\t\t\t<\/div>\n\t\t\t\t<\/div>\n\t\t\t\t<div class=\"elementor-element elementor-element-3998938 elementor-position-top elementor-widget elementor-widget-image-box\" data-id=\"3998938\" data-element_type=\"widget\" data-e-type=\"widget\" data-widget_type=\"image-box.default\">\n\t\t\t\t<div class=\"elementor-widget-container\">\n\t\t\t\t\t<div class=\"elementor-image-box-wrapper\"><figure class=\"elementor-image-box-img\"><a href=\"#\" tabindex=\"-1\"><img decoding=\"async\" src=\"https:\/\/www.sagasta.cz\/wp-content\/uploads\/2025\/05\/plzen-jizni-predmesti-1-img.webp\" title=\"\" alt=\"Realizace Plze\u0148 Ji\u017en\u00ed P\u0159edm\u011bst\u00ed\" loading=\"lazy\" \/><\/a><\/figure><div class=\"elementor-image-box-content\"><h4 class=\"elementor-image-box-title\"><a href=\"#\">D\u011btmarovice - Petrovice u&nbsp;K.<\/a><\/h4><\/div><\/div>\t\t\t\t<\/div>\n\t\t\t\t<\/div>\n\t\t\t\t<div class=\"elementor-element elementor-element-f9d2460 elementor-position-top elementor-widget elementor-widget-image-box\" data-id=\"f9d2460\" data-element_type=\"widget\" data-e-type=\"widget\" data-widget_type=\"image-box.default\">\n\t\t\t\t<div class=\"elementor-widget-container\">\n\t\t\t\t\t<div class=\"elementor-image-box-wrapper\"><figure class=\"elementor-image-box-img\"><a href=\"#\" tabindex=\"-1\"><img decoding=\"async\" src=\"https:\/\/www.sagasta.cz\/wp-content\/uploads\/2025\/05\/plzen-jizni-predmesti-1-img.webp\" title=\"\" alt=\"Realizace Plze\u0148 Ji\u017en\u00ed P\u0159edm\u011bst\u00ed\" loading=\"lazy\" \/><\/a><\/figure><div class=\"elementor-image-box-content\"><h4 class=\"elementor-image-box-title\"><a href=\"#\">Mlad\u00e1 Boleslav<\/a><\/h4><\/div><\/div>\t\t\t\t<\/div>\n\t\t\t\t<\/div>\n\t\t\t\t<div class=\"elementor-element elementor-element-cc99461 elementor-position-top elementor-widget elementor-widget-image-box\" data-id=\"cc99461\" data-element_type=\"widget\" data-e-type=\"widget\" data-widget_type=\"image-box.default\">\n\t\t\t\t<div class=\"elementor-widget-container\">\n\t\t\t\t\t<div class=\"elementor-image-box-wrapper\"><figure class=\"elementor-image-box-img\"><a href=\"https:\/\/www.sagasta.cz\/en\/projects\/revitalisation-and-electrification-of-oldrichov-u-duchova-litvinov-line-oldrichov-litvinov-line\/\" tabindex=\"-1\"><img decoding=\"async\" src=\"https:\/\/www.sagasta.cz\/wp-content\/uploads\/2025\/05\/oldrichov-litvinov-1-img.webp\" title=\"\" alt=\"Realizace Old\u0159ichov-Litv\u00ednov\" loading=\"lazy\" \/><\/a><\/figure><div class=\"elementor-image-box-content\"><h4 class=\"elementor-image-box-title\"><a href=\"https:\/\/www.sagasta.cz\/en\/projects\/revitalisation-and-electrification-of-oldrichov-u-duchova-litvinov-line-oldrichov-litvinov-line\/\">Old\u0159ichov u&nbsp;Duchova - Litv\u00ednov<\/a><\/h4><\/div><\/div>\t\t\t\t<\/div>\n\t\t\t\t<\/div>\n\t\t\t\t<div class=\"elementor-element elementor-element-83dde56 elementor-position-top elementor-widget elementor-widget-image-box\" data-id=\"83dde56\" data-element_type=\"widget\" data-e-type=\"widget\" data-widget_type=\"image-box.default\">\n\t\t\t\t<div class=\"elementor-widget-container\">\n\t\t\t\t\t<div class=\"elementor-image-box-wrapper\"><figure class=\"elementor-image-box-img\"><a href=\"#\" tabindex=\"-1\"><img decoding=\"async\" src=\"https:\/\/www.sagasta.cz\/wp-content\/uploads\/2025\/05\/plzen-jizni-predmesti-1-img.webp\" title=\"\" alt=\"Realizace Plze\u0148 Ji\u017en\u00ed P\u0159edm\u011bst\u00ed\" loading=\"lazy\" \/><\/a><\/figure><div class=\"elementor-image-box-content\"><h4 class=\"elementor-image-box-title\"><a href=\"#\">Osek - Moldava<\/a><\/h4><\/div><\/div>\t\t\t\t<\/div>\n\t\t\t\t<\/div>\n\t\t\t\t<div class=\"elementor-element elementor-element-94b6c9b elementor-position-top elementor-widget elementor-widget-image-box\" data-id=\"94b6c9b\" data-element_type=\"widget\" data-e-type=\"widget\" data-widget_type=\"image-box.default\">\n\t\t\t\t<div class=\"elementor-widget-container\">\n\t\t\t\t\t<div class=\"elementor-image-box-wrapper\"><figure class=\"elementor-image-box-img\"><a href=\"#\" tabindex=\"-1\"><img decoding=\"async\" src=\"https:\/\/www.sagasta.cz\/wp-content\/uploads\/2025\/05\/plzen-jizni-predmesti-1-img.webp\" title=\"\" alt=\"Realizace Plze\u0148 Ji\u017en\u00ed P\u0159edm\u011bst\u00ed\" loading=\"lazy\" \/><\/a><\/figure><div class=\"elementor-image-box-content\"><h4 class=\"elementor-image-box-title\"><a href=\"#\">P\u0159ibyslav - Pohled<\/a><\/h4><\/div><\/div>\t\t\t\t<\/div>\n\t\t\t\t<\/div>\n\t\t\t\t<div class=\"elementor-element elementor-element-3785de4 elementor-position-top elementor-widget elementor-widget-image-box\" data-id=\"3785de4\" data-element_type=\"widget\" data-e-type=\"widget\" data-widget_type=\"image-box.default\">\n\t\t\t\t<div class=\"elementor-widget-container\">\n\t\t\t\t\t<div class=\"elementor-image-box-wrapper\"><figure class=\"elementor-image-box-img\"><a href=\"https:\/\/www.sagasta.cz\/en\/projects\/construction-of-the-rajhrad-branch-rajhrad\/\" tabindex=\"-1\"><img decoding=\"async\" src=\"https:\/\/www.sagasta.cz\/wp-content\/uploads\/2025\/05\/rajhrad-1-img.webp\" title=\"\" alt=\"Realizace Rajhrad\" loading=\"lazy\" \/><\/a><\/figure><div class=\"elementor-image-box-content\"><h4 class=\"elementor-image-box-title\"><a href=\"https:\/\/www.sagasta.cz\/en\/projects\/construction-of-the-rajhrad-branch-rajhrad\/\">Rajhrad<\/a><\/h4><\/div><\/div>\t\t\t\t<\/div>\n\t\t\t\t<\/div>\n\t\t\t\t<div class=\"elementor-element elementor-element-1c4e517 elementor-position-top elementor-widget elementor-widget-image-box\" data-id=\"1c4e517\" data-element_type=\"widget\" data-e-type=\"widget\" data-widget_type=\"image-box.default\">\n\t\t\t\t<div class=\"elementor-widget-container\">\n\t\t\t\t\t<div class=\"elementor-image-box-wrapper\"><figure class=\"elementor-image-box-img\"><a href=\"#\" tabindex=\"-1\"><img decoding=\"async\" src=\"https:\/\/www.sagasta.cz\/wp-content\/uploads\/2025\/05\/plzen-jizni-predmesti-1-img.webp\" title=\"\" alt=\"Realizace Plze\u0148 Ji\u017en\u00ed P\u0159edm\u011bst\u00ed\" loading=\"lazy\" \/><\/a><\/figure><div class=\"elementor-image-box-content\"><h4 class=\"elementor-image-box-title\"><a href=\"#\">Semily<\/a><\/h4><\/div><\/div>\t\t\t\t<\/div>\n\t\t\t\t<\/div>\n\t\t\t\t<\/div>\n\t\t\t\t<\/div>\n\t\t<div class=\"elementor-element elementor-element-1708400 e-con-full e-flex e-con e-child\" data-id=\"1708400\" data-element_type=\"container\" data-e-type=\"container\">\n\t\t\t\t<div class=\"elementor-element elementor-element-a167347 elementor-widget elementor-widget-heading\" data-id=\"a167347\" data-element_type=\"widget\" data-e-type=\"widget\" data-widget_type=\"heading.default\">\n\t\t\t\t<div class=\"elementor-widget-container\">\n\t\t\t\t\t<h3 class=\"elementor-heading-title elementor-size-default\">Related articles<\/h3>\t\t\t\t<\/div>\n\t\t\t\t<\/div>\n\t\t\t\t<\/div>\n\t\t\t\t\t<\/div>\n\t\t\t\t<\/div>\n\t\t<div class=\"elementor-element elementor-element-57a7235 e-con-full e-flex e-con e-parent\" data-id=\"57a7235\" data-element_type=\"container\" data-e-type=\"container\">\n\t\t\t\t<div class=\"elementor-element elementor-element-2e8e0f3 elementor-widget elementor-widget-template\" data-id=\"2e8e0f3\" data-element_type=\"widget\" data-e-type=\"widget\" data-widget_type=\"template.default\">\n\t\t\t\t<div class=\"elementor-widget-container\">\n\t\t\t\t\t\t\t<div class=\"elementor-template\">\n\t\t\t\t\t<div data-elementor-type=\"container\" data-elementor-id=\"2395\" class=\"elementor elementor-2395 elementor-813 elementor-813\" data-elementor-post-type=\"elementor_library\">\n\t\t\t\t<div class=\"elementor-element elementor-element-23acc4e7 e-grid e-con-boxed e-con e-parent\" data-id=\"23acc4e7\" data-element_type=\"container\" data-e-type=\"container\" data-settings=\"{&quot;background_background&quot;:&quot;classic&quot;}\">\n\t\t\t\t\t<div class=\"e-con-inner\">\n\t\t\t\t<div class=\"elementor-element elementor-element-294fe4ad elementor-widget elementor-widget-counter\" data-id=\"294fe4ad\" data-element_type=\"widget\" data-e-type=\"widget\" data-widget_type=\"counter.default\">\n\t\t\t\t<div class=\"elementor-widget-container\">\n\t\t\t\t\t\t\t<div class=\"elementor-counter\">\n\t\t\t<div class=\"elementor-counter-title\">Years on the Market<\/div>\t\t\t<div class=\"elementor-counter-number-wrapper\">\n\t\t\t\t<span class=\"elementor-counter-number-prefix\"><\/span>\n\t\t\t\t<span class=\"elementor-counter-number\" data-duration=\"2000\" data-to-value=\"10\" data-from-value=\"0\" data-delimiter=\",\">0<\/span>\n\t\t\t\t<span class=\"elementor-counter-number-suffix\"><\/span>\n\t\t\t<\/div>\n\t\t<\/div>\n\t\t\t\t\t\t<\/div>\n\t\t\t\t<\/div>\n\t\t\t\t<div class=\"elementor-element elementor-element-3e1cd1e0 elementor-widget elementor-widget-counter\" data-id=\"3e1cd1e0\" data-element_type=\"widget\" data-e-type=\"widget\" data-widget_type=\"counter.default\">\n\t\t\t\t<div class=\"elementor-widget-container\">\n\t\t\t\t\t\t\t<div class=\"elementor-counter\">\n\t\t\t<div class=\"elementor-counter-title\">Employees<\/div>\t\t\t<div class=\"elementor-counter-number-wrapper\">\n\t\t\t\t<span class=\"elementor-counter-number-prefix\"><\/span>\n\t\t\t\t<span class=\"elementor-counter-number\" data-duration=\"2000\" data-to-value=\"220\" data-from-value=\"0\" data-delimiter=\",\">0<\/span>\n\t\t\t\t<span class=\"elementor-counter-number-suffix\"><\/span>\n\t\t\t<\/div>\n\t\t<\/div>\n\t\t\t\t\t\t<\/div>\n\t\t\t\t<\/div>\n\t\t\t\t<div class=\"elementor-element elementor-element-2720ff4f elementor-widget elementor-widget-counter\" data-id=\"2720ff4f\" data-element_type=\"widget\" data-e-type=\"widget\" data-widget_type=\"counter.default\">\n\t\t\t\t<div class=\"elementor-widget-container\">\n\t\t\t\t\t\t\t<div class=\"elementor-counter\">\n\t\t\t<div class=\"elementor-counter-title\">Projects<\/div>\t\t\t<div class=\"elementor-counter-number-wrapper\">\n\t\t\t\t<span class=\"elementor-counter-number-prefix\"><\/span>\n\t\t\t\t<span class=\"elementor-counter-number\" data-duration=\"2000\" data-to-value=\"1000\" data-from-value=\"0\" data-delimiter=\" \">0<\/span>\n\t\t\t\t<span class=\"elementor-counter-number-suffix\">+<\/span>\n\t\t\t<\/div>\n\t\t<\/div>\n\t\t\t\t\t\t<\/div>\n\t\t\t\t<\/div>\n\t\t\t\t<div class=\"elementor-element elementor-element-ad069aa elementor-widget elementor-widget-counter\" data-id=\"ad069aa\" data-element_type=\"widget\" data-e-type=\"widget\" data-widget_type=\"counter.default\">\n\t\t\t\t<div class=\"elementor-widget-container\">\n\t\t\t\t\t\t\t<div class=\"elementor-counter\">\n\t\t\t<div class=\"elementor-counter-title\">Turnover for 2024<\/div>\t\t\t<div class=\"elementor-counter-number-wrapper\">\n\t\t\t\t<span class=\"elementor-counter-number-prefix\"><\/span>\n\t\t\t\t<span class=\"elementor-counter-number\" data-duration=\"2000\" data-to-value=\"520000000\" data-from-value=\"0\" data-delimiter=\" \">0<\/span>\n\t\t\t\t<span class=\"elementor-counter-number-suffix\"><\/span>\n\t\t\t<\/div>\n\t\t<\/div>\n\t\t\t\t\t\t<\/div>\n\t\t\t\t<\/div>\n\t\t\t\t\t<\/div>\n\t\t\t\t<\/div>\n\t\t\t\t<\/div>\n\t\t\t\t<\/div>\n\t\t\t\t\t\t<\/div>\n\t\t\t\t<\/div>\n\t\t\t\t<\/div>\n\t\t\t\t<\/div>\n\t\t","protected":false},"excerpt":{"rendered":"<p>Another essential part of our construction portfolio is the set of services associated with electrical engineering. SAGASTA offers comprehensive electrical-engineering services: from design, through implementation, to inspections. We can design high-voltage and low-voltage distribution systems, utility network relocations and public lighting. We also help optimise costs by using modern and sustainable forms of energy generation, [&hellip;]<\/p>\n","protected":false},"author":2,"featured_media":0,"parent":2141,"menu_order":0,"comment_status":"closed","ping_status":"closed","template":"elementor_header_footer","meta":{"footnotes":"","_links_to":"","_links_to_target":""},"class_list":["post-2184","page","type-page","status-publish","hentry"],"_links":{"self":[{"href":"https:\/\/www.sagasta.cz\/en\/wp-json\/wp\/v2\/pages\/2184","targetHints":{"allow":["GET"]}}],"collection":[{"href":"https:\/\/www.sagasta.cz\/en\/wp-json\/wp\/v2\/pages"}],"about":[{"href":"https:\/\/www.sagasta.cz\/en\/wp-json\/wp\/v2\/types\/page"}],"author":[{"embeddable":true,"href":"https:\/\/www.sagasta.cz\/en\/wp-json\/wp\/v2\/users\/2"}],"replies":[{"embeddable":true,"href":"https:\/\/www.sagasta.cz\/en\/wp-json\/wp\/v2\/comments?post=2184"}],"version-history":[{"count":0,"href":"https:\/\/www.sagasta.cz\/en\/wp-json\/wp\/v2\/pages\/2184\/revisions"}],"up":[{"embeddable":true,"href":"https:\/\/www.sagasta.cz\/en\/wp-json\/wp\/v2\/pages\/2141"}],"wp:attachment":[{"href":"https:\/\/www.sagasta.cz\/en\/wp-json\/wp\/v2\/media?parent=2184"}],"curies":[{"name":"wp","href":"https:\/\/api.w.org\/{rel}","templated":true}]}}