{"id":2180,"date":"2025-05-21T11:12:55","date_gmt":"2025-05-21T09:12:55","guid":{"rendered":"https:\/\/www.sagasta.cz\/services\/architektura-a-pozemni-stavby\/"},"modified":"2026-02-08T11:52:42","modified_gmt":"2026-02-08T10:52:42","slug":"architecture-and-above-ground-structures","status":"publish","type":"page","link":"https:\/\/www.sagasta.cz\/en\/services\/architecture-and-above-ground-structures\/","title":{"rendered":"Architecture and Above-ground Structures"},"content":{"rendered":"\t\t<div data-elementor-type=\"wp-page\" data-elementor-id=\"2180\" class=\"elementor elementor-2180 elementor-531\" data-elementor-post-type=\"page\">\n\t\t\t\t<div class=\"elementor-element elementor-element-8e792e7 e-flex e-con-boxed e-con e-parent\" data-id=\"8e792e7\" data-element_type=\"container\" data-e-type=\"container\" data-settings=\"{&quot;background_background&quot;:&quot;classic&quot;}\">\n\t\t\t\t\t<div class=\"e-con-inner\">\n\t\t\t\t\t<\/div>\n\t\t\t\t<\/div>\n\t\t<div class=\"elementor-element elementor-element-a8cd717 e-flex e-con-boxed e-con e-parent\" data-id=\"a8cd717\" data-element_type=\"container\" data-e-type=\"container\">\n\t\t\t\t\t<div class=\"e-con-inner\">\n\t\t\t\t<div class=\"elementor-element elementor-element-c2c52d3 elementor-cta--valign-middle elementor-cta--skin-classic elementor-animated-content elementor-bg-transform elementor-bg-transform-zoom-in elementor-widget elementor-widget-call-to-action\" data-id=\"c2c52d3\" data-element_type=\"widget\" data-e-type=\"widget\" data-widget_type=\"call-to-action.default\">\n\t\t\t\t<div class=\"elementor-widget-container\">\n\t\t\t\t\t\t\t<div class=\"elementor-cta\">\n\t\t\t\t\t\t\t<div class=\"elementor-cta__content\">\n\t\t\t\t\t\t\t\t\t<div class=\"elementor-content-item elementor-cta__content-item elementor-icon-wrapper elementor-cta__icon elementor-view-default\">\n\t\t\t\t\t\t<div class=\"elementor-icon\">\n\t\t\t\t\t\t\t<svg xmlns=\"http:\/\/www.w3.org\/2000\/svg\" width=\"66.765\" height=\"73.124\" viewBox=\"0 0 66.765 73.124\"><path id=\"Path_181\" data-name=\"Path 181\" d=\"M64.347,57.145V27.132H42.663V39.319L30.92,43.138V75.223H14.4c-3.709,0-6.743-2.437-6.743-5.387,0-2.657,2.344-4.81,5.452-5.306v3.843c0,4.062,5.935,5.224,8.717,3.4,1.439-.91,1.817-2.072,1.817-3.811V14.7H61.683v7.792h2.663V11.8H23.412C22.656,7.982,18.865,5,14.243,5,9.169,5,5,8.729,5,13.287V69.836c0,4.639,4.095,8.287,9.4,8.287H71.765V57.145Zm-9.028,10.7h2.656V63.369H55.319Zm-6.291,0h2.656V63.369H49.028Zm6.291-9.368h2.656V54H55.319Zm-6.291,0h2.656V54H49.028Zm6.291-9.368h2.656V44.633H55.319Zm-6.291,0h2.656V44.633H49.028Zm6.291-9.368h2.656V35.257H55.319Zm-6.291,0h2.656V35.257H49.028ZM18.568,69.666c-1.521,0-2.8-.658-2.8-1.324V64.531a7.383,7.383,0,0,1,4.622,2.218c1.484,1.828,0,2.9-1.817,2.9ZM14.243,7.917c3.709,0,6.751,2.437,6.751,5.387V63.5A11.471,11.471,0,0,0,14.4,61.508a10.2,10.2,0,0,0-6.743,2.486V13.287c0-3.559,3.865-5.387,6.587-5.387ZM39.406,75.223V52.473H36.75v22.75H33.568V45.291l9.095-2.917V75.223Zm22.255,0H45.319V30.041H61.683Zm7.418,0H64.347V69.089h2.878v-2.9H64.347V60.054h4.77Z\" transform=\"translate(-5 -5)\" fill=\"#fff\"><\/path><\/svg>\t\t\t\t\t\t<\/div>\n\t\t\t\t\t<\/div>\n\t\t\t\t\n\t\t\t\t\n\t\t\t\t\t\t\t\t\t<div class=\"elementor-cta__description elementor-cta__content-item elementor-content-item\">\n\t\t\t\t\t\tAt SAGASTA, we approach the planning of building structures and facilities as a&nbsp;comprehensive task. Our projects include not only detailed drawings of the structure itself, but also its sensitive integration into the surrounding landscape. Thanks to our experience with various types of buildings and structures, every project we undertake is unique. This allows us to offer tailor-made solutions that can be adapted precisely to your requirements.   \t\t\t\t\t<\/div>\n\t\t\t\t\n\t\t\t\t\t\t\t<\/div>\n\t\t\t\t\t\t<\/div>\n\t\t\t\t\t\t<\/div>\n\t\t\t\t<\/div>\n\t\t<div class=\"elementor-element elementor-element-b37777b e-con-full e-flex e-con e-child\" data-id=\"b37777b\" data-element_type=\"container\" data-e-type=\"container\">\n\t\t<div class=\"elementor-element elementor-element-aa872bb e-con-full e-flex e-con e-child\" data-id=\"aa872bb\" data-element_type=\"container\" data-e-type=\"container\" data-settings=\"{&quot;background_background&quot;:&quot;classic&quot;}\">\n\t\t\t\t<div class=\"elementor-element elementor-element-8cf9972 elementor-widget elementor-widget-text-editor\" data-id=\"8cf9972\" data-element_type=\"widget\" data-e-type=\"widget\" data-widget_type=\"text-editor.default\">\n\t\t\t\t<div class=\"elementor-widget-container\">\n\t\t\t\t\t\t\t\t\t<h3>We also design<\/h3><ul><li>Building structures<\/li><li>Noise protection measures (PHO)<\/li><li>Platform roofing<\/li><li>Building and technological facilities<\/li><\/ul>\t\t\t\t\t\t\t\t<\/div>\n\t\t\t\t<\/div>\n\t\t\t\t<\/div>\n\t\t<div class=\"elementor-element elementor-element-8d29335 e-con-full e-flex e-con e-child\" data-id=\"8d29335\" data-element_type=\"container\" data-e-type=\"container\" data-settings=\"{&quot;background_background&quot;:&quot;classic&quot;}\">\n\t\t\t\t<div class=\"elementor-element elementor-element-0ea4b41 elementor-widget elementor-widget-text-editor\" data-id=\"0ea4b41\" data-element_type=\"widget\" data-e-type=\"widget\" data-widget_type=\"text-editor.default\">\n\t\t\t\t<div class=\"elementor-widget-container\">\n\t\t\t\t\t\t\t\t\t<h3>Our achievements<\/h3><p><a href=\"https:\/\/www.facebook.com\/story.php?story_fbid=590176273532171&amp;id=100076194090618\" target=\"_blank\" rel=\"noopener\">We won the main partner award of the company EGOE in the 2024 Building of the Year competition for the reconstruction of the station building at Praha-Radot\u00edn railway station.<\/a><\/p>\t\t\t\t\t\t\t\t<\/div>\n\t\t\t\t<\/div>\n\t\t\t\t<\/div>\n\t\t\t\t<\/div>\n\t\t<div class=\"elementor-element elementor-element-1ab23f3 e-con-full e-flex e-con e-child\" data-id=\"1ab23f3\" data-element_type=\"container\" data-e-type=\"container\" data-settings=\"{&quot;background_background&quot;:&quot;classic&quot;}\">\n\t\t\t\t<div class=\"elementor-element elementor-element-d3ea278 elementor-widget elementor-widget-heading\" data-id=\"d3ea278\" data-element_type=\"widget\" data-e-type=\"widget\" data-widget_type=\"heading.default\">\n\t\t\t\t<div class=\"elementor-widget-container\">\n\t\t\t\t\t<h3 class=\"elementor-heading-title elementor-size-default\">Selection of our projects<\/h3>\t\t\t\t<\/div>\n\t\t\t\t<\/div>\n\t\t<div class=\"elementor-element elementor-element-83ba6e9 e-grid e-con-full e-con e-child\" data-id=\"83ba6e9\" data-element_type=\"container\" data-e-type=\"container\">\n\t\t\t\t<div class=\"elementor-element elementor-element-63109c6 elementor-position-top elementor-widget elementor-widget-image-box\" data-id=\"63109c6\" data-element_type=\"widget\" data-e-type=\"widget\" data-widget_type=\"image-box.default\">\n\t\t\t\t<div class=\"elementor-widget-container\">\n\t\t\t\t\t<div class=\"elementor-image-box-wrapper\"><figure class=\"elementor-image-box-img\"><a href=\"https:\/\/www.sagasta.cz\/en\/projects\/repair-of-building-project-documentation-hluboka-nad-vltavou\/\" tabindex=\"-1\"><img fetchpriority=\"high\" decoding=\"async\" width=\"657\" height=\"430\" src=\"https:\/\/www.sagasta.cz\/wp-content\/uploads\/2025\/05\/hluboka-nad-vltavou-1-img.webp\" class=\"attachment-full size-full wp-image-2172\" alt=\"Realization Hlubok\u00e1 nad Vltavou\" srcset=\"https:\/\/www.sagasta.cz\/wp-content\/uploads\/2025\/05\/hluboka-nad-vltavou-1-img.webp 657w, https:\/\/www.sagasta.cz\/wp-content\/uploads\/2025\/05\/hluboka-nad-vltavou-1-img-300x196.webp 300w\" sizes=\"(max-width: 657px) 100vw, 657px\" \/><\/a><\/figure><div class=\"elementor-image-box-content\"><h4 class=\"elementor-image-box-title\"><a href=\"https:\/\/www.sagasta.cz\/en\/projects\/repair-of-building-project-documentation-hluboka-nad-vltavou\/\">Hlubok\u00e1 nad Vltavou<\/a><\/h4><\/div><\/div>\t\t\t\t<\/div>\n\t\t\t\t<\/div>\n\t\t\t\t<div class=\"elementor-element elementor-element-43c4514 elementor-position-top elementor-widget elementor-widget-image-box\" data-id=\"43c4514\" data-element_type=\"widget\" data-e-type=\"widget\" data-widget_type=\"image-box.default\">\n\t\t\t\t<div class=\"elementor-widget-container\">\n\t\t\t\t\t<div class=\"elementor-image-box-wrapper\"><figure class=\"elementor-image-box-img\"><a href=\"#\" tabindex=\"-1\"><img decoding=\"async\" width=\"1712\" height=\"1498\" src=\"https:\/\/www.sagasta.cz\/wp-content\/uploads\/2025\/07\/pozemni-cheb.webp\" class=\"attachment-full size-full wp-image-2175\" alt=\"\" srcset=\"https:\/\/www.sagasta.cz\/wp-content\/uploads\/2025\/07\/pozemni-cheb.webp 1712w, https:\/\/www.sagasta.cz\/wp-content\/uploads\/2025\/07\/pozemni-cheb-300x263.webp 300w, https:\/\/www.sagasta.cz\/wp-content\/uploads\/2025\/07\/pozemni-cheb-1024x896.webp 1024w, https:\/\/www.sagasta.cz\/wp-content\/uploads\/2025\/07\/pozemni-cheb-768x672.webp 768w, https:\/\/www.sagasta.cz\/wp-content\/uploads\/2025\/07\/pozemni-cheb-1536x1344.webp 1536w\" sizes=\"(max-width: 1712px) 100vw, 1712px\" \/><\/a><\/figure><div class=\"elementor-image-box-content\"><h4 class=\"elementor-image-box-title\"><a href=\"#\">Cheb<\/a><\/h4><\/div><\/div>\t\t\t\t<\/div>\n\t\t\t\t<\/div>\n\t\t\t\t<div class=\"elementor-element elementor-element-879baf4 elementor-position-top elementor-widget elementor-widget-image-box\" data-id=\"879baf4\" data-element_type=\"widget\" data-e-type=\"widget\" data-widget_type=\"image-box.default\">\n\t\t\t\t<div class=\"elementor-widget-container\">\n\t\t\t\t\t<div class=\"elementor-image-box-wrapper\"><figure class=\"elementor-image-box-img\"><a href=\"https:\/\/www.sagasta.cz\/en\/projects\/project-documentation-repair-of-the-station-building-in-kolin-kolin\/\" tabindex=\"-1\"><img decoding=\"async\" width=\"657\" height=\"402\" src=\"https:\/\/www.sagasta.cz\/wp-content\/uploads\/2025\/05\/kolin-img.webp\" class=\"attachment-full size-full wp-image-2171\" alt=\"Realization Kol\u00edn\" srcset=\"https:\/\/www.sagasta.cz\/wp-content\/uploads\/2025\/05\/kolin-img.webp 657w, https:\/\/www.sagasta.cz\/wp-content\/uploads\/2025\/05\/kolin-img-300x184.webp 300w\" sizes=\"(max-width: 657px) 100vw, 657px\" \/><\/a><\/figure><div class=\"elementor-image-box-content\"><h4 class=\"elementor-image-box-title\"><a href=\"https:\/\/www.sagasta.cz\/en\/projects\/project-documentation-repair-of-the-station-building-in-kolin-kolin\/\">Kol\u00edn<\/a><\/h4><\/div><\/div>\t\t\t\t<\/div>\n\t\t\t\t<\/div>\n\t\t\t\t<div class=\"elementor-element elementor-element-5153071 elementor-position-top elementor-widget elementor-widget-image-box\" data-id=\"5153071\" data-element_type=\"widget\" data-e-type=\"widget\" data-widget_type=\"image-box.default\">\n\t\t\t\t<div class=\"elementor-widget-container\">\n\t\t\t\t\t<div class=\"elementor-image-box-wrapper\"><figure class=\"elementor-image-box-img\"><a href=\"https:\/\/www.sagasta.cz\/en\/projects\/railway-bridge-2-622-km-luzec-nad-vltavou\/\" tabindex=\"-1\"><img decoding=\"async\" src=\"https:\/\/www.sagasta.cz\/wp-content\/uploads\/2025\/05\/luzec-1.webp\" title=\"\" alt=\"Lu\u017eec nad Vltavou\" loading=\"lazy\" \/><\/a><\/figure><div class=\"elementor-image-box-content\"><h4 class=\"elementor-image-box-title\"><a href=\"https:\/\/www.sagasta.cz\/en\/projects\/railway-bridge-2-622-km-luzec-nad-vltavou\/\">Lu\u017eec nad Vltavou<\/a><\/h4><\/div><\/div>\t\t\t\t<\/div>\n\t\t\t\t<\/div>\n\t\t\t\t<div class=\"elementor-element elementor-element-08d6c99 elementor-position-top elementor-widget elementor-widget-image-box\" data-id=\"08d6c99\" data-element_type=\"widget\" data-e-type=\"widget\" data-widget_type=\"image-box.default\">\n\t\t\t\t<div class=\"elementor-widget-container\">\n\t\t\t\t\t<div class=\"elementor-image-box-wrapper\"><figure class=\"elementor-image-box-img\"><a href=\"#\" tabindex=\"-1\"><img loading=\"lazy\" decoding=\"async\" width=\"800\" height=\"488\" src=\"https:\/\/www.sagasta.cz\/wp-content\/uploads\/2025\/07\/pozemni-krasna-lipa-pouze-reference.webp\" class=\"attachment-full size-full wp-image-2176\" alt=\"\" srcset=\"https:\/\/www.sagasta.cz\/wp-content\/uploads\/2025\/07\/pozemni-krasna-lipa-pouze-reference.webp 800w, https:\/\/www.sagasta.cz\/wp-content\/uploads\/2025\/07\/pozemni-krasna-lipa-pouze-reference-300x183.webp 300w, https:\/\/www.sagasta.cz\/wp-content\/uploads\/2025\/07\/pozemni-krasna-lipa-pouze-reference-768x468.webp 768w\" sizes=\"(max-width: 800px) 100vw, 800px\" \/><\/a><\/figure><div class=\"elementor-image-box-content\"><h4 class=\"elementor-image-box-title\"><a href=\"#\">Kr\u00e1sn\u00e1 L\u00edpa<\/a><\/h4><\/div><\/div>\t\t\t\t<\/div>\n\t\t\t\t<\/div>\n\t\t\t\t<div class=\"elementor-element elementor-element-0ff2030 elementor-position-top elementor-widget elementor-widget-image-box\" data-id=\"0ff2030\" data-element_type=\"widget\" data-e-type=\"widget\" data-widget_type=\"image-box.default\">\n\t\t\t\t<div class=\"elementor-widget-container\">\n\t\t\t\t\t<div class=\"elementor-image-box-wrapper\"><figure class=\"elementor-image-box-img\"><a href=\"#\" tabindex=\"-1\"><img loading=\"lazy\" decoding=\"async\" width=\"1024\" height=\"768\" src=\"https:\/\/www.sagasta.cz\/wp-content\/uploads\/2025\/07\/pozemni-praha-liben-pouze-reference.webp\" class=\"attachment-full size-full wp-image-2177\" alt=\"\" srcset=\"https:\/\/www.sagasta.cz\/wp-content\/uploads\/2025\/07\/pozemni-praha-liben-pouze-reference.webp 1024w, https:\/\/www.sagasta.cz\/wp-content\/uploads\/2025\/07\/pozemni-praha-liben-pouze-reference-300x225.webp 300w, https:\/\/www.sagasta.cz\/wp-content\/uploads\/2025\/07\/pozemni-praha-liben-pouze-reference-768x576.webp 768w\" sizes=\"(max-width: 1024px) 100vw, 1024px\" \/><\/a><\/figure><div class=\"elementor-image-box-content\"><h4 class=\"elementor-image-box-title\"><a href=\"#\">Praha-Libe\u0148<\/a><\/h4><\/div><\/div>\t\t\t\t<\/div>\n\t\t\t\t<\/div>\n\t\t\t\t<div class=\"elementor-element elementor-element-7bc33cf elementor-position-top elementor-widget elementor-widget-image-box\" data-id=\"7bc33cf\" data-element_type=\"widget\" data-e-type=\"widget\" data-widget_type=\"image-box.default\">\n\t\t\t\t<div class=\"elementor-widget-container\">\n\t\t\t\t\t<div class=\"elementor-image-box-wrapper\"><figure class=\"elementor-image-box-img\"><a href=\"#\" tabindex=\"-1\"><img loading=\"lazy\" decoding=\"async\" width=\"1920\" height=\"1440\" src=\"https:\/\/www.sagasta.cz\/wp-content\/uploads\/2025\/07\/pozemni-praha-radotin.webp\" class=\"attachment-full size-full wp-image-2178\" alt=\"\" srcset=\"https:\/\/www.sagasta.cz\/wp-content\/uploads\/2025\/07\/pozemni-praha-radotin.webp 1920w, https:\/\/www.sagasta.cz\/wp-content\/uploads\/2025\/07\/pozemni-praha-radotin-300x225.webp 300w, https:\/\/www.sagasta.cz\/wp-content\/uploads\/2025\/07\/pozemni-praha-radotin-1024x768.webp 1024w, https:\/\/www.sagasta.cz\/wp-content\/uploads\/2025\/07\/pozemni-praha-radotin-768x576.webp 768w, https:\/\/www.sagasta.cz\/wp-content\/uploads\/2025\/07\/pozemni-praha-radotin-1536x1152.webp 1536w\" sizes=\"(max-width: 1920px) 100vw, 1920px\" \/><\/a><\/figure><div class=\"elementor-image-box-content\"><h4 class=\"elementor-image-box-title\"><a href=\"#\">Praha-Radot\u00edn<\/a><\/h4><\/div><\/div>\t\t\t\t<\/div>\n\t\t\t\t<\/div>\n\t\t\t\t<div class=\"elementor-element elementor-element-5d89ca5 elementor-position-top elementor-widget elementor-widget-image-box\" data-id=\"5d89ca5\" data-element_type=\"widget\" data-e-type=\"widget\" data-widget_type=\"image-box.default\">\n\t\t\t\t<div class=\"elementor-widget-container\">\n\t\t\t\t\t<div class=\"elementor-image-box-wrapper\"><figure class=\"elementor-image-box-img\"><a href=\"https:\/\/www.sagasta.cz\/en\/projects\/project-for-the-construction-of-the-jhv-stresovice-road-vehicle-depot-hal-praha-stresovice\/\" tabindex=\"-1\"><img loading=\"lazy\" decoding=\"async\" width=\"1419\" height=\"717\" src=\"https:\/\/www.sagasta.cz\/wp-content\/uploads\/2025\/05\/stresovice-img.webp\" class=\"attachment-full size-full wp-image-2166\" alt=\"Realization St\u0159e\u0161ovice\" srcset=\"https:\/\/www.sagasta.cz\/wp-content\/uploads\/2025\/05\/stresovice-img.webp 1419w, https:\/\/www.sagasta.cz\/wp-content\/uploads\/2025\/05\/stresovice-img-300x152.webp 300w, https:\/\/www.sagasta.cz\/wp-content\/uploads\/2025\/05\/stresovice-img-1024x517.webp 1024w, https:\/\/www.sagasta.cz\/wp-content\/uploads\/2025\/05\/stresovice-img-768x388.webp 768w\" sizes=\"(max-width: 1419px) 100vw, 1419px\" \/><\/a><\/figure><div class=\"elementor-image-box-content\"><h4 class=\"elementor-image-box-title\"><a href=\"https:\/\/www.sagasta.cz\/en\/projects\/project-for-the-construction-of-the-jhv-stresovice-road-vehicle-depot-hal-praha-stresovice\/\">Praha-St\u0159e\u0161ovice<\/a><\/h4><\/div><\/div>\t\t\t\t<\/div>\n\t\t\t\t<\/div>\n\t\t\t\t<div class=\"elementor-element elementor-element-743740a elementor-position-top elementor-widget elementor-widget-image-box\" data-id=\"743740a\" data-element_type=\"widget\" data-e-type=\"widget\" data-widget_type=\"image-box.default\">\n\t\t\t\t<div class=\"elementor-widget-container\">\n\t\t\t\t\t<div class=\"elementor-image-box-wrapper\"><figure class=\"elementor-image-box-img\"><a href=\"https:\/\/www.sagasta.cz\/en\/projects\/reconstruction-of-the-station-building-in-zst-sternberk-sternberk\/\" tabindex=\"-1\"><img loading=\"lazy\" decoding=\"async\" width=\"657\" height=\"430\" src=\"https:\/\/www.sagasta.cz\/wp-content\/uploads\/2025\/05\/sternberk-1-img.webp\" class=\"attachment-full size-full wp-image-2169\" alt=\"Realization \u0160ternberk\" srcset=\"https:\/\/www.sagasta.cz\/wp-content\/uploads\/2025\/05\/sternberk-1-img.webp 657w, https:\/\/www.sagasta.cz\/wp-content\/uploads\/2025\/05\/sternberk-1-img-300x196.webp 300w\" sizes=\"(max-width: 657px) 100vw, 657px\" \/><\/a><\/figure><div class=\"elementor-image-box-content\"><h4 class=\"elementor-image-box-title\"><a href=\"https:\/\/www.sagasta.cz\/en\/projects\/reconstruction-of-the-station-building-in-zst-sternberk-sternberk\/\">\u0160ternberk<\/a><\/h4><\/div><\/div>\t\t\t\t<\/div>\n\t\t\t\t<\/div>\n\t\t\t\t<div class=\"elementor-element elementor-element-c8e511c elementor-position-top elementor-widget elementor-widget-image-box\" data-id=\"c8e511c\" data-element_type=\"widget\" data-e-type=\"widget\" data-widget_type=\"image-box.default\">\n\t\t\t\t<div class=\"elementor-widget-container\">\n\t\t\t\t\t<div class=\"elementor-image-box-wrapper\"><figure class=\"elementor-image-box-img\"><a href=\"#\" tabindex=\"-1\"><img loading=\"lazy\" decoding=\"async\" width=\"875\" height=\"455\" src=\"https:\/\/www.sagasta.cz\/wp-content\/uploads\/2025\/07\/pozemni-zbiroh.webp\" class=\"attachment-full size-full wp-image-2179\" alt=\"\" srcset=\"https:\/\/www.sagasta.cz\/wp-content\/uploads\/2025\/07\/pozemni-zbiroh.webp 875w, https:\/\/www.sagasta.cz\/wp-content\/uploads\/2025\/07\/pozemni-zbiroh-300x156.webp 300w, https:\/\/www.sagasta.cz\/wp-content\/uploads\/2025\/07\/pozemni-zbiroh-768x399.webp 768w\" sizes=\"(max-width: 875px) 100vw, 875px\" \/><\/a><\/figure><div class=\"elementor-image-box-content\"><h4 class=\"elementor-image-box-title\"><a href=\"#\">Zbiroh<\/a><\/h4><\/div><\/div>\t\t\t\t<\/div>\n\t\t\t\t<\/div>\n\t\t\t\t<\/div>\n\t\t\t\t<\/div>\n\t\t<div class=\"elementor-element elementor-element-49a4ccd e-con-full e-flex e-con e-child\" data-id=\"49a4ccd\" data-element_type=\"container\" data-e-type=\"container\">\n\t\t\t\t<div class=\"elementor-element elementor-element-541d6ac elementor-widget elementor-widget-heading\" data-id=\"541d6ac\" data-element_type=\"widget\" data-e-type=\"widget\" data-widget_type=\"heading.default\">\n\t\t\t\t<div class=\"elementor-widget-container\">\n\t\t\t\t\t<h3 class=\"elementor-heading-title elementor-size-default\">Related articles<\/h3>\t\t\t\t<\/div>\n\t\t\t\t<\/div>\n\t\t\t\t<\/div>\n\t\t\t\t\t<\/div>\n\t\t\t\t<\/div>\n\t\t<div class=\"elementor-element elementor-element-c1dce9f e-con-full e-flex e-con e-parent\" data-id=\"c1dce9f\" data-element_type=\"container\" data-e-type=\"container\">\n\t\t\t\t<div class=\"elementor-element elementor-element-2625d22 elementor-widget elementor-widget-template\" data-id=\"2625d22\" data-element_type=\"widget\" data-e-type=\"widget\" data-widget_type=\"template.default\">\n\t\t\t\t<div class=\"elementor-widget-container\">\n\t\t\t\t\t\t\t<div class=\"elementor-template\">\n\t\t\t\t\t<div data-elementor-type=\"container\" data-elementor-id=\"2395\" class=\"elementor elementor-2395 elementor-813 elementor-813\" data-elementor-post-type=\"elementor_library\">\n\t\t\t\t<div class=\"elementor-element elementor-element-23acc4e7 e-grid e-con-boxed e-con e-parent\" data-id=\"23acc4e7\" data-element_type=\"container\" data-e-type=\"container\" data-settings=\"{&quot;background_background&quot;:&quot;classic&quot;}\">\n\t\t\t\t\t<div class=\"e-con-inner\">\n\t\t\t\t<div class=\"elementor-element elementor-element-294fe4ad elementor-widget elementor-widget-counter\" data-id=\"294fe4ad\" data-element_type=\"widget\" data-e-type=\"widget\" data-widget_type=\"counter.default\">\n\t\t\t\t<div class=\"elementor-widget-container\">\n\t\t\t\t\t\t\t<div class=\"elementor-counter\">\n\t\t\t<div class=\"elementor-counter-title\">Years on the Market<\/div>\t\t\t<div class=\"elementor-counter-number-wrapper\">\n\t\t\t\t<span class=\"elementor-counter-number-prefix\"><\/span>\n\t\t\t\t<span class=\"elementor-counter-number\" data-duration=\"2000\" data-to-value=\"10\" data-from-value=\"0\" data-delimiter=\",\">0<\/span>\n\t\t\t\t<span class=\"elementor-counter-number-suffix\"><\/span>\n\t\t\t<\/div>\n\t\t<\/div>\n\t\t\t\t\t\t<\/div>\n\t\t\t\t<\/div>\n\t\t\t\t<div class=\"elementor-element elementor-element-3e1cd1e0 elementor-widget elementor-widget-counter\" data-id=\"3e1cd1e0\" data-element_type=\"widget\" data-e-type=\"widget\" data-widget_type=\"counter.default\">\n\t\t\t\t<div class=\"elementor-widget-container\">\n\t\t\t\t\t\t\t<div class=\"elementor-counter\">\n\t\t\t<div class=\"elementor-counter-title\">Employees<\/div>\t\t\t<div class=\"elementor-counter-number-wrapper\">\n\t\t\t\t<span class=\"elementor-counter-number-prefix\"><\/span>\n\t\t\t\t<span class=\"elementor-counter-number\" data-duration=\"2000\" data-to-value=\"220\" data-from-value=\"0\" data-delimiter=\",\">0<\/span>\n\t\t\t\t<span class=\"elementor-counter-number-suffix\"><\/span>\n\t\t\t<\/div>\n\t\t<\/div>\n\t\t\t\t\t\t<\/div>\n\t\t\t\t<\/div>\n\t\t\t\t<div class=\"elementor-element elementor-element-2720ff4f elementor-widget elementor-widget-counter\" data-id=\"2720ff4f\" data-element_type=\"widget\" data-e-type=\"widget\" data-widget_type=\"counter.default\">\n\t\t\t\t<div class=\"elementor-widget-container\">\n\t\t\t\t\t\t\t<div class=\"elementor-counter\">\n\t\t\t<div class=\"elementor-counter-title\">Projects<\/div>\t\t\t<div class=\"elementor-counter-number-wrapper\">\n\t\t\t\t<span class=\"elementor-counter-number-prefix\"><\/span>\n\t\t\t\t<span class=\"elementor-counter-number\" data-duration=\"2000\" data-to-value=\"1000\" data-from-value=\"0\" data-delimiter=\" \">0<\/span>\n\t\t\t\t<span class=\"elementor-counter-number-suffix\">+<\/span>\n\t\t\t<\/div>\n\t\t<\/div>\n\t\t\t\t\t\t<\/div>\n\t\t\t\t<\/div>\n\t\t\t\t<div class=\"elementor-element elementor-element-ad069aa elementor-widget elementor-widget-counter\" data-id=\"ad069aa\" data-element_type=\"widget\" data-e-type=\"widget\" data-widget_type=\"counter.default\">\n\t\t\t\t<div class=\"elementor-widget-container\">\n\t\t\t\t\t\t\t<div class=\"elementor-counter\">\n\t\t\t<div class=\"elementor-counter-title\">Turnover for 2024<\/div>\t\t\t<div class=\"elementor-counter-number-wrapper\">\n\t\t\t\t<span class=\"elementor-counter-number-prefix\"><\/span>\n\t\t\t\t<span class=\"elementor-counter-number\" data-duration=\"2000\" data-to-value=\"520000000\" data-from-value=\"0\" data-delimiter=\" \">0<\/span>\n\t\t\t\t<span class=\"elementor-counter-number-suffix\"><\/span>\n\t\t\t<\/div>\n\t\t<\/div>\n\t\t\t\t\t\t<\/div>\n\t\t\t\t<\/div>\n\t\t\t\t\t<\/div>\n\t\t\t\t<\/div>\n\t\t\t\t<\/div>\n\t\t\t\t<\/div>\n\t\t\t\t\t\t<\/div>\n\t\t\t\t<\/div>\n\t\t\t\t<\/div>\n\t\t\t\t<\/div>\n\t\t","protected":false},"excerpt":{"rendered":"<p>At SAGASTA, we approach the planning of building structures and facilities as a&nbsp;comprehensive task. Our projects include not only detailed drawings of the structure itself, but also its sensitive integration into the surrounding landscape. Thanks to our experience with various types of buildings and structures, every project we undertake is unique. This allows us to [&hellip;]<\/p>\n","protected":false},"author":2,"featured_media":0,"parent":2141,"menu_order":0,"comment_status":"closed","ping_status":"closed","template":"elementor_header_footer","meta":{"footnotes":"","_links_to":"","_links_to_target":""},"class_list":["post-2180","page","type-page","status-publish","hentry"],"_links":{"self":[{"href":"https:\/\/www.sagasta.cz\/en\/wp-json\/wp\/v2\/pages\/2180","targetHints":{"allow":["GET"]}}],"collection":[{"href":"https:\/\/www.sagasta.cz\/en\/wp-json\/wp\/v2\/pages"}],"about":[{"href":"https:\/\/www.sagasta.cz\/en\/wp-json\/wp\/v2\/types\/page"}],"author":[{"embeddable":true,"href":"https:\/\/www.sagasta.cz\/en\/wp-json\/wp\/v2\/users\/2"}],"replies":[{"embeddable":true,"href":"https:\/\/www.sagasta.cz\/en\/wp-json\/wp\/v2\/comments?post=2180"}],"version-history":[{"count":0,"href":"https:\/\/www.sagasta.cz\/en\/wp-json\/wp\/v2\/pages\/2180\/revisions"}],"up":[{"embeddable":true,"href":"https:\/\/www.sagasta.cz\/en\/wp-json\/wp\/v2\/pages\/2141"}],"wp:attachment":[{"href":"https:\/\/www.sagasta.cz\/en\/wp-json\/wp\/v2\/media?parent=2180"}],"curies":[{"name":"wp","href":"https:\/\/api.w.org\/{rel}","templated":true}]}}