{"id":2173,"date":"2025-05-14T14:57:19","date_gmt":"2025-05-14T12:57:19","guid":{"rendered":"https:\/\/www.sagasta.cz\/realizace\/"},"modified":"2026-02-08T11:54:32","modified_gmt":"2026-02-08T10:54:32","slug":"projects","status":"publish","type":"page","link":"https:\/\/www.sagasta.cz\/en\/projects\/","title":{"rendered":"Projects"},"content":{"rendered":"\t\t<div data-elementor-type=\"wp-page\" data-elementor-id=\"2173\" class=\"elementor elementor-2173 elementor-50\" data-elementor-post-type=\"page\">\n\t\t\t\t<div class=\"elementor-element elementor-element-3c20a91 e-flex e-con-boxed e-con e-parent\" data-id=\"3c20a91\" data-element_type=\"container\" data-e-type=\"container\" data-settings=\"{&quot;background_background&quot;:&quot;classic&quot;}\">\n\t\t\t\t\t<div class=\"e-con-inner\">\n\t\t\t\t<div class=\"elementor-element elementor-element-4e2abb2 elementor-widget-tablet__width-inherit elementor-widget elementor-widget-heading\" data-id=\"4e2abb2\" data-element_type=\"widget\" data-e-type=\"widget\" data-widget_type=\"heading.default\">\n\t\t\t\t<div class=\"elementor-widget-container\">\n\t\t\t\t\t<h1 class=\"elementor-heading-title elementor-size-default\">Projects<\/h1>\t\t\t\t<\/div>\n\t\t\t\t<\/div>\n\t\t\t\t\t<\/div>\n\t\t\t\t<\/div>\n\t\t<div class=\"elementor-element elementor-element-0400a49 e-flex e-con-boxed e-con e-parent\" data-id=\"0400a49\" data-element_type=\"container\" data-e-type=\"container\">\n\t\t\t\t\t<div class=\"e-con-inner\">\n\t\t<div class=\"elementor-element elementor-element-369abe0 e-grid e-con-full e-con e-child\" data-id=\"369abe0\" data-element_type=\"container\" data-e-type=\"container\">\n\t\t\t\t<div class=\"elementor-element elementor-element-3b2734b elementor-position-top elementor-widget elementor-widget-image-box\" data-id=\"3b2734b\" data-element_type=\"widget\" data-e-type=\"widget\" data-widget_type=\"image-box.default\">\n\t\t\t\t<div class=\"elementor-widget-container\">\n\t\t\t\t\t<div class=\"elementor-image-box-wrapper\"><figure class=\"elementor-image-box-img\"><a href=\"https:\/\/www.sagasta.cz\/en\/project-by-sagasta-the-new-cd-maintenance-hall-in-cheb-enters-its-final-stage\/\" tabindex=\"-1\"><img fetchpriority=\"high\" decoding=\"async\" width=\"2048\" height=\"1536\" src=\"https:\/\/www.sagasta.cz\/wp-content\/uploads\/2025\/11\/cheb1.jpg\" class=\"elementor-animation-grow attachment-full size-full wp-image-2284\" alt=\"New \u010cD repair hall in Cheb\" srcset=\"https:\/\/www.sagasta.cz\/wp-content\/uploads\/2025\/11\/cheb1.jpg 2048w, https:\/\/www.sagasta.cz\/wp-content\/uploads\/2025\/11\/cheb1-300x225.jpg 300w, https:\/\/www.sagasta.cz\/wp-content\/uploads\/2025\/11\/cheb1-1024x768.jpg 1024w, https:\/\/www.sagasta.cz\/wp-content\/uploads\/2025\/11\/cheb1-768x576.jpg 768w, https:\/\/www.sagasta.cz\/wp-content\/uploads\/2025\/11\/cheb1-1536x1152.jpg 1536w\" sizes=\"(max-width: 2048px) 100vw, 2048px\" \/><\/a><\/figure><div class=\"elementor-image-box-content\"><h2 class=\"elementor-image-box-title\"><a href=\"https:\/\/www.sagasta.cz\/en\/project-by-sagasta-the-new-cd-maintenance-hall-in-cheb-enters-its-final-stage\/\">New \u010cD repair hall <span>- Cheb<\/span><\/a><\/h2><\/div><\/div>\t\t\t\t<\/div>\n\t\t\t\t<\/div>\n\t\t\t\t<div class=\"elementor-element elementor-element-7ea7dc0 elementor-position-top elementor-widget elementor-widget-image-box\" data-id=\"7ea7dc0\" data-element_type=\"widget\" data-e-type=\"widget\" data-widget_type=\"image-box.default\">\n\t\t\t\t<div class=\"elementor-widget-container\">\n\t\t\t\t\t<div class=\"elementor-image-box-wrapper\"><figure class=\"elementor-image-box-img\"><a href=\"https:\/\/www.sagasta.cz\/en\/sagasta-prepared-the-reconstruction-design-for-the-legendary-tanvald-korenov-cog-railway\/\" tabindex=\"-1\"><img decoding=\"async\" width=\"730\" height=\"455\" src=\"https:\/\/www.sagasta.cz\/wp-content\/uploads\/2025\/10\/20250327093931-zubacka-2.jpg\" class=\"elementor-animation-grow attachment-full size-full wp-image-2296\" alt=\"Reconstruction of the legendary rack railway Tanvald\u2013Ko\u0159enov\" srcset=\"https:\/\/www.sagasta.cz\/wp-content\/uploads\/2025\/10\/20250327093931-zubacka-2.jpg 730w, https:\/\/www.sagasta.cz\/wp-content\/uploads\/2025\/10\/20250327093931-zubacka-2-300x187.jpg 300w\" sizes=\"(max-width: 730px) 100vw, 730px\" \/><\/a><\/figure><div class=\"elementor-image-box-content\"><h2 class=\"elementor-image-box-title\"><a href=\"https:\/\/www.sagasta.cz\/en\/sagasta-prepared-the-reconstruction-design-for-the-legendary-tanvald-korenov-cog-railway\/\">Reconstruction of the legendary rack railway <span>- Tanvald\u2013Ko\u0159enov<\/span><\/a><\/h2><\/div><\/div>\t\t\t\t<\/div>\n\t\t\t\t<\/div>\n\t\t\t\t<div class=\"elementor-element elementor-element-b76a0d8 elementor-position-top elementor-widget elementor-widget-image-box\" data-id=\"b76a0d8\" data-element_type=\"widget\" data-e-type=\"widget\" data-widget_type=\"image-box.default\">\n\t\t\t\t<div class=\"elementor-widget-container\">\n\t\t\t\t\t<div class=\"elementor-image-box-wrapper\"><figure class=\"elementor-image-box-img\"><a href=\"https:\/\/www.sagasta.cz\/nova-hala-muzea-mhd-pod-taktovkou-sagasta\/\" tabindex=\"-1\"><img decoding=\"async\" width=\"2560\" height=\"1440\" src=\"https:\/\/www.sagasta.cz\/wp-content\/uploads\/2026\/01\/muzeum-stresovice-1-1-1-scaled.jpg\" class=\"elementor-animation-grow attachment-full size-full wp-image-2747\" alt=\"Hall, Public Transport Museum, Prague-St\u0159e\u0161ovice\" srcset=\"https:\/\/www.sagasta.cz\/wp-content\/uploads\/2026\/01\/muzeum-stresovice-1-1-1-scaled.jpg 2560w, https:\/\/www.sagasta.cz\/wp-content\/uploads\/2026\/01\/muzeum-stresovice-1-1-1-300x169.jpg 300w, https:\/\/www.sagasta.cz\/wp-content\/uploads\/2026\/01\/muzeum-stresovice-1-1-1-1024x576.jpg 1024w, https:\/\/www.sagasta.cz\/wp-content\/uploads\/2026\/01\/muzeum-stresovice-1-1-1-768x432.jpg 768w, https:\/\/www.sagasta.cz\/wp-content\/uploads\/2026\/01\/muzeum-stresovice-1-1-1-1536x864.jpg 1536w, https:\/\/www.sagasta.cz\/wp-content\/uploads\/2026\/01\/muzeum-stresovice-1-1-1-2048x1152.jpg 2048w\" sizes=\"(max-width: 2560px) 100vw, 2560px\" \/><\/a><\/figure><div class=\"elementor-image-box-content\"><h2 class=\"elementor-image-box-title\"><a href=\"https:\/\/www.sagasta.cz\/nova-hala-muzea-mhd-pod-taktovkou-sagasta\/\">New hall of the Public Transport Museum <span>- Prague-St\u0159e\u0161ovice<\/span><\/a><\/h2><\/div><\/div>\t\t\t\t<\/div>\n\t\t\t\t<\/div>\n\t\t\t\t<div class=\"elementor-element elementor-element-0ac4864 elementor-position-top elementor-widget elementor-widget-image-box\" data-id=\"0ac4864\" data-element_type=\"widget\" data-e-type=\"widget\" data-widget_type=\"image-box.default\">\n\t\t\t\t<div class=\"elementor-widget-container\">\n\t\t\t\t\t<div class=\"elementor-image-box-wrapper\"><figure class=\"elementor-image-box-img\"><a href=\"https:\/\/www.sagasta.cz\/en\/projects\/railway-bridge-2-622-km-luzec-nad-vltavou\/\" tabindex=\"-1\"><img decoding=\"async\" src=\"https:\/\/www.sagasta.cz\/wp-content\/uploads\/2025\/05\/luzec-1.webp\" title=\"\" alt=\"\" class=\"elementor-animation-grow\" loading=\"lazy\" \/><\/a><\/figure><div class=\"elementor-image-box-content\"><h2 class=\"elementor-image-box-title\"><a href=\"https:\/\/www.sagasta.cz\/en\/projects\/railway-bridge-2-622-km-luzec-nad-vltavou\/\">Railway Bridge km 2.622 <span>- Lu\u017eec nad Vltavou<\/span><\/a><\/h2><\/div><\/div>\t\t\t\t<\/div>\n\t\t\t\t<\/div>\n\t\t\t\t<div class=\"elementor-element elementor-element-2cf0660 elementor-position-top elementor-widget elementor-widget-image-box\" data-id=\"2cf0660\" data-element_type=\"widget\" data-e-type=\"widget\" data-widget_type=\"image-box.default\">\n\t\t\t\t<div class=\"elementor-widget-container\">\n\t\t\t\t\t<div class=\"elementor-image-box-wrapper\"><figure class=\"elementor-image-box-img\"><a href=\"https:\/\/www.sagasta.cz\/en\/projects\/i-29-bridge-over-the-river-smutna-structure-no-29-009-smutna-river\/\" tabindex=\"-1\"><img loading=\"lazy\" decoding=\"async\" width=\"2560\" height=\"1436\" src=\"https:\/\/www.sagasta.cz\/wp-content\/uploads\/2025\/05\/reka-smutna-img.webp\" class=\"elementor-animation-grow attachment-full size-full wp-image-2162\" alt=\"Smutn\u00e1 River Project\" srcset=\"https:\/\/www.sagasta.cz\/wp-content\/uploads\/2025\/05\/reka-smutna-img.webp 2560w, https:\/\/www.sagasta.cz\/wp-content\/uploads\/2025\/05\/reka-smutna-img-300x168.webp 300w, https:\/\/www.sagasta.cz\/wp-content\/uploads\/2025\/05\/reka-smutna-img-1024x574.webp 1024w, https:\/\/www.sagasta.cz\/wp-content\/uploads\/2025\/05\/reka-smutna-img-768x431.webp 768w, https:\/\/www.sagasta.cz\/wp-content\/uploads\/2025\/05\/reka-smutna-img-1536x862.webp 1536w, https:\/\/www.sagasta.cz\/wp-content\/uploads\/2025\/05\/reka-smutna-img-2048x1149.webp 2048w\" sizes=\"(max-width: 2560px) 100vw, 2560px\" \/><\/a><\/figure><div class=\"elementor-image-box-content\"><h2 class=\"elementor-image-box-title\"><a href=\"https:\/\/www.sagasta.cz\/en\/projects\/i-29-bridge-over-the-river-smutna-structure-no-29-009-smutna-river\/\">I\/29 bridge over the Smutn\u00e1 River, No. 29-009 - <span>Smutn\u00e1 river<\/span><\/a><\/h2><\/div><\/div>\t\t\t\t<\/div>\n\t\t\t\t<\/div>\n\t\t\t\t<div class=\"elementor-element elementor-element-d211b78 elementor-position-top elementor-widget elementor-widget-image-box\" data-id=\"d211b78\" data-element_type=\"widget\" data-e-type=\"widget\" data-widget_type=\"image-box.default\">\n\t\t\t\t<div class=\"elementor-widget-container\">\n\t\t\t\t\t<div class=\"elementor-image-box-wrapper\"><figure class=\"elementor-image-box-img\"><a href=\"https:\/\/www.sagasta.cz\/en\/projects\/i-20-and-ii-231-in-plzen-plaska-na-roudne-chrastecka-stage-2-plzen\/\" tabindex=\"-1\"><img loading=\"lazy\" decoding=\"async\" width=\"657\" height=\"430\" src=\"https:\/\/www.sagasta.cz\/wp-content\/uploads\/2025\/05\/plaska-img.webp\" class=\"elementor-animation-grow attachment-full size-full wp-image-2163\" alt=\"Plze\u0148 \u2013 Plask\u00e1\" srcset=\"https:\/\/www.sagasta.cz\/wp-content\/uploads\/2025\/05\/plaska-img.webp 657w, https:\/\/www.sagasta.cz\/wp-content\/uploads\/2025\/05\/plaska-img-300x196.webp 300w\" sizes=\"(max-width: 657px) 100vw, 657px\" \/><\/a><\/figure><div class=\"elementor-image-box-content\"><h2 class=\"elementor-image-box-title\"><a href=\"https:\/\/www.sagasta.cz\/en\/projects\/i-20-and-ii-231-in-plzen-plaska-na-roudne-chrastecka-stage-2-plzen\/\">I\/20 and II\/231 in Plze\u0148, Plask\u00e1\u2013Na Roudn\u00e9\u2013Chr\u00e1steck\u00e1, Stage 2 <span>- Plze\u0148<\/span> <\/a><\/h2><\/div><\/div>\t\t\t\t<\/div>\n\t\t\t\t<\/div>\n\t\t\t\t<div class=\"elementor-element elementor-element-5a34e43 elementor-position-top elementor-widget elementor-widget-image-box\" data-id=\"5a34e43\" data-element_type=\"widget\" data-e-type=\"widget\" data-widget_type=\"image-box.default\">\n\t\t\t\t<div class=\"elementor-widget-container\">\n\t\t\t\t\t<div class=\"elementor-image-box-wrapper\"><figure class=\"elementor-image-box-img\"><a href=\"https:\/\/www.sagasta.cz\/en\/projects\/i-3-netrebice-bridge-no-3-117-netrebice\/\" tabindex=\"-1\"><img loading=\"lazy\" decoding=\"async\" width=\"2560\" height=\"1440\" src=\"https:\/\/www.sagasta.cz\/wp-content\/uploads\/2025\/05\/netrebice-img.webp\" class=\"elementor-animation-grow attachment-full size-full wp-image-2164\" alt=\"Realization Net\u0159ebice\" srcset=\"https:\/\/www.sagasta.cz\/wp-content\/uploads\/2025\/05\/netrebice-img.webp 2560w, https:\/\/www.sagasta.cz\/wp-content\/uploads\/2025\/05\/netrebice-img-300x169.webp 300w, https:\/\/www.sagasta.cz\/wp-content\/uploads\/2025\/05\/netrebice-img-1024x576.webp 1024w, https:\/\/www.sagasta.cz\/wp-content\/uploads\/2025\/05\/netrebice-img-768x432.webp 768w, https:\/\/www.sagasta.cz\/wp-content\/uploads\/2025\/05\/netrebice-img-1536x864.webp 1536w, https:\/\/www.sagasta.cz\/wp-content\/uploads\/2025\/05\/netrebice-img-2048x1152.webp 2048w\" sizes=\"(max-width: 2560px) 100vw, 2560px\" \/><\/a><\/figure><div class=\"elementor-image-box-content\"><h2 class=\"elementor-image-box-title\"><a href=\"https:\/\/www.sagasta.cz\/en\/projects\/i-3-netrebice-bridge-no-3-117-netrebice\/\">I\/3 Net\u0159ebice, bridge No. 3-117 <span>- Net\u0159ebice<\/span>  <\/a><\/h2><\/div><\/div>\t\t\t\t<\/div>\n\t\t\t\t<\/div>\n\t\t\t\t<div class=\"elementor-element elementor-element-fa789e7 elementor-position-top elementor-widget elementor-widget-image-box\" data-id=\"fa789e7\" data-element_type=\"widget\" data-e-type=\"widget\" data-widget_type=\"image-box.default\">\n\t\t\t\t<div class=\"elementor-widget-container\">\n\t\t\t\t\t<div class=\"elementor-image-box-wrapper\"><figure class=\"elementor-image-box-img\"><a href=\"https:\/\/www.sagasta.cz\/en\/projects\/d3-ssud-kaplice-incl-na-vyhlidce-junction-dsp-ic-mpc-ad-vd-zds-kaplice\/\" tabindex=\"-1\"><img loading=\"lazy\" decoding=\"async\" width=\"875\" height=\"386\" src=\"https:\/\/www.sagasta.cz\/wp-content\/uploads\/2025\/05\/kaplice-img.webp\" class=\"elementor-animation-grow attachment-full size-full wp-image-2165\" alt=\"Realization Kaplice\" srcset=\"https:\/\/www.sagasta.cz\/wp-content\/uploads\/2025\/05\/kaplice-img.webp 875w, https:\/\/www.sagasta.cz\/wp-content\/uploads\/2025\/05\/kaplice-img-300x132.webp 300w, https:\/\/www.sagasta.cz\/wp-content\/uploads\/2025\/05\/kaplice-img-768x339.webp 768w\" sizes=\"(max-width: 875px) 100vw, 875px\" \/><\/a><\/figure><div class=\"elementor-image-box-content\"><h2 class=\"elementor-image-box-title\"><a href=\"https:\/\/www.sagasta.cz\/en\/projects\/d3-ssud-kaplice-incl-na-vyhlidce-junction-dsp-ic-mpc-ad-vd-zds-kaplice\/\">D3 SS\u00daD Kaplice incl. Na Vyhl\u00eddce junction \u2013 DSP\/I\u010c\/MP\u010c\/AD\/VD-ZDS <span>- Kaplice<\/span> <\/a><\/h2><\/div><\/div>\t\t\t\t<\/div>\n\t\t\t\t<\/div>\n\t\t\t\t<div class=\"elementor-element elementor-element-73a30ba elementor-position-top elementor-widget elementor-widget-image-box\" data-id=\"73a30ba\" data-element_type=\"widget\" data-e-type=\"widget\" data-widget_type=\"image-box.default\">\n\t\t\t\t<div class=\"elementor-widget-container\">\n\t\t\t\t\t<div class=\"elementor-image-box-wrapper\"><figure class=\"elementor-image-box-img\"><a href=\"https:\/\/www.sagasta.cz\/en\/projects\/project-for-the-construction-of-the-jhv-stresovice-road-vehicle-depot-hal-praha-stresovice\/\" tabindex=\"-1\"><img loading=\"lazy\" decoding=\"async\" width=\"1419\" height=\"717\" src=\"https:\/\/www.sagasta.cz\/wp-content\/uploads\/2025\/05\/stresovice-img.webp\" class=\"elementor-animation-grow attachment-full size-full wp-image-2166\" alt=\"Realization St\u0159e\u0161ovice\" srcset=\"https:\/\/www.sagasta.cz\/wp-content\/uploads\/2025\/05\/stresovice-img.webp 1419w, https:\/\/www.sagasta.cz\/wp-content\/uploads\/2025\/05\/stresovice-img-300x152.webp 300w, https:\/\/www.sagasta.cz\/wp-content\/uploads\/2025\/05\/stresovice-img-1024x517.webp 1024w, https:\/\/www.sagasta.cz\/wp-content\/uploads\/2025\/05\/stresovice-img-768x388.webp 768w\" sizes=\"(max-width: 1419px) 100vw, 1419px\" \/><\/a><\/figure><div class=\"elementor-image-box-content\"><h2 class=\"elementor-image-box-title\"><a href=\"https:\/\/www.sagasta.cz\/en\/projects\/project-for-the-construction-of-the-jhv-stresovice-road-vehicle-depot-hal-praha-stresovice\/\">Project for the construction of the depot hall for road vehicles JHV St\u0159e\u0161ovice <span>- Prague - St\u0159e\u0161ovice<\/span><\/a><\/h2><\/div><\/div>\t\t\t\t<\/div>\n\t\t\t\t<\/div>\n\t\t\t\t<div class=\"elementor-element elementor-element-b402ea2 elementor-position-top elementor-widget elementor-widget-image-box\" data-id=\"b402ea2\" data-element_type=\"widget\" data-e-type=\"widget\" data-widget_type=\"image-box.default\">\n\t\t\t\t<div class=\"elementor-widget-container\">\n\t\t\t\t\t<div class=\"elementor-image-box-wrapper\"><figure class=\"elementor-image-box-img\"><a href=\"https:\/\/www.sagasta.cz\/en\/projects\/construction-of-the-rajhrad-branch-rajhrad\/\" tabindex=\"-1\"><img decoding=\"async\" src=\"https:\/\/www.sagasta.cz\/wp-content\/uploads\/2025\/05\/rajhrad-1-img.webp\" title=\"\" alt=\"Realizace Rajhrad\" class=\"elementor-animation-grow\" loading=\"lazy\" \/><\/a><\/figure><div class=\"elementor-image-box-content\"><h2 class=\"elementor-image-box-title\"><a href=\"https:\/\/www.sagasta.cz\/en\/projects\/construction-of-the-rajhrad-branch-rajhrad\/\">Construction of the Rajhrad junction <span>- Rajhrad<\/span><\/a><\/h2><\/div><\/div>\t\t\t\t<\/div>\n\t\t\t\t<\/div>\n\t\t\t\t<div class=\"elementor-element elementor-element-dd43b6c elementor-position-top elementor-widget elementor-widget-image-box\" data-id=\"dd43b6c\" data-element_type=\"widget\" data-e-type=\"widget\" data-widget_type=\"image-box.default\">\n\t\t\t\t<div class=\"elementor-widget-container\">\n\t\t\t\t\t<div class=\"elementor-image-box-wrapper\"><figure class=\"elementor-image-box-img\"><a href=\"https:\/\/www.sagasta.cz\/en\/projects\/reconstruction-of-the-plzen-jizni-predmesti-railway-station-building-plzen\/\" tabindex=\"-1\"><img decoding=\"async\" src=\"https:\/\/www.sagasta.cz\/wp-content\/uploads\/2025\/05\/plzen-jizni-predmesti-1-img.webp\" title=\"\" alt=\"Realizace Plze\u0148 Ji\u017en\u00ed P\u0159edm\u011bst\u00ed\" class=\"elementor-animation-grow\" loading=\"lazy\" \/><\/a><\/figure><div class=\"elementor-image-box-content\"><h2 class=\"elementor-image-box-title\"><a href=\"https:\/\/www.sagasta.cz\/en\/projects\/reconstruction-of-the-plzen-jizni-predmesti-railway-station-building-plzen\/\">Reconstruction of the station building at Plze\u0148 \u2013 Ji\u017en\u00ed P\u0159edm\u011bst\u00ed <span>- Plze\u0148<\/span><\/a><\/h2><\/div><\/div>\t\t\t\t<\/div>\n\t\t\t\t<\/div>\n\t\t\t\t<div class=\"elementor-element elementor-element-7c7f274 elementor-position-top elementor-widget elementor-widget-image-box\" data-id=\"7c7f274\" data-element_type=\"widget\" data-e-type=\"widget\" data-widget_type=\"image-box.default\">\n\t\t\t\t<div class=\"elementor-widget-container\">\n\t\t\t\t\t<div class=\"elementor-image-box-wrapper\"><figure class=\"elementor-image-box-img\"><a href=\"https:\/\/www.sagasta.cz\/en\/projects\/reconstruction-of-the-station-building-in-zst-sternberk-sternberk\/\" tabindex=\"-1\"><img loading=\"lazy\" decoding=\"async\" width=\"657\" height=\"430\" src=\"https:\/\/www.sagasta.cz\/wp-content\/uploads\/2025\/05\/sternberk-1-img.webp\" class=\"elementor-animation-grow attachment-full size-full wp-image-2169\" alt=\"Realization \u0160ternberk\" srcset=\"https:\/\/www.sagasta.cz\/wp-content\/uploads\/2025\/05\/sternberk-1-img.webp 657w, https:\/\/www.sagasta.cz\/wp-content\/uploads\/2025\/05\/sternberk-1-img-300x196.webp 300w\" sizes=\"(max-width: 657px) 100vw, 657px\" \/><\/a><\/figure><div class=\"elementor-image-box-content\"><h2 class=\"elementor-image-box-title\"><a href=\"https:\/\/www.sagasta.cz\/en\/projects\/reconstruction-of-the-station-building-in-zst-sternberk-sternberk\/\">Reconstruction of the station building in \u0160ternberk <span>- \u0160ternberk<\/span><\/a><\/h2><\/div><\/div>\t\t\t\t<\/div>\n\t\t\t\t<\/div>\n\t\t\t\t<div class=\"elementor-element elementor-element-ecc68a8 elementor-position-top elementor-widget elementor-widget-image-box\" data-id=\"ecc68a8\" data-element_type=\"widget\" data-e-type=\"widget\" data-widget_type=\"image-box.default\">\n\t\t\t\t<div class=\"elementor-widget-container\">\n\t\t\t\t\t<div class=\"elementor-image-box-wrapper\"><figure class=\"elementor-image-box-img\"><a href=\"https:\/\/www.sagasta.cz\/en\/projects\/revitalisation-and-electrification-of-oldrichov-u-duchova-litvinov-line-oldrichov-litvinov-line\/\" tabindex=\"-1\"><img decoding=\"async\" src=\"https:\/\/www.sagasta.cz\/wp-content\/uploads\/2025\/05\/oldrichov-litvinov-1-img.webp\" title=\"\" alt=\"Realizace Old\u0159ichov-Litv\u00ednov\" class=\"elementor-animation-grow\" loading=\"lazy\" \/><\/a><\/figure><div class=\"elementor-image-box-content\"><h2 class=\"elementor-image-box-title\"><a href=\"https:\/\/www.sagasta.cz\/en\/projects\/revitalisation-and-electrification-of-oldrichov-u-duchova-litvinov-line-oldrichov-litvinov-line\/\">Revitalisation and electrification of the line Old\u0159ichov u&nbsp;Duchova \u2013 Litv\u00ednov <span>- tra\u0165 z&nbsp;Old\u0159ichova do Litv\u00ednova<\/span><\/a><\/h2><\/div><\/div>\t\t\t\t<\/div>\n\t\t\t\t<\/div>\n\t\t\t\t<div class=\"elementor-element elementor-element-6c1da5a elementor-position-top elementor-widget elementor-widget-image-box\" data-id=\"6c1da5a\" data-element_type=\"widget\" data-e-type=\"widget\" data-widget_type=\"image-box.default\">\n\t\t\t\t<div class=\"elementor-widget-container\">\n\t\t\t\t\t<div class=\"elementor-image-box-wrapper\"><figure class=\"elementor-image-box-img\"><a href=\"https:\/\/www.sagasta.cz\/en\/projects\/project-documentation-repair-of-the-station-building-in-kolin-kolin\/\" tabindex=\"-1\"><img loading=\"lazy\" decoding=\"async\" width=\"657\" height=\"402\" src=\"https:\/\/www.sagasta.cz\/wp-content\/uploads\/2025\/05\/kolin-img.webp\" class=\"elementor-animation-grow attachment-full size-full wp-image-2171\" alt=\"Realization Kol\u00edn\" srcset=\"https:\/\/www.sagasta.cz\/wp-content\/uploads\/2025\/05\/kolin-img.webp 657w, https:\/\/www.sagasta.cz\/wp-content\/uploads\/2025\/05\/kolin-img-300x184.webp 300w\" sizes=\"(max-width: 657px) 100vw, 657px\" \/><\/a><\/figure><div class=\"elementor-image-box-content\"><h2 class=\"elementor-image-box-title\"><a href=\"https:\/\/www.sagasta.cz\/en\/projects\/project-documentation-repair-of-the-station-building-in-kolin-kolin\/\">Preparation of project documentation \u2013 repair of the station building in Kol\u00edn <span>- Kol\u00edn<\/span> <\/a><\/h2><\/div><\/div>\t\t\t\t<\/div>\n\t\t\t\t<\/div>\n\t\t\t\t<div class=\"elementor-element elementor-element-c7f1884 elementor-position-top elementor-widget elementor-widget-image-box\" data-id=\"c7f1884\" data-element_type=\"widget\" data-e-type=\"widget\" data-widget_type=\"image-box.default\">\n\t\t\t\t<div class=\"elementor-widget-container\">\n\t\t\t\t\t<div class=\"elementor-image-box-wrapper\"><figure class=\"elementor-image-box-img\"><a href=\"https:\/\/www.sagasta.cz\/en\/projects\/repair-of-building-project-documentation-hluboka-nad-vltavou\/\" tabindex=\"-1\"><img loading=\"lazy\" decoding=\"async\" width=\"657\" height=\"430\" src=\"https:\/\/www.sagasta.cz\/wp-content\/uploads\/2025\/05\/hluboka-nad-vltavou-1-img.webp\" class=\"elementor-animation-grow attachment-full size-full wp-image-2172\" alt=\"Realization Hlubok\u00e1 nad Vltavou\" srcset=\"https:\/\/www.sagasta.cz\/wp-content\/uploads\/2025\/05\/hluboka-nad-vltavou-1-img.webp 657w, https:\/\/www.sagasta.cz\/wp-content\/uploads\/2025\/05\/hluboka-nad-vltavou-1-img-300x196.webp 300w\" sizes=\"(max-width: 657px) 100vw, 657px\" \/><\/a><\/figure><div class=\"elementor-image-box-content\"><h2 class=\"elementor-image-box-title\"><a href=\"https:\/\/www.sagasta.cz\/en\/projects\/repair-of-building-project-documentation-hluboka-nad-vltavou\/\">Hlubok\u00e1 nad Vltavou \u2013 Building repair \u2013 Project documentation <span>- Hlubok\u00e1 nad Vltavou<\/span><\/a><\/h2><\/div><\/div>\t\t\t\t<\/div>\n\t\t\t\t<\/div>\n\t\t\t\t<\/div>\n\t\t\t\t\t<\/div>\n\t\t\t\t<\/div>\n\t\t\t\t<\/div>\n\t\t","protected":false},"excerpt":{"rendered":"<p>Projects New \u010cD repair hall &#8211; Cheb Reconstruction of the legendary rack railway &#8211; Tanvald\u2013Ko\u0159enov New hall of the Public Transport Museum &#8211; Prague-St\u0159e\u0161ovice Railway Bridge km 2.622 &#8211; Lu\u017eec nad Vltavou I\/29 bridge over the Smutn\u00e1 River, No. 29-009 &#8211; Smutn\u00e1 river I\/20 and II\/231 in Plze\u0148, Plask\u00e1\u2013Na Roudn\u00e9\u2013Chr\u00e1steck\u00e1, Stage 2 &#8211; Plze\u0148 I\/3 [&hellip;]<\/p>\n","protected":false},"author":1,"featured_media":0,"parent":0,"menu_order":0,"comment_status":"closed","ping_status":"closed","template":"elementor_header_footer","meta":{"footnotes":"","_links_to":"","_links_to_target":""},"class_list":["post-2173","page","type-page","status-publish","hentry"],"_links":{"self":[{"href":"https:\/\/www.sagasta.cz\/en\/wp-json\/wp\/v2\/pages\/2173","targetHints":{"allow":["GET"]}}],"collection":[{"href":"https:\/\/www.sagasta.cz\/en\/wp-json\/wp\/v2\/pages"}],"about":[{"href":"https:\/\/www.sagasta.cz\/en\/wp-json\/wp\/v2\/types\/page"}],"author":[{"embeddable":true,"href":"https:\/\/www.sagasta.cz\/en\/wp-json\/wp\/v2\/users\/1"}],"replies":[{"embeddable":true,"href":"https:\/\/www.sagasta.cz\/en\/wp-json\/wp\/v2\/comments?post=2173"}],"version-history":[{"count":0,"href":"https:\/\/www.sagasta.cz\/en\/wp-json\/wp\/v2\/pages\/2173\/revisions"}],"wp:attachment":[{"href":"https:\/\/www.sagasta.cz\/en\/wp-json\/wp\/v2\/media?parent=2173"}],"curies":[{"name":"wp","href":"https:\/\/api.w.org\/{rel}","templated":true}]}}