{"id":2143,"date":"2025-05-14T14:57:37","date_gmt":"2025-05-14T12:57:37","guid":{"rendered":"https:\/\/www.sagasta.cz\/news\/"},"modified":"2025-12-16T13:58:28","modified_gmt":"2025-12-16T12:58:28","slug":"news","status":"publish","type":"page","link":"https:\/\/www.sagasta.cz\/en\/news\/","title":{"rendered":"News"},"content":{"rendered":"\t\t<div data-elementor-type=\"wp-page\" data-elementor-id=\"2143\" class=\"elementor elementor-2143 elementor-54\" data-elementor-post-type=\"page\">\n\t\t\t\t<div class=\"elementor-element elementor-element-4989423 e-flex e-con-boxed e-con e-parent\" data-id=\"4989423\" data-element_type=\"container\" data-e-type=\"container\" data-settings=\"{&quot;background_background&quot;:&quot;classic&quot;}\">\n\t\t\t\t\t<div class=\"e-con-inner\">\n\t\t\t\t<div class=\"elementor-element elementor-element-4ba3a0c elementor-widget-tablet__width-inherit elementor-widget elementor-widget-heading\" data-id=\"4ba3a0c\" data-element_type=\"widget\" data-e-type=\"widget\" data-widget_type=\"heading.default\">\n\t\t\t\t<div class=\"elementor-widget-container\">\n\t\t\t\t\t<h1 class=\"elementor-heading-title elementor-size-default\">News<\/h1>\t\t\t\t<\/div>\n\t\t\t\t<\/div>\n\t\t\t\t\t<\/div>\n\t\t\t\t<\/div>\n\t\t<div class=\"elementor-element elementor-element-543b546 e-flex e-con-boxed e-con e-parent\" data-id=\"543b546\" data-element_type=\"container\" data-e-type=\"container\">\n\t\t\t\t\t<div class=\"e-con-inner\">\n\t\t\t\t<div class=\"elementor-element elementor-element-9a5cc34 elementor-grid-3 elementor-grid-tablet-2 elementor-grid-mobile-1 elementor-posts--thumbnail-top elementor-posts__hover-gradient elementor-widget elementor-widget-posts\" data-id=\"9a5cc34\" data-element_type=\"widget\" data-e-type=\"widget\" data-settings=\"{&quot;pagination_type&quot;:&quot;numbers&quot;,&quot;cards_row_gap&quot;:{&quot;unit&quot;:&quot;px&quot;,&quot;size&quot;:50,&quot;sizes&quot;:[]},&quot;cards_row_gap_mobile&quot;:{&quot;unit&quot;:&quot;px&quot;,&quot;size&quot;:20,&quot;sizes&quot;:[]},&quot;cards_columns&quot;:&quot;3&quot;,&quot;cards_columns_tablet&quot;:&quot;2&quot;,&quot;cards_columns_mobile&quot;:&quot;1&quot;,&quot;cards_row_gap_tablet&quot;:{&quot;unit&quot;:&quot;px&quot;,&quot;size&quot;:&quot;&quot;,&quot;sizes&quot;:[]}}\" data-widget_type=\"posts.cards\">\n\t\t\t\t<div class=\"elementor-widget-container\">\n\t\t\t\t\t\t\t<div class=\"elementor-posts-container elementor-posts elementor-posts--skin-cards elementor-grid\" role=\"list\">\n\t\t\t\t<article class=\"elementor-post elementor-grid-item post-2748 post type-post status-publish format-standard hentry category-architektura-a-pozemni-stavby\" role=\"listitem\">\n\t\t\t<div class=\"elementor-post__card\">\n\t\t\t\t<div class=\"elementor-post__text\">\n\t\t\t\t<h3 class=\"elementor-post__title\">\n\t\t\t<a href=\"https:\/\/www.sagasta.cz\/en\/new-hall-of-the-public-transport-museum-under-the-direction-of-sagasta\/\" >\n\t\t\t\tNew Hall of the Public Transport Museum under the direction of SAGASTA\t\t\t<\/a>\n\t\t<\/h3>\n\t\t\n\t\t<a class=\"elementor-post__read-more\" href=\"https:\/\/www.sagasta.cz\/en\/new-hall-of-the-public-transport-museum-under-the-direction-of-sagasta\/\" aria-label=\"Read more about New Hall of the Public Transport Museum under the direction of SAGASTA\" tabindex=\"-1\" >\n\t\t\tRead article\t\t<\/a>\n\n\t\t\t\t<\/div>\n\t\t\t\t<div class=\"elementor-post__meta-data\">\n\t\t\t\t\t<span class=\"elementor-post-date\">\n\t\t\t21.&nbsp;1.&nbsp;2026\t\t<\/span>\n\t\t\t\t<\/div>\n\t\t\t\t\t<\/div>\n\t\t<\/article>\n\t\t\t\t<article class=\"elementor-post elementor-grid-item post-2572 post type-post status-publish format-standard has-post-thumbnail hentry category-uncategorized\" role=\"listitem\">\n\t\t\t<div class=\"elementor-post__card\">\n\t\t\t\t<a class=\"elementor-post__thumbnail__link\" href=\"https:\/\/www.sagasta.cz\/en\/geology-as-another-pillar-of-the-sagasta-group\/\" tabindex=\"-1\" ><div class=\"elementor-post__thumbnail\"><img fetchpriority=\"high\" decoding=\"async\" width=\"768\" height=\"576\" src=\"https:\/\/www.sagasta.cz\/wp-content\/uploads\/2025\/07\/blog-thumbnail.svg\" class=\"attachment-medium_large size-medium_large wp-image-2278\" alt=\"\" \/><\/div><\/a>\n\t\t\t\t<div class=\"elementor-post__text\">\n\t\t\t\t<h3 class=\"elementor-post__title\">\n\t\t\t<a href=\"https:\/\/www.sagasta.cz\/en\/geology-as-another-pillar-of-the-sagasta-group\/\" >\n\t\t\t\tGeology as another pillar of the SAGASTA Group\t\t\t<\/a>\n\t\t<\/h3>\n\t\t\n\t\t<a class=\"elementor-post__read-more\" href=\"https:\/\/www.sagasta.cz\/en\/geology-as-another-pillar-of-the-sagasta-group\/\" aria-label=\"Read more about Geology as another pillar of the SAGASTA Group\" tabindex=\"-1\" >\n\t\t\tRead article\t\t<\/a>\n\n\t\t\t\t<\/div>\n\t\t\t\t<div class=\"elementor-post__meta-data\">\n\t\t\t\t\t<span class=\"elementor-post-date\">\n\t\t\t16.&nbsp;12.&nbsp;2025\t\t<\/span>\n\t\t\t\t<\/div>\n\t\t\t\t\t<\/div>\n\t\t<\/article>\n\t\t\t\t<article class=\"elementor-post elementor-grid-item post-2279 post type-post status-publish format-standard has-post-thumbnail hentry category-uncategorized\" role=\"listitem\">\n\t\t\t<div class=\"elementor-post__card\">\n\t\t\t\t<a class=\"elementor-post__thumbnail__link\" href=\"https:\/\/www.sagasta.cz\/en\/sagasta-celebrates-10-years-from-five-enthusiasts-to-220-experts\/\" tabindex=\"-1\" ><div class=\"elementor-post__thumbnail\"><img fetchpriority=\"high\" decoding=\"async\" width=\"768\" height=\"576\" src=\"https:\/\/www.sagasta.cz\/wp-content\/uploads\/2025\/07\/blog-thumbnail.svg\" class=\"attachment-medium_large size-medium_large wp-image-2278\" alt=\"\" \/><\/div><\/a>\n\t\t\t\t<div class=\"elementor-post__text\">\n\t\t\t\t<h3 class=\"elementor-post__title\">\n\t\t\t<a href=\"https:\/\/www.sagasta.cz\/en\/sagasta-celebrates-10-years-from-five-enthusiasts-to-220-experts\/\" >\n\t\t\t\tSAGASTA celebrates 10 years \u2013 from five enthusiasts to 220 experts\t\t\t<\/a>\n\t\t<\/h3>\n\t\t\n\t\t<a class=\"elementor-post__read-more\" href=\"https:\/\/www.sagasta.cz\/en\/sagasta-celebrates-10-years-from-five-enthusiasts-to-220-experts\/\" aria-label=\"Read more about SAGASTA celebrates 10 years \u2013 from five enthusiasts to 220 experts\" tabindex=\"-1\" >\n\t\t\tRead article\t\t<\/a>\n\n\t\t\t\t<\/div>\n\t\t\t\t<div class=\"elementor-post__meta-data\">\n\t\t\t\t\t<span class=\"elementor-post-date\">\n\t\t\t27.&nbsp;11.&nbsp;2025\t\t<\/span>\n\t\t\t\t<\/div>\n\t\t\t\t\t<\/div>\n\t\t<\/article>\n\t\t\t\t<article class=\"elementor-post elementor-grid-item post-2285 post type-post status-publish format-standard has-post-thumbnail hentry category-architektura-a-pozemni-stavby category-railway-constructions\" role=\"listitem\">\n\t\t\t<div class=\"elementor-post__card\">\n\t\t\t\t<a class=\"elementor-post__thumbnail__link\" href=\"https:\/\/www.sagasta.cz\/en\/project-by-sagasta-the-new-cd-maintenance-hall-in-cheb-enters-its-final-stage\/\" tabindex=\"-1\" ><div class=\"elementor-post__thumbnail\"><img decoding=\"async\" width=\"768\" height=\"576\" src=\"https:\/\/www.sagasta.cz\/wp-content\/uploads\/2025\/11\/cheb1-768x576.jpg\" class=\"attachment-medium_large size-medium_large wp-image-2284\" alt=\"New \u010cD repair hall in Cheb\" srcset=\"https:\/\/www.sagasta.cz\/wp-content\/uploads\/2025\/11\/cheb1-768x576.jpg 768w, https:\/\/www.sagasta.cz\/wp-content\/uploads\/2025\/11\/cheb1-300x225.jpg 300w, https:\/\/www.sagasta.cz\/wp-content\/uploads\/2025\/11\/cheb1-1024x768.jpg 1024w, https:\/\/www.sagasta.cz\/wp-content\/uploads\/2025\/11\/cheb1-1536x1152.jpg 1536w, https:\/\/www.sagasta.cz\/wp-content\/uploads\/2025\/11\/cheb1.jpg 2048w\" sizes=\"(max-width: 768px) 100vw, 768px\" \/><\/div><\/a>\n\t\t\t\t<div class=\"elementor-post__text\">\n\t\t\t\t<h3 class=\"elementor-post__title\">\n\t\t\t<a href=\"https:\/\/www.sagasta.cz\/en\/project-by-sagasta-the-new-cd-maintenance-hall-in-cheb-enters-its-final-stage\/\" >\n\t\t\t\tProject by SAGASTA: The new \u010cD maintenance hall in Cheb enters its final stage\t\t\t<\/a>\n\t\t<\/h3>\n\t\t\n\t\t<a class=\"elementor-post__read-more\" href=\"https:\/\/www.sagasta.cz\/en\/project-by-sagasta-the-new-cd-maintenance-hall-in-cheb-enters-its-final-stage\/\" aria-label=\"Read more about Project by SAGASTA: The new \u010cD maintenance hall in Cheb enters its final stage\" tabindex=\"-1\" >\n\t\t\tRead article\t\t<\/a>\n\n\t\t\t\t<\/div>\n\t\t\t\t<div class=\"elementor-post__meta-data\">\n\t\t\t\t\t<span class=\"elementor-post-date\">\n\t\t\t19.&nbsp;11.&nbsp;2025\t\t<\/span>\n\t\t\t\t<\/div>\n\t\t\t\t\t<\/div>\n\t\t<\/article>\n\t\t\t\t<article class=\"elementor-post elementor-grid-item post-2292 post type-post status-publish format-standard has-post-thumbnail hentry category-uncategorized\" role=\"listitem\">\n\t\t\t<div class=\"elementor-post__card\">\n\t\t\t\t<a class=\"elementor-post__thumbnail__link\" href=\"https:\/\/www.sagasta.cz\/en\/the-road-to-bim-how-to-break-into-the-world-of-3d-design-and-succeed-in-the-industry-interview-filip-bruna\/\" tabindex=\"-1\" ><div class=\"elementor-post__thumbnail\"><img decoding=\"async\" width=\"768\" height=\"507\" src=\"https:\/\/www.sagasta.cz\/wp-content\/uploads\/2025\/10\/028937o1-1-768x507.jpg\" class=\"attachment-medium_large size-medium_large wp-image-2291\" alt=\"Filip Br\u016fna, BIM koordin\u00e1tor, SAGASTA\" srcset=\"https:\/\/www.sagasta.cz\/wp-content\/uploads\/2025\/10\/028937o1-1-768x507.jpg 768w, https:\/\/www.sagasta.cz\/wp-content\/uploads\/2025\/10\/028937o1-1-300x198.jpg 300w, https:\/\/www.sagasta.cz\/wp-content\/uploads\/2025\/10\/028937o1-1.jpg 883w\" sizes=\"(max-width: 768px) 100vw, 768px\" \/><\/div><\/a>\n\t\t\t\t<div class=\"elementor-post__text\">\n\t\t\t\t<h3 class=\"elementor-post__title\">\n\t\t\t<a href=\"https:\/\/www.sagasta.cz\/en\/the-road-to-bim-how-to-break-into-the-world-of-3d-design-and-succeed-in-the-industry-interview-filip-bruna\/\" >\n\t\t\t\tThe Road to BIM: How to Break into the World of 3D Design and Succeed in the Industry (Interview \u2013 Filip Br\u016fna)\t\t\t<\/a>\n\t\t<\/h3>\n\t\t\n\t\t<a class=\"elementor-post__read-more\" href=\"https:\/\/www.sagasta.cz\/en\/the-road-to-bim-how-to-break-into-the-world-of-3d-design-and-succeed-in-the-industry-interview-filip-bruna\/\" aria-label=\"Read more about The Road to BIM: How to Break into the World of 3D Design and Succeed in the Industry (Interview \u2013 Filip Br\u016fna)\" tabindex=\"-1\" >\n\t\t\tRead article\t\t<\/a>\n\n\t\t\t\t<\/div>\n\t\t\t\t<div class=\"elementor-post__meta-data\">\n\t\t\t\t\t<span class=\"elementor-post-date\">\n\t\t\t30.&nbsp;10.&nbsp;2025\t\t<\/span>\n\t\t\t\t<\/div>\n\t\t\t\t\t<\/div>\n\t\t<\/article>\n\t\t\t\t<article class=\"elementor-post elementor-grid-item post-2297 post type-post status-publish format-standard has-post-thumbnail hentry category-railway-constructions\" role=\"listitem\">\n\t\t\t<div class=\"elementor-post__card\">\n\t\t\t\t<a class=\"elementor-post__thumbnail__link\" href=\"https:\/\/www.sagasta.cz\/en\/sagasta-prepared-the-reconstruction-design-for-the-legendary-tanvald-korenov-cog-railway\/\" tabindex=\"-1\" ><div class=\"elementor-post__thumbnail\"><img loading=\"lazy\" decoding=\"async\" width=\"730\" height=\"455\" src=\"https:\/\/www.sagasta.cz\/wp-content\/uploads\/2025\/10\/20250327093931-zubacka-2.jpg\" class=\"attachment-medium_large size-medium_large wp-image-2296\" alt=\"Reconstruction of the legendary rack railway Tanvald\u2013Ko\u0159enov\" srcset=\"https:\/\/www.sagasta.cz\/wp-content\/uploads\/2025\/10\/20250327093931-zubacka-2.jpg 730w, https:\/\/www.sagasta.cz\/wp-content\/uploads\/2025\/10\/20250327093931-zubacka-2-300x187.jpg 300w\" sizes=\"(max-width: 730px) 100vw, 730px\" \/><\/div><\/a>\n\t\t\t\t<div class=\"elementor-post__text\">\n\t\t\t\t<h3 class=\"elementor-post__title\">\n\t\t\t<a href=\"https:\/\/www.sagasta.cz\/en\/sagasta-prepared-the-reconstruction-design-for-the-legendary-tanvald-korenov-cog-railway\/\" >\n\t\t\t\tSAGASTA prepared the reconstruction design for the legendary Tanvald\u2013Ko\u0159enov cog railway\t\t\t<\/a>\n\t\t<\/h3>\n\t\t\n\t\t<a class=\"elementor-post__read-more\" href=\"https:\/\/www.sagasta.cz\/en\/sagasta-prepared-the-reconstruction-design-for-the-legendary-tanvald-korenov-cog-railway\/\" aria-label=\"Read more about SAGASTA prepared the reconstruction design for the legendary Tanvald\u2013Ko\u0159enov cog railway\" tabindex=\"-1\" >\n\t\t\tRead article\t\t<\/a>\n\n\t\t\t\t<\/div>\n\t\t\t\t<div class=\"elementor-post__meta-data\">\n\t\t\t\t\t<span class=\"elementor-post-date\">\n\t\t\t23.&nbsp;10.&nbsp;2025\t\t<\/span>\n\t\t\t\t<\/div>\n\t\t\t\t\t<\/div>\n\t\t<\/article>\n\t\t\t\t<article class=\"elementor-post elementor-grid-item post-2300 post type-post status-publish format-standard has-post-thumbnail hentry category-railway-constructions\" role=\"listitem\">\n\t\t\t<div class=\"elementor-post__card\">\n\t\t\t\t<a class=\"elementor-post__thumbnail__link\" href=\"https:\/\/www.sagasta.cz\/en\/sagasta-receives-awards-for-projects-in-prague-and-south-bohemia\/\" tabindex=\"-1\" ><div class=\"elementor-post__thumbnail\"><img loading=\"lazy\" decoding=\"async\" width=\"768\" height=\"399\" src=\"https:\/\/www.sagasta.cz\/wp-content\/uploads\/2025\/06\/rekonstrukce-vypravni-budovy-zst-praha-radotin-1-768x399.webp\" class=\"attachment-medium_large size-medium_large wp-image-2299\" alt=\"Reconstruction of the station building at Prague-Radot\u00edn railway station preview image\" srcset=\"https:\/\/www.sagasta.cz\/wp-content\/uploads\/2025\/06\/rekonstrukce-vypravni-budovy-zst-praha-radotin-1-768x399.webp 768w, https:\/\/www.sagasta.cz\/wp-content\/uploads\/2025\/06\/rekonstrukce-vypravni-budovy-zst-praha-radotin-1-300x156.webp 300w, https:\/\/www.sagasta.cz\/wp-content\/uploads\/2025\/06\/rekonstrukce-vypravni-budovy-zst-praha-radotin-1.webp 875w\" sizes=\"(max-width: 768px) 100vw, 768px\" \/><\/div><\/a>\n\t\t\t\t<div class=\"elementor-post__text\">\n\t\t\t\t<h3 class=\"elementor-post__title\">\n\t\t\t<a href=\"https:\/\/www.sagasta.cz\/en\/sagasta-receives-awards-for-projects-in-prague-and-south-bohemia\/\" >\n\t\t\t\tSAGASTA receives awards for projects in Prague and South Bohemia\t\t\t<\/a>\n\t\t<\/h3>\n\t\t\n\t\t<a class=\"elementor-post__read-more\" href=\"https:\/\/www.sagasta.cz\/en\/sagasta-receives-awards-for-projects-in-prague-and-south-bohemia\/\" aria-label=\"Read more about SAGASTA receives awards for projects in Prague and South Bohemia\" tabindex=\"-1\" >\n\t\t\tRead article\t\t<\/a>\n\n\t\t\t\t<\/div>\n\t\t\t\t<div class=\"elementor-post__meta-data\">\n\t\t\t\t\t<span class=\"elementor-post-date\">\n\t\t\t11.&nbsp;7.&nbsp;2025\t\t<\/span>\n\t\t\t\t<\/div>\n\t\t\t\t\t<\/div>\n\t\t<\/article>\n\t\t\t\t<article class=\"elementor-post elementor-grid-item post-2305 post type-post status-publish format-standard has-post-thumbnail hentry category-railway-constructions\" role=\"listitem\">\n\t\t\t<div class=\"elementor-post__card\">\n\t\t\t\t<a class=\"elementor-post__thumbnail__link\" href=\"https:\/\/www.sagasta.cz\/en\/reconstruction-of-pribyslav-and-pohled-railway-stations-line-between-the-stations\/\" tabindex=\"-1\" ><div class=\"elementor-post__thumbnail\"><img loading=\"lazy\" decoding=\"async\" width=\"768\" height=\"576\" src=\"https:\/\/www.sagasta.cz\/wp-content\/uploads\/2025\/06\/485663342-684075900808874-8353708066431564634-n-768x576.jpg\" class=\"attachment-medium_large size-medium_large wp-image-2304\" alt=\"Start of reconstruction in P\u0159ibyslav - Pohled\" srcset=\"https:\/\/www.sagasta.cz\/wp-content\/uploads\/2025\/06\/485663342-684075900808874-8353708066431564634-n-768x576.jpg 768w, https:\/\/www.sagasta.cz\/wp-content\/uploads\/2025\/06\/485663342-684075900808874-8353708066431564634-n-300x225.jpg 300w, https:\/\/www.sagasta.cz\/wp-content\/uploads\/2025\/06\/485663342-684075900808874-8353708066431564634-n-1024x768.jpg 1024w, https:\/\/www.sagasta.cz\/wp-content\/uploads\/2025\/06\/485663342-684075900808874-8353708066431564634-n-1536x1152.jpg 1536w, https:\/\/www.sagasta.cz\/wp-content\/uploads\/2025\/06\/485663342-684075900808874-8353708066431564634-n.jpg 2016w\" sizes=\"(max-width: 768px) 100vw, 768px\" \/><\/div><\/a>\n\t\t\t\t<div class=\"elementor-post__text\">\n\t\t\t\t<h3 class=\"elementor-post__title\">\n\t\t\t<a href=\"https:\/\/www.sagasta.cz\/en\/reconstruction-of-pribyslav-and-pohled-railway-stations-line-between-the-stations\/\" >\n\t\t\t\tReconstruction of P\u0159ibyslav and Pohled Railway Stations + Line Between the Stations\t\t\t<\/a>\n\t\t<\/h3>\n\t\t\n\t\t<a class=\"elementor-post__read-more\" href=\"https:\/\/www.sagasta.cz\/en\/reconstruction-of-pribyslav-and-pohled-railway-stations-line-between-the-stations\/\" aria-label=\"Read more about Reconstruction of P\u0159ibyslav and Pohled Railway Stations + Line Between the Stations\" tabindex=\"-1\" >\n\t\t\tRead article\t\t<\/a>\n\n\t\t\t\t<\/div>\n\t\t\t\t<div class=\"elementor-post__meta-data\">\n\t\t\t\t\t<span class=\"elementor-post-date\">\n\t\t\t6.&nbsp;6.&nbsp;2025\t\t<\/span>\n\t\t\t\t<\/div>\n\t\t\t\t\t<\/div>\n\t\t<\/article>\n\t\t\t\t<article class=\"elementor-post elementor-grid-item post-2310 post type-post status-publish format-standard has-post-thumbnail hentry category-railway-constructions\" role=\"listitem\">\n\t\t\t<div class=\"elementor-post__card\">\n\t\t\t\t<a class=\"elementor-post__thumbnail__link\" href=\"https:\/\/www.sagasta.cz\/en\/modernisation-of-ceske-budejovice-railway-station\/\" tabindex=\"-1\" ><div class=\"elementor-post__thumbnail\"><img loading=\"lazy\" decoding=\"async\" width=\"768\" height=\"494\" src=\"https:\/\/www.sagasta.cz\/wp-content\/uploads\/2025\/06\/snimek-obrazovky-2025-11-28-090322-768x494.jpg\" class=\"attachment-medium_large size-medium_large wp-image-2309\" alt=\"renovation of the \u010cesk\u00e9 Bud\u011bjovice railway station\" srcset=\"https:\/\/www.sagasta.cz\/wp-content\/uploads\/2025\/06\/snimek-obrazovky-2025-11-28-090322-768x494.jpg 768w, https:\/\/www.sagasta.cz\/wp-content\/uploads\/2025\/06\/snimek-obrazovky-2025-11-28-090322-300x193.jpg 300w, https:\/\/www.sagasta.cz\/wp-content\/uploads\/2025\/06\/snimek-obrazovky-2025-11-28-090322.jpg 956w\" sizes=\"(max-width: 768px) 100vw, 768px\" \/><\/div><\/a>\n\t\t\t\t<div class=\"elementor-post__text\">\n\t\t\t\t<h3 class=\"elementor-post__title\">\n\t\t\t<a href=\"https:\/\/www.sagasta.cz\/en\/modernisation-of-ceske-budejovice-railway-station\/\" >\n\t\t\t\tModernisation of \u010cesk\u00e9 Bud\u011bjovice Railway Station\t\t\t<\/a>\n\t\t<\/h3>\n\t\t\n\t\t<a class=\"elementor-post__read-more\" href=\"https:\/\/www.sagasta.cz\/en\/modernisation-of-ceske-budejovice-railway-station\/\" aria-label=\"Read more about Modernisation of \u010cesk\u00e9 Bud\u011bjovice Railway Station\" tabindex=\"-1\" >\n\t\t\tRead article\t\t<\/a>\n\n\t\t\t\t<\/div>\n\t\t\t\t<div class=\"elementor-post__meta-data\">\n\t\t\t\t\t<span class=\"elementor-post-date\">\n\t\t\t6.&nbsp;6.&nbsp;2025\t\t<\/span>\n\t\t\t\t<\/div>\n\t\t\t\t\t<\/div>\n\t\t<\/article>\n\t\t\t\t<\/div>\n\t\t\n\t\t\t\t<div class=\"e-load-more-anchor\" data-page=\"1\" data-max-page=\"4\" data-next-page=\"https:\/\/www.sagasta.cz\/en\/wp-json\/wp\/v2\/pages\/2143\/page\/2\/\"><\/div>\n\t\t\t\t<nav class=\"elementor-pagination\" aria-label=\"Pagination\">\n\t\t\t<span aria-current=\"page\" class=\"page-numbers current\"><span class=\"elementor-screen-only\">Page<\/span>1<\/span>\n<a class=\"page-numbers\" href=\"https:\/\/www.sagasta.cz\/en\/wp-json\/wp\/v2\/pages\/2143\/page\/2\/\"><span class=\"elementor-screen-only\">Page<\/span>2<\/a>\n<a class=\"page-numbers\" href=\"https:\/\/www.sagasta.cz\/en\/wp-json\/wp\/v2\/pages\/2143\/page\/3\/\"><span class=\"elementor-screen-only\">Page<\/span>3<\/a>\n<a class=\"page-numbers\" href=\"https:\/\/www.sagasta.cz\/en\/wp-json\/wp\/v2\/pages\/2143\/page\/4\/\"><span class=\"elementor-screen-only\">Page<\/span>4<\/a>\t\t<\/nav>\n\t\t\t\t\t\t<\/div>\n\t\t\t\t<\/div>\n\t\t\t\t\t<\/div>\n\t\t\t\t<\/div>\n\t\t\t\t<\/div>\n\t\t","protected":false},"excerpt":{"rendered":"<p>News<\/p>\n","protected":false},"author":1,"featured_media":0,"parent":0,"menu_order":0,"comment_status":"closed","ping_status":"closed","template":"elementor_header_footer","meta":{"footnotes":"","_links_to":"","_links_to_target":""},"class_list":["post-2143","page","type-page","status-publish","hentry"],"_links":{"self":[{"href":"https:\/\/www.sagasta.cz\/en\/wp-json\/wp\/v2\/pages\/2143","targetHints":{"allow":["GET"]}}],"collection":[{"href":"https:\/\/www.sagasta.cz\/en\/wp-json\/wp\/v2\/pages"}],"about":[{"href":"https:\/\/www.sagasta.cz\/en\/wp-json\/wp\/v2\/types\/page"}],"author":[{"embeddable":true,"href":"https:\/\/www.sagasta.cz\/en\/wp-json\/wp\/v2\/users\/1"}],"replies":[{"embeddable":true,"href":"https:\/\/www.sagasta.cz\/en\/wp-json\/wp\/v2\/comments?post=2143"}],"version-history":[{"count":0,"href":"https:\/\/www.sagasta.cz\/en\/wp-json\/wp\/v2\/pages\/2143\/revisions"}],"wp:attachment":[{"href":"https:\/\/www.sagasta.cz\/en\/wp-json\/wp\/v2\/media?parent=2143"}],"curies":[{"name":"wp","href":"https:\/\/api.w.org\/{rel}","templated":true}]}}